{"id":15653,"date":"2025-03-03T11:49:41","date_gmt":"2025-03-03T08:49:41","guid":{"rendered":"https:\/\/ceoparts.com\/?post_type=product&#038;p=15653"},"modified":"2026-05-16T21:02:53","modified_gmt":"2026-05-16T18:02:53","slug":"linde-sensor-7917415546","status":"publish","type":"product","link":"https:\/\/ceoparts.com\/fr\/urun\/linde-sensor-7917415546\/","title":{"rendered":"Capteur Linde &#8211; 7917415546"},"content":{"rendered":"<p>Capteur Linde &#8211; 7917415546<\/p>","protected":false},"excerpt":{"rendered":"<p data-start=\"91\" data-end=\"484\"><strong data-start=\"91\" data-end=\"100\"><br data-start=\"2700\" data-end=\"2703\" \/>Le <strong data-start=\"2706\" data-end=\"2736\">capteur Linde \u2013 7917415546<\/strong> est un \u00e9l\u00e9ment essentiel utilis\u00e9 dans les chariots \u00e9l\u00e9vateurs et machines industrielles pour assurer un <strong data-start=\"2841\" data-end=\"2875\">contr\u00f4le pr\u00e9cis des mouvements<\/strong> et la s\u00e9curit\u00e9 du syst\u00e8me. Con\u00e7u sp\u00e9cialement pour les v\u00e9hicules Linde, il garantit une <strong data-start=\"2964\" data-end=\"2985\">r\u00e9activit\u00e9 rapide<\/strong> et une <strong data-start=\"2993\" data-end=\"3014\">structure robuste<\/strong> pour une utilisation durable et fiable. Il est indispensable pour la d\u00e9tection des pannes et le contr\u00f4le de la vitesse et de la direction.<\/p>\n<p data-start=\"3155\" data-end=\"3436\"><strong data-start=\"3155\" data-end=\"3177\">Caract\u00e9ristiques :<\/strong><br data-start=\"3177\" data-end=\"3180\" \/><strong data-start=\"3180\" data-end=\"3192\">Mod\u00e8le :<\/strong> 7917415546<br data-start=\"3203\" data-end=\"3206\" \/><strong data-start=\"3206\" data-end=\"3223\">Utilisation :<\/strong> Chariots \u00e9l\u00e9vateurs et machines industrielles<br data-start=\"3269\" data-end=\"3272\" \/><strong data-start=\"3272\" data-end=\"3286\">Fonction :<\/strong> Capteur de mouvement et de position<br data-start=\"3322\" data-end=\"3325\" \/><strong data-start=\"3325\" data-end=\"3341\">Durabilit\u00e9 :<\/strong> Haute qualit\u00e9 et longue dur\u00e9e de vie<br data-start=\"3378\" data-end=\"3381\" \/><strong data-start=\"3381\" data-end=\"3395\">Avantage :<\/strong> R\u00e9action rapide et s\u00e9curit\u00e9 du syst\u00e8me<\/p>\n<p data-start=\"3438\" data-end=\"3883\">\n","protected":false},"featured_media":15654,"template":"","meta":[],"product_brand":[],"product_cat":[246,469,523],"product_tag":[],"class_list":{"0":"post-15653","1":"product","2":"type-product","3":"status-publish","4":"has-post-thumbnail","6":"product_cat-linde","7":"product_cat-elektrik-ve-sistem-parcalari","8":"product_cat-yedek-parca-linde","10":"first","11":"instock","12":"taxable","13":"shipping-taxable","14":"purchasable","15":"product-type-simple"},"_links":{"self":[{"href":"https:\/\/ceoparts.com\/fr\/wp-json\/wp\/v2\/product\/15653","targetHints":{"allow":["GET"]}}],"collection":[{"href":"https:\/\/ceoparts.com\/fr\/wp-json\/wp\/v2\/product"}],"about":[{"href":"https:\/\/ceoparts.com\/fr\/wp-json\/wp\/v2\/types\/product"}],"wp:featuredmedia":[{"embeddable":true,"href":"https:\/\/ceoparts.com\/fr\/wp-json\/wp\/v2\/media\/15654"}],"wp:attachment":[{"href":"https:\/\/ceoparts.com\/fr\/wp-json\/wp\/v2\/media?parent=15653"}],"wp:term":[{"taxonomy":"product_brand","embeddable":true,"href":"https:\/\/ceoparts.com\/fr\/wp-json\/wp\/v2\/product_brand?post=15653"},{"taxonomy":"product_cat","embeddable":true,"href":"https:\/\/ceoparts.com\/fr\/wp-json\/wp\/v2\/product_cat?post=15653"},{"taxonomy":"product_tag","embeddable":true,"href":"https:\/\/ceoparts.com\/fr\/wp-json\/wp\/v2\/product_tag?post=15653"}],"curies":[{"name":"wp","href":"https:\/\/api.w.org\/{rel}","templated":true}]}}