{"id":15657,"date":"2025-03-03T11:57:26","date_gmt":"2025-03-03T08:57:26","guid":{"rendered":"https:\/\/ceoparts.com\/?post_type=product&#038;p=15657"},"modified":"2026-05-16T17:22:25","modified_gmt":"2026-05-16T14:22:25","slug":"linde-direnc-7916400996","status":"publish","type":"product","link":"https:\/\/ceoparts.com\/fr\/urun\/linde-direnc-7916400996\/","title":{"rendered":"R\u00e9sistance Linde &#8211; 7916400996"},"content":{"rendered":"<p>R\u00e9sistance Linde &#8211; 7916400996<\/p>","protected":false},"excerpt":{"rendered":"<div>\n<p data-start=\"0\" data-end=\"365\"><br data-start=\"2689\" data-end=\"2692\" \/><strong data-start=\"2692\" data-end=\"2725\">R\u00e9sistance Linde \u2013 7916400996<\/strong><br data-start=\"2725\" data-end=\"2728\" \/>Une r\u00e9sistance de haute qualit\u00e9 utilis\u00e9e dans les chariots \u00e9l\u00e9vateurs et machines industrielles Linde. Elle contr\u00f4le la tension et le courant dans les circuits \u00e9lectriques, am\u00e9liorant la performance et la s\u00e9curit\u00e9 de la machine. Sa construction durable r\u00e9siste aux conditions difficiles et offre une longue dur\u00e9e de vie. Joue un r\u00f4le crucial dans les syst\u00e8mes \u00e9lectriques des chariots \u00e9l\u00e9vateurs.<\/p>\n<p data-start=\"3128\" data-end=\"3152\"><strong data-start=\"3128\" data-end=\"3150\">Caract\u00e9ristiques :<\/strong><\/p>\n<ul data-start=\"3153\" data-end=\"3459\">\n<li data-start=\"3153\" data-end=\"3180\">\n<p data-start=\"3155\" data-end=\"3180\"><strong data-start=\"3155\" data-end=\"3167\">Mod\u00e8le :<\/strong> 7916400996<\/p>\n<\/li>\n<li data-start=\"3181\" data-end=\"3273\">\n<p data-start=\"3183\" data-end=\"3273\"><strong data-start=\"3183\" data-end=\"3200\">Application :<\/strong> Circuits \u00e9lectriques des chariots \u00e9l\u00e9vateurs et machines industrielles<\/p>\n<\/li>\n<li data-start=\"3274\" data-end=\"3334\">\n<p data-start=\"3276\" data-end=\"3334\"><strong data-start=\"3276\" data-end=\"3292\">Durabilit\u00e9 :<\/strong> Haute durabilit\u00e9 et longue dur\u00e9e de vie<\/p>\n<\/li>\n<li data-start=\"3335\" data-end=\"3400\">\n<p data-start=\"3337\" data-end=\"3400\"><strong data-start=\"3337\" data-end=\"3354\">Performance :<\/strong> Contr\u00f4le stable de la tension et du courant<\/p>\n<\/li>\n<li data-start=\"3401\" data-end=\"3459\">\n<p data-start=\"3403\" data-end=\"3459\"><strong data-start=\"3403\" data-end=\"3421\">Installation :<\/strong> Int\u00e9gration et installation faciles<\/p>\n<\/li>\n<\/ul>\n<p data-start=\"3461\" data-end=\"3870\">\n<\/div>\n<div class=\"iwrap\">LINDE E20<\/div>\n<div>T-371<\/div>\n","protected":false},"featured_media":15658,"template":"","meta":[],"product_brand":[],"product_cat":[246,469,523],"product_tag":[],"class_list":{"0":"post-15657","1":"product","2":"type-product","3":"status-publish","4":"has-post-thumbnail","6":"product_cat-linde","7":"product_cat-elektrik-ve-sistem-parcalari","8":"product_cat-yedek-parca-linde","10":"first","11":"instock","12":"taxable","13":"shipping-taxable","14":"purchasable","15":"product-type-simple"},"_links":{"self":[{"href":"https:\/\/ceoparts.com\/fr\/wp-json\/wp\/v2\/product\/15657","targetHints":{"allow":["GET"]}}],"collection":[{"href":"https:\/\/ceoparts.com\/fr\/wp-json\/wp\/v2\/product"}],"about":[{"href":"https:\/\/ceoparts.com\/fr\/wp-json\/wp\/v2\/types\/product"}],"wp:featuredmedia":[{"embeddable":true,"href":"https:\/\/ceoparts.com\/fr\/wp-json\/wp\/v2\/media\/15658"}],"wp:attachment":[{"href":"https:\/\/ceoparts.com\/fr\/wp-json\/wp\/v2\/media?parent=15657"}],"wp:term":[{"taxonomy":"product_brand","embeddable":true,"href":"https:\/\/ceoparts.com\/fr\/wp-json\/wp\/v2\/product_brand?post=15657"},{"taxonomy":"product_cat","embeddable":true,"href":"https:\/\/ceoparts.com\/fr\/wp-json\/wp\/v2\/product_cat?post=15657"},{"taxonomy":"product_tag","embeddable":true,"href":"https:\/\/ceoparts.com\/fr\/wp-json\/wp\/v2\/product_tag?post=15657"}],"curies":[{"name":"wp","href":"https:\/\/api.w.org\/{rel}","templated":true}]}}