{"id":15665,"date":"2025-03-03T13:19:22","date_gmt":"2025-03-03T10:19:22","guid":{"rendered":"https:\/\/ceoparts.com\/?post_type=product&#038;p=15665"},"modified":"2026-05-16T14:34:35","modified_gmt":"2026-05-16T11:34:35","slug":"linde-sensor-7917415875","status":"publish","type":"product","link":"https:\/\/ceoparts.com\/fr\/urun\/linde-sensor-7917415875\/","title":{"rendered":"Capteur Linde &#8211; 7917415875"},"content":{"rendered":"<p>Capteur Linde &#8211; 7917415875<\/p>","protected":false},"excerpt":{"rendered":"<p data-start=\"0\" data-end=\"438\"><br data-start=\"2870\" data-end=\"2873\" \/><strong data-start=\"2873\" data-end=\"2903\">Capteur Linde \u2013 7917415875<\/strong><br data-start=\"2903\" data-end=\"2906\" \/>Capteur haute pr\u00e9cision sp\u00e9cialement con\u00e7u pour les chariots \u00e9l\u00e9vateurs et machines industrielles Linde. Il fournit des donn\u00e9es essentielles pour surveiller et contr\u00f4ler diverses fonctions du v\u00e9hicule. Sa construction durable et fiable lui permet de r\u00e9sister \u00e0 des environnements de travail difficiles. Gr\u00e2ce \u00e0 sa technologie avanc\u00e9e, il offre des mesures pr\u00e9cises, aidant les op\u00e9rateurs \u00e0 utiliser leurs machines de mani\u00e8re plus efficace et s\u00fbre.<\/p>\n<p data-start=\"3357\" data-end=\"3381\"><strong data-start=\"3357\" data-end=\"3379\">Caract\u00e9ristiques :<\/strong><\/p>\n<ul data-start=\"3382\" data-end=\"3677\">\n<li data-start=\"3382\" data-end=\"3409\">\n<p data-start=\"3384\" data-end=\"3409\"><strong data-start=\"3384\" data-end=\"3396\">Mod\u00e8le :<\/strong> 7917415875<\/p>\n<\/li>\n<li data-start=\"3410\" data-end=\"3477\">\n<p data-start=\"3412\" data-end=\"3477\"><strong data-start=\"3412\" data-end=\"3429\">Application :<\/strong> Chariots \u00e9l\u00e9vateurs et machines industrielles<\/p>\n<\/li>\n<li data-start=\"3478\" data-end=\"3545\">\n<p data-start=\"3480\" data-end=\"3545\"><strong data-start=\"3480\" data-end=\"3496\">Durabilit\u00e9 :<\/strong> Adapt\u00e9 aux conditions industrielles difficiles<\/p>\n<\/li>\n<li data-start=\"3546\" data-end=\"3618\">\n<p data-start=\"3548\" data-end=\"3618\"><strong data-start=\"3548\" data-end=\"3565\">Performance :<\/strong> Haute pr\u00e9cision et transmission fiable des donn\u00e9es<\/p>\n<\/li>\n<li data-start=\"3619\" data-end=\"3677\">\n<p data-start=\"3621\" data-end=\"3677\"><strong data-start=\"3621\" data-end=\"3639\">Installation :<\/strong> Installation et int\u00e9gration faciles<\/p>\n<\/li>\n<\/ul>\n<p data-start=\"3679\" data-end=\"4134\">\n","protected":false},"featured_media":15666,"template":"","meta":[],"product_brand":[],"product_cat":[246,469,523],"product_tag":[],"class_list":{"0":"post-15665","1":"product","2":"type-product","3":"status-publish","4":"has-post-thumbnail","6":"product_cat-linde","7":"product_cat-elektrik-ve-sistem-parcalari","8":"product_cat-yedek-parca-linde","10":"first","11":"instock","12":"taxable","13":"shipping-taxable","14":"purchasable","15":"product-type-simple"},"_links":{"self":[{"href":"https:\/\/ceoparts.com\/fr\/wp-json\/wp\/v2\/product\/15665","targetHints":{"allow":["GET"]}}],"collection":[{"href":"https:\/\/ceoparts.com\/fr\/wp-json\/wp\/v2\/product"}],"about":[{"href":"https:\/\/ceoparts.com\/fr\/wp-json\/wp\/v2\/types\/product"}],"wp:featuredmedia":[{"embeddable":true,"href":"https:\/\/ceoparts.com\/fr\/wp-json\/wp\/v2\/media\/15666"}],"wp:attachment":[{"href":"https:\/\/ceoparts.com\/fr\/wp-json\/wp\/v2\/media?parent=15665"}],"wp:term":[{"taxonomy":"product_brand","embeddable":true,"href":"https:\/\/ceoparts.com\/fr\/wp-json\/wp\/v2\/product_brand?post=15665"},{"taxonomy":"product_cat","embeddable":true,"href":"https:\/\/ceoparts.com\/fr\/wp-json\/wp\/v2\/product_cat?post=15665"},{"taxonomy":"product_tag","embeddable":true,"href":"https:\/\/ceoparts.com\/fr\/wp-json\/wp\/v2\/product_tag?post=15665"}],"curies":[{"name":"wp","href":"https:\/\/api.w.org\/{rel}","templated":true}]}}