{"id":15669,"date":"2025-03-03T13:27:38","date_gmt":"2025-03-03T10:27:38","guid":{"rendered":"https:\/\/ceoparts.com\/?post_type=product&#038;p=15669"},"modified":"2026-05-16T15:27:59","modified_gmt":"2026-05-16T12:27:59","slug":"linde-potansiyometre-3003604702","status":"publish","type":"product","link":"https:\/\/ceoparts.com\/fr\/urun\/linde-potansiyometre-3003604702\/","title":{"rendered":"Potentiom\u00e8tre Linde &#8211; 3003604702"},"content":{"rendered":"<p>Potentiom\u00e8tre Linde &#8211; 3003604702<\/p>","protected":false},"excerpt":{"rendered":"<p data-start=\"0\" data-end=\"218\"><br data-start=\"1970\" data-end=\"1973\" \/>Le <strong data-start=\"1976\" data-end=\"1999\">potentiom\u00e8tre Linde<\/strong> est un dispositif de mesure \u00e9lectronique utilis\u00e9 dans les chariots \u00e9l\u00e9vateurs et les machines industrielles pour un contr\u00f4le pr\u00e9cis. Il convertit les commandes de mouvement de l\u2019op\u00e9rateur en signaux \u00e9lectriques, garantissant pr\u00e9cision et performance.<\/p>\n<p data-start=\"2252\" data-end=\"2561\"><strong data-start=\"2252\" data-end=\"2274\">Caract\u00e9ristiques :<\/strong><br data-start=\"2274\" data-end=\"2277\" \/><strong data-start=\"2277\" data-end=\"2298\">R\u00e9f\u00e9rence pi\u00e8ce :<\/strong> 3003604702<br data-start=\"2309\" data-end=\"2312\" \/><strong data-start=\"2312\" data-end=\"2329\">Utilisation :<\/strong> Contr\u00f4le des mouvements dans les chariots \u00e9l\u00e9vateurs et machines industrielles<br data-start=\"2408\" data-end=\"2411\" \/><strong data-start=\"2411\" data-end=\"2425\">Fonction :<\/strong> G\u00e9n\u00e9ration de signaux \u00e9lectriques et mesure pr\u00e9cise<br data-start=\"2481\" data-end=\"2484\" \/><strong data-start=\"2484\" data-end=\"2500\">Durabilit\u00e9 :<\/strong> Longue dur\u00e9e de vie gr\u00e2ce \u00e0 des mat\u00e9riaux de haute qualit\u00e9<\/p>\n<p data-start=\"2563\" data-end=\"2830\">\n","protected":false},"featured_media":15670,"template":"","meta":[],"product_brand":[],"product_cat":[246,469,523],"product_tag":[],"class_list":{"0":"post-15669","1":"product","2":"type-product","3":"status-publish","4":"has-post-thumbnail","6":"product_cat-linde","7":"product_cat-elektrik-ve-sistem-parcalari","8":"product_cat-yedek-parca-linde","10":"first","11":"instock","12":"taxable","13":"shipping-taxable","14":"purchasable","15":"product-type-simple"},"_links":{"self":[{"href":"https:\/\/ceoparts.com\/fr\/wp-json\/wp\/v2\/product\/15669","targetHints":{"allow":["GET"]}}],"collection":[{"href":"https:\/\/ceoparts.com\/fr\/wp-json\/wp\/v2\/product"}],"about":[{"href":"https:\/\/ceoparts.com\/fr\/wp-json\/wp\/v2\/types\/product"}],"wp:featuredmedia":[{"embeddable":true,"href":"https:\/\/ceoparts.com\/fr\/wp-json\/wp\/v2\/media\/15670"}],"wp:attachment":[{"href":"https:\/\/ceoparts.com\/fr\/wp-json\/wp\/v2\/media?parent=15669"}],"wp:term":[{"taxonomy":"product_brand","embeddable":true,"href":"https:\/\/ceoparts.com\/fr\/wp-json\/wp\/v2\/product_brand?post=15669"},{"taxonomy":"product_cat","embeddable":true,"href":"https:\/\/ceoparts.com\/fr\/wp-json\/wp\/v2\/product_cat?post=15669"},{"taxonomy":"product_tag","embeddable":true,"href":"https:\/\/ceoparts.com\/fr\/wp-json\/wp\/v2\/product_tag?post=15669"}],"curies":[{"name":"wp","href":"https:\/\/api.w.org\/{rel}","templated":true}]}}