{"id":15673,"date":"2025-03-03T13:34:32","date_gmt":"2025-03-03T10:34:32","guid":{"rendered":"https:\/\/ceoparts.com\/?post_type=product&#038;p=15673"},"modified":"2026-05-16T17:57:39","modified_gmt":"2026-05-16T14:57:39","slug":"linde-hidrolik-pompa-tamir-takimi-4223209950","status":"publish","type":"product","link":"https:\/\/ceoparts.com\/fr\/urun\/linde-hidrolik-pompa-tamir-takimi-4223209950\/","title":{"rendered":"Kit de r\u00e9paration de pompe hydraulique Linde &#8211; 4223209950"},"content":{"rendered":"<p>Kit de r\u00e9paration de pompe hydraulique Linde &#8211; 4223209950<\/p>\n<p><\/p>","protected":false},"excerpt":{"rendered":"<p data-start=\"0\" data-end=\"209\"><br data-start=\"1969\" data-end=\"1972\" \/>Le <strong data-start=\"1975\" data-end=\"2023\">kit de r\u00e9paration de pompe hydraulique Linde<\/strong> est un ensemble complet utilis\u00e9 pour la maintenance et la r\u00e9paration des pompes hydrauliques dans les chariots \u00e9l\u00e9vateurs et machines industrielles. Il restaure les performances de la pompe et assure une longue dur\u00e9e de vie.<\/p>\n<p data-start=\"2250\" data-end=\"2563\"><strong data-start=\"2250\" data-end=\"2272\">Caract\u00e9ristiques :<\/strong><br data-start=\"2272\" data-end=\"2275\" \/><strong data-start=\"2275\" data-end=\"2296\">R\u00e9f\u00e9rence pi\u00e8ce :<\/strong> 4223209950<br data-start=\"2307\" data-end=\"2310\" \/><strong data-start=\"2310\" data-end=\"2327\">Utilisation :<\/strong> R\u00e9paration de pompes hydrauliques pour chariots \u00e9l\u00e9vateurs et machines industrielles<br data-start=\"2412\" data-end=\"2415\" \/><strong data-start=\"2415\" data-end=\"2429\">Fonction :<\/strong> Maintenance et r\u00e9paration de la pompe hydraulique<br data-start=\"2483\" data-end=\"2486\" \/><strong data-start=\"2486\" data-end=\"2499\">Contenu :<\/strong> Joints, bagues, roulements et autres pi\u00e8ces de r\u00e9paration<\/p>\n<p data-start=\"2565\" data-end=\"2828\">\n","protected":false},"featured_media":15674,"template":"","meta":[],"product_brand":[],"product_cat":[246,461,523],"product_tag":[],"class_list":{"0":"post-15673","1":"product","2":"type-product","3":"status-publish","4":"has-post-thumbnail","6":"product_cat-linde","7":"product_cat-hidrolik-sistemi","8":"product_cat-yedek-parca-linde","10":"first","11":"instock","12":"taxable","13":"shipping-taxable","14":"purchasable","15":"product-type-simple"},"_links":{"self":[{"href":"https:\/\/ceoparts.com\/fr\/wp-json\/wp\/v2\/product\/15673","targetHints":{"allow":["GET"]}}],"collection":[{"href":"https:\/\/ceoparts.com\/fr\/wp-json\/wp\/v2\/product"}],"about":[{"href":"https:\/\/ceoparts.com\/fr\/wp-json\/wp\/v2\/types\/product"}],"wp:featuredmedia":[{"embeddable":true,"href":"https:\/\/ceoparts.com\/fr\/wp-json\/wp\/v2\/media\/15674"}],"wp:attachment":[{"href":"https:\/\/ceoparts.com\/fr\/wp-json\/wp\/v2\/media?parent=15673"}],"wp:term":[{"taxonomy":"product_brand","embeddable":true,"href":"https:\/\/ceoparts.com\/fr\/wp-json\/wp\/v2\/product_brand?post=15673"},{"taxonomy":"product_cat","embeddable":true,"href":"https:\/\/ceoparts.com\/fr\/wp-json\/wp\/v2\/product_cat?post=15673"},{"taxonomy":"product_tag","embeddable":true,"href":"https:\/\/ceoparts.com\/fr\/wp-json\/wp\/v2\/product_tag?post=15673"}],"curies":[{"name":"wp","href":"https:\/\/api.w.org\/{rel}","templated":true}]}}