{"id":15676,"date":"2025-03-03T13:51:12","date_gmt":"2025-03-03T10:51:12","guid":{"rendered":"https:\/\/ceoparts.com\/?post_type=product&#038;p=15676"},"modified":"2026-05-16T17:42:13","modified_gmt":"2026-05-16T14:42:13","slug":"linde-dingil-takozu-0009640122","status":"publish","type":"product","link":"https:\/\/ceoparts.com\/fr\/urun\/linde-dingil-takozu-0009640122\/","title":{"rendered":"Coussin d&#8217;essieu Linde &#8211; 0009640122"},"content":{"rendered":"<p>Coussin d&#8217;essieu Linde &#8211; 0009640122<\/p>\n<p>STILL SERII:<br \/>\nR60<br \/>\n6012, 6013, 6015, 6016, 6022-25, 6026-29, 6036-45, 6046-49, 6321-25, 6327-29<br \/>\nR70<br \/>\n7062-64, 7068-70, 7321-24, 7325-28,<\/p>\n<p>LINDE<br \/>\n325 &#8211; E20\/25\/30, 331 &#8211; H20\/25\/30, 336 &#8211; E20\/25\/30, 336-02 &#8211; E20\/25\/30, 336-03 &#8211; E25\/30<br \/>\n351-01 &#8211; H20\/25\/30, 351-02 &#8211; H20\/25\/30, 351-03 &#8211; H20\/25\/30\/35, 392 &#8211; H20\/25, 393 &#8211; H25\/30\/35<\/p>","protected":false},"excerpt":{"rendered":"<p data-start=\"0\" data-end=\"208\"><br data-start=\"1654\" data-end=\"1657\" \/>Le <strong data-start=\"1660\" data-end=\"1683\">bloc d\u2019essieu Linde<\/strong> est une pi\u00e8ce robuste con\u00e7ue pour s\u00e9curiser et am\u00e9liorer la durabilit\u00e9 de l\u2019essieu des chariots \u00e9l\u00e9vateurs et machines industrielles. Il maintient l\u2019int\u00e9grit\u00e9 structurelle et assure la s\u00e9curit\u00e9 op\u00e9rationnelle.<\/p>\n<p data-start=\"1895\" data-end=\"2122\"><strong data-start=\"1895\" data-end=\"1917\">Caract\u00e9ristiques :<\/strong><br data-start=\"1917\" data-end=\"1920\" \/><strong data-start=\"1920\" data-end=\"1941\">R\u00e9f\u00e9rence pi\u00e8ce :<\/strong> 0009640122<br data-start=\"1952\" data-end=\"1955\" \/><strong data-start=\"1955\" data-end=\"1972\">Utilisation :<\/strong> Chariots \u00e9l\u00e9vateurs et machines industrielles<br data-start=\"2018\" data-end=\"2021\" \/><strong data-start=\"2021\" data-end=\"2035\">Fonction :<\/strong> <strong data-start=\"2036\" data-end=\"2071\">Fixation et support de l\u2019essieu<\/strong><br data-start=\"2071\" data-end=\"2074\" \/><strong data-start=\"2074\" data-end=\"2090\">Durabilit\u00e9 :<\/strong> <strong data-start=\"2091\" data-end=\"2120\">Mat\u00e9riau haute r\u00e9sistance<\/strong><\/p>\n<p data-start=\"2124\" data-end=\"2359\">\n","protected":false},"featured_media":15678,"template":"","meta":[],"product_brand":[],"product_cat":[523,524,241,246,470],"product_tag":[],"class_list":{"0":"post-15676","1":"product","2":"type-product","3":"status-publish","4":"has-post-thumbnail","6":"product_cat-yedek-parca-linde","7":"product_cat-yedek-parca-still","8":"product_cat-still","9":"product_cat-linde","10":"product_cat-diger-yedek-parcalar","12":"first","13":"instock","14":"taxable","15":"shipping-taxable","16":"purchasable","17":"product-type-simple"},"_links":{"self":[{"href":"https:\/\/ceoparts.com\/fr\/wp-json\/wp\/v2\/product\/15676","targetHints":{"allow":["GET"]}}],"collection":[{"href":"https:\/\/ceoparts.com\/fr\/wp-json\/wp\/v2\/product"}],"about":[{"href":"https:\/\/ceoparts.com\/fr\/wp-json\/wp\/v2\/types\/product"}],"wp:featuredmedia":[{"embeddable":true,"href":"https:\/\/ceoparts.com\/fr\/wp-json\/wp\/v2\/media\/15678"}],"wp:attachment":[{"href":"https:\/\/ceoparts.com\/fr\/wp-json\/wp\/v2\/media?parent=15676"}],"wp:term":[{"taxonomy":"product_brand","embeddable":true,"href":"https:\/\/ceoparts.com\/fr\/wp-json\/wp\/v2\/product_brand?post=15676"},{"taxonomy":"product_cat","embeddable":true,"href":"https:\/\/ceoparts.com\/fr\/wp-json\/wp\/v2\/product_cat?post=15676"},{"taxonomy":"product_tag","embeddable":true,"href":"https:\/\/ceoparts.com\/fr\/wp-json\/wp\/v2\/product_tag?post=15676"}],"curies":[{"name":"wp","href":"https:\/\/api.w.org\/{rel}","templated":true}]}}