{"id":15681,"date":"2025-03-03T13:59:04","date_gmt":"2025-03-03T10:59:04","guid":{"rendered":"https:\/\/ceoparts.com\/?post_type=product&#038;p=15681"},"modified":"2026-05-16T18:47:28","modified_gmt":"2026-05-16T15:47:28","slug":"linde-hava-filtresi-0009839001","status":"publish","type":"product","link":"https:\/\/ceoparts.com\/fr\/urun\/linde-hava-filtresi-0009839001\/","title":{"rendered":"Filtre \u00e0 air Linde &#8211; 0009839001"},"content":{"rendered":"<p>Filtre \u00e0 air Linde &#8211; 0009839001<\/p>\n<table dir=\"ltr\" border=\"0\" width=\"261\" cellspacing=\"0\" cellpadding=\"2\">\n<tbody>\n<tr>\n<td height=\"19\">\n<p align=\"left\"><span style=\"font-family: Calibri; font-size: medium;\">linde-393-01-H25-H30-H35-2011<\/span><\/p>\n<\/td>\n<\/tr>\n<tr>\n<td height=\"19\">\n<p align=\"left\"><span style=\"font-family: Calibri; font-size: medium;\">linde-392-01-H20-H25-2011<\/span><\/p>\n<\/td>\n<\/tr>\n<tr>\n<td height=\"19\">\n<p align=\"left\"><span style=\"font-family: Calibri; font-size: medium;\">linde-391-01-H14-H16-H18-H20-2011<\/span><\/p>\n<\/td>\n<\/tr>\n<\/tbody>\n<\/table>","protected":false},"excerpt":{"rendered":"<p data-start=\"0\" data-end=\"211\"><br data-start=\"1776\" data-end=\"1779\" \/>Le <strong data-start=\"1782\" data-end=\"1804\">filtre \u00e0 air Linde<\/strong> est essentiel pour le bon fonctionnement des moteurs de chariots \u00e9l\u00e9vateurs et de machines industrielles. Il bloque les particules nocives comme la poussi\u00e8re et la salet\u00e9, prolongeant la dur\u00e9e de vie du moteur et am\u00e9liorant les performances.<\/p>\n<p data-start=\"2048\" data-end=\"2297\"><strong data-start=\"2048\" data-end=\"2070\">Caract\u00e9ristiques :<\/strong><br data-start=\"2070\" data-end=\"2073\" \/><strong data-start=\"2073\" data-end=\"2094\">R\u00e9f\u00e9rence pi\u00e8ce :<\/strong> 0009839001<br data-start=\"2105\" data-end=\"2108\" \/><strong data-start=\"2108\" data-end=\"2125\">Utilisation :<\/strong> Chariots \u00e9l\u00e9vateurs et machines industrielles<br data-start=\"2171\" data-end=\"2174\" \/><strong data-start=\"2174\" data-end=\"2188\">Fonction :<\/strong> Nettoie l\u2019air du moteur<br data-start=\"2216\" data-end=\"2219\" \/><strong data-start=\"2219\" data-end=\"2235\">Durabilit\u00e9 :<\/strong> Haute capacit\u00e9 de filtration et longue dur\u00e9e de vie<\/p>\n<p data-start=\"2299\" data-end=\"2545\">\n","protected":false},"featured_media":15683,"template":"","meta":[],"product_brand":[],"product_cat":[246,498,523],"product_tag":[],"class_list":{"0":"post-15681","1":"product","2":"type-product","3":"status-publish","4":"has-post-thumbnail","6":"product_cat-linde","7":"product_cat-filtre-cesitleri","8":"product_cat-yedek-parca-linde","10":"first","11":"instock","12":"taxable","13":"shipping-taxable","14":"purchasable","15":"product-type-simple"},"_links":{"self":[{"href":"https:\/\/ceoparts.com\/fr\/wp-json\/wp\/v2\/product\/15681","targetHints":{"allow":["GET"]}}],"collection":[{"href":"https:\/\/ceoparts.com\/fr\/wp-json\/wp\/v2\/product"}],"about":[{"href":"https:\/\/ceoparts.com\/fr\/wp-json\/wp\/v2\/types\/product"}],"wp:featuredmedia":[{"embeddable":true,"href":"https:\/\/ceoparts.com\/fr\/wp-json\/wp\/v2\/media\/15683"}],"wp:attachment":[{"href":"https:\/\/ceoparts.com\/fr\/wp-json\/wp\/v2\/media?parent=15681"}],"wp:term":[{"taxonomy":"product_brand","embeddable":true,"href":"https:\/\/ceoparts.com\/fr\/wp-json\/wp\/v2\/product_brand?post=15681"},{"taxonomy":"product_cat","embeddable":true,"href":"https:\/\/ceoparts.com\/fr\/wp-json\/wp\/v2\/product_cat?post=15681"},{"taxonomy":"product_tag","embeddable":true,"href":"https:\/\/ceoparts.com\/fr\/wp-json\/wp\/v2\/product_tag?post=15681"}],"curies":[{"name":"wp","href":"https:\/\/api.w.org\/{rel}","templated":true}]}}