{"id":15686,"date":"2025-03-03T14:14:26","date_gmt":"2025-03-03T11:14:26","guid":{"rendered":"https:\/\/ceoparts.com\/?post_type=product&#038;p=15686"},"modified":"2026-05-16T19:00:49","modified_gmt":"2026-05-16T16:00:49","slug":"linde-asinma-diski-4225041304","status":"publish","type":"product","link":"https:\/\/ceoparts.com\/fr\/urun\/linde-asinma-diski-4225041304\/","title":{"rendered":"Disque d&#8217;usure Linde &#8211; 4225041304"},"content":{"rendered":"<p>Disque d&#8217;usure Linde &#8211; 4225041304<\/p>\n<p>Chariot \u00e9l\u00e9vateur LINDE Type 346 E18\/20\/20P<br data-start=\"320\" data-end=\"323\" \/>386-25 E14-20 4225041304<\/p>","protected":false},"excerpt":{"rendered":"<p data-start=\"0\" data-end=\"184\"><br data-start=\"1661\" data-end=\"1664\" \/>Le <strong data-start=\"1667\" data-end=\"1691\">disque d&#8217;usure Linde<\/strong> est un composant essentiel des syst\u00e8mes de freinage des chariots \u00e9l\u00e9vateurs et des machines lourdes. Il offre une longue dur\u00e9e de vie gr\u00e2ce \u00e0 sa haute durabilit\u00e9 et r\u00e9sistance \u00e0 l&#8217;usure.<\/p>\n<p data-start=\"1880\" data-end=\"2154\"><strong data-start=\"1880\" data-end=\"1902\">Caract\u00e9ristiques :<\/strong><br data-start=\"1902\" data-end=\"1905\" \/><strong data-start=\"1905\" data-end=\"1926\">R\u00e9f\u00e9rence pi\u00e8ce :<\/strong> 4225041304<br data-start=\"1937\" data-end=\"1940\" \/><strong data-start=\"1940\" data-end=\"1957\">Utilisation :<\/strong> Chariots \u00e9l\u00e9vateurs et machines lourdes<br data-start=\"1997\" data-end=\"2000\" \/><strong data-start=\"2000\" data-end=\"2014\">Fonction :<\/strong> Disque r\u00e9sistant \u00e0 l&#8217;usure dans les syst\u00e8mes de freinage<br data-start=\"2075\" data-end=\"2078\" \/><strong data-start=\"2078\" data-end=\"2094\">Durabilit\u00e9 :<\/strong> Haute r\u00e9sistance \u00e0 l&#8217;usure et longue dur\u00e9e de vie<\/p>\n<p data-start=\"2156\" data-end=\"2341\">\n","protected":false},"featured_media":15687,"template":"","meta":[],"product_brand":[],"product_cat":[246,470,523],"product_tag":[],"class_list":{"0":"post-15686","1":"product","2":"type-product","3":"status-publish","4":"has-post-thumbnail","6":"product_cat-linde","7":"product_cat-diger-yedek-parcalar","8":"product_cat-yedek-parca-linde","10":"first","11":"instock","12":"taxable","13":"shipping-taxable","14":"purchasable","15":"product-type-simple"},"_links":{"self":[{"href":"https:\/\/ceoparts.com\/fr\/wp-json\/wp\/v2\/product\/15686","targetHints":{"allow":["GET"]}}],"collection":[{"href":"https:\/\/ceoparts.com\/fr\/wp-json\/wp\/v2\/product"}],"about":[{"href":"https:\/\/ceoparts.com\/fr\/wp-json\/wp\/v2\/types\/product"}],"wp:featuredmedia":[{"embeddable":true,"href":"https:\/\/ceoparts.com\/fr\/wp-json\/wp\/v2\/media\/15687"}],"wp:attachment":[{"href":"https:\/\/ceoparts.com\/fr\/wp-json\/wp\/v2\/media?parent=15686"}],"wp:term":[{"taxonomy":"product_brand","embeddable":true,"href":"https:\/\/ceoparts.com\/fr\/wp-json\/wp\/v2\/product_brand?post=15686"},{"taxonomy":"product_cat","embeddable":true,"href":"https:\/\/ceoparts.com\/fr\/wp-json\/wp\/v2\/product_cat?post=15686"},{"taxonomy":"product_tag","embeddable":true,"href":"https:\/\/ceoparts.com\/fr\/wp-json\/wp\/v2\/product_tag?post=15686"}],"curies":[{"name":"wp","href":"https:\/\/api.w.org\/{rel}","templated":true}]}}