{"id":15689,"date":"2025-03-03T14:35:30","date_gmt":"2025-03-03T11:35:30","guid":{"rendered":"https:\/\/ceoparts.com\/?post_type=product&#038;p=15689"},"modified":"2026-05-16T22:11:56","modified_gmt":"2026-05-16T19:11:56","slug":"linde-fren-yay-saci-1834462237","status":"publish","type":"product","link":"https:\/\/ceoparts.com\/fr\/urun\/linde-fren-yay-saci-1834462237\/","title":{"rendered":"Plaque de ressort de frein Linde &#8211; 1834462237"},"content":{"rendered":"<p>Plaque de ressort de frein Linde &#8211; 1834462237<\/p>","protected":false},"excerpt":{"rendered":"<p data-start=\"0\" data-end=\"187\"><br data-start=\"1756\" data-end=\"1759\" \/>La <strong data-start=\"1762\" data-end=\"1798\">plaque de ressort de frein Linde<\/strong> est une plaque de ressort durable et de haute qualit\u00e9 utilis\u00e9e dans les chariots \u00e9l\u00e9vateurs et les machines lourdes. Elle assure le bon fonctionnement du syst\u00e8me de freinage et am\u00e9liore la s\u00e9curit\u00e9.<\/p>\n<p data-start=\"1999\" data-end=\"2269\"><strong data-start=\"1999\" data-end=\"2021\">Caract\u00e9ristiques :<\/strong><br data-start=\"2021\" data-end=\"2024\" \/><strong data-start=\"2024\" data-end=\"2045\">R\u00e9f\u00e9rence pi\u00e8ce :<\/strong> 1834462237<br data-start=\"2056\" data-end=\"2059\" \/><strong data-start=\"2059\" data-end=\"2076\">Utilisation :<\/strong> Chariots \u00e9l\u00e9vateurs et machines lourdes<br data-start=\"2116\" data-end=\"2119\" \/><strong data-start=\"2119\" data-end=\"2133\">Fonction :<\/strong> Plaque de ressort de frein, support du syst\u00e8me de freinage<br data-start=\"2200\" data-end=\"2203\" \/><strong data-start=\"2203\" data-end=\"2219\">Durabilit\u00e9 :<\/strong> Haute durabilit\u00e9 et longue dur\u00e9e de vie<\/p>\n<p data-start=\"2271\" data-end=\"2496\">\n","protected":false},"featured_media":15690,"template":"","meta":[],"product_brand":[],"product_cat":[246,470,523],"product_tag":[],"class_list":{"0":"post-15689","1":"product","2":"type-product","3":"status-publish","4":"has-post-thumbnail","6":"product_cat-linde","7":"product_cat-diger-yedek-parcalar","8":"product_cat-yedek-parca-linde","10":"first","11":"instock","12":"taxable","13":"shipping-taxable","14":"purchasable","15":"product-type-simple"},"_links":{"self":[{"href":"https:\/\/ceoparts.com\/fr\/wp-json\/wp\/v2\/product\/15689","targetHints":{"allow":["GET"]}}],"collection":[{"href":"https:\/\/ceoparts.com\/fr\/wp-json\/wp\/v2\/product"}],"about":[{"href":"https:\/\/ceoparts.com\/fr\/wp-json\/wp\/v2\/types\/product"}],"wp:featuredmedia":[{"embeddable":true,"href":"https:\/\/ceoparts.com\/fr\/wp-json\/wp\/v2\/media\/15690"}],"wp:attachment":[{"href":"https:\/\/ceoparts.com\/fr\/wp-json\/wp\/v2\/media?parent=15689"}],"wp:term":[{"taxonomy":"product_brand","embeddable":true,"href":"https:\/\/ceoparts.com\/fr\/wp-json\/wp\/v2\/product_brand?post=15689"},{"taxonomy":"product_cat","embeddable":true,"href":"https:\/\/ceoparts.com\/fr\/wp-json\/wp\/v2\/product_cat?post=15689"},{"taxonomy":"product_tag","embeddable":true,"href":"https:\/\/ceoparts.com\/fr\/wp-json\/wp\/v2\/product_tag?post=15689"}],"curies":[{"name":"wp","href":"https:\/\/api.w.org\/{rel}","templated":true}]}}