{"id":15693,"date":"2025-03-03T14:54:03","date_gmt":"2025-03-03T11:54:03","guid":{"rendered":"https:\/\/ceoparts.com\/?post_type=product&#038;p=15693"},"modified":"2026-05-16T22:32:09","modified_gmt":"2026-05-16T19:32:09","slug":"linde-yakit-filtresi-0009831722","status":"publish","type":"product","link":"https:\/\/ceoparts.com\/fr\/urun\/linde-yakit-filtresi-0009831722\/","title":{"rendered":"Filtre \u00e0 carburant Linde &#8211; 0009831722"},"content":{"rendered":"<p>Filtre \u00e0 carburant Linde &#8211; 0009831722<\/p>","protected":false},"excerpt":{"rendered":"<p data-start=\"0\" data-end=\"206\"><br data-start=\"1757\" data-end=\"1760\" \/>Le <strong data-start=\"1763\" data-end=\"1791\">filtre \u00e0 carburant Linde<\/strong> est un filtre de haute qualit\u00e9 utilis\u00e9 dans les chariots \u00e9l\u00e9vateurs et les machines lourdes. Il assure un approvisionnement en carburant propre au moteur, am\u00e9liorant les performances et prolongeant la dur\u00e9e de vie du moteur.<\/p>\n<p data-start=\"2018\" data-end=\"2275\"><strong data-start=\"2018\" data-end=\"2040\">Caract\u00e9ristiques :<\/strong><br data-start=\"2040\" data-end=\"2043\" \/><strong data-start=\"2043\" data-end=\"2064\">R\u00e9f\u00e9rence pi\u00e8ce :<\/strong> 0009831722<br data-start=\"2075\" data-end=\"2078\" \/><strong data-start=\"2078\" data-end=\"2095\">Utilisation :<\/strong> Chariots \u00e9l\u00e9vateurs et machines lourdes<br data-start=\"2135\" data-end=\"2138\" \/><strong data-start=\"2138\" data-end=\"2152\">Fonction :<\/strong> Filtration du carburant, protection du moteur<br data-start=\"2206\" data-end=\"2209\" \/><strong data-start=\"2209\" data-end=\"2225\">Durabilit\u00e9 :<\/strong> Longue dur\u00e9e de vie et haute efficacit\u00e9<\/p>\n<p data-start=\"2277\" data-end=\"2516\">\n","protected":false},"featured_media":15696,"template":"","meta":[],"product_brand":[],"product_cat":[246,498,523],"product_tag":[],"class_list":{"0":"post-15693","1":"product","2":"type-product","3":"status-publish","4":"has-post-thumbnail","6":"product_cat-linde","7":"product_cat-filtre-cesitleri","8":"product_cat-yedek-parca-linde","10":"first","11":"instock","12":"taxable","13":"shipping-taxable","14":"purchasable","15":"product-type-simple"},"_links":{"self":[{"href":"https:\/\/ceoparts.com\/fr\/wp-json\/wp\/v2\/product\/15693","targetHints":{"allow":["GET"]}}],"collection":[{"href":"https:\/\/ceoparts.com\/fr\/wp-json\/wp\/v2\/product"}],"about":[{"href":"https:\/\/ceoparts.com\/fr\/wp-json\/wp\/v2\/types\/product"}],"wp:featuredmedia":[{"embeddable":true,"href":"https:\/\/ceoparts.com\/fr\/wp-json\/wp\/v2\/media\/15696"}],"wp:attachment":[{"href":"https:\/\/ceoparts.com\/fr\/wp-json\/wp\/v2\/media?parent=15693"}],"wp:term":[{"taxonomy":"product_brand","embeddable":true,"href":"https:\/\/ceoparts.com\/fr\/wp-json\/wp\/v2\/product_brand?post=15693"},{"taxonomy":"product_cat","embeddable":true,"href":"https:\/\/ceoparts.com\/fr\/wp-json\/wp\/v2\/product_cat?post=15693"},{"taxonomy":"product_tag","embeddable":true,"href":"https:\/\/ceoparts.com\/fr\/wp-json\/wp\/v2\/product_tag?post=15693"}],"curies":[{"name":"wp","href":"https:\/\/api.w.org\/{rel}","templated":true}]}}