{"id":15697,"date":"2025-03-03T15:04:19","date_gmt":"2025-03-03T12:04:19","guid":{"rendered":"https:\/\/ceoparts.com\/?post_type=product&#038;p=15697"},"modified":"2026-05-16T21:25:26","modified_gmt":"2026-05-16T18:25:26","slug":"linde-boru-aksami-1844401441","status":"publish","type":"product","link":"https:\/\/ceoparts.com\/fr\/urun\/linde-boru-aksami-1844401441\/","title":{"rendered":"Ensemble de tuyaux Linde &#8211; 1844401441"},"content":{"rendered":"<p>Ensemble de tuyaux Linde &#8211; 1844401441<\/p>","protected":false},"excerpt":{"rendered":"<p data-start=\"0\" data-end=\"187\"><br data-start=\"1494\" data-end=\"1497\" \/>Le <strong data-start=\"1500\" data-end=\"1528\">ensemble de tuyaux Linde<\/strong> est un syst\u00e8me de tuyaux durable et de haute qualit\u00e9 utilis\u00e9 dans les chariots \u00e9l\u00e9vateurs et les machines lourdes. Il assure le bon fonctionnement des syst\u00e8mes hydrauliques et autres fluides.<\/p>\n<p data-start=\"1722\" data-end=\"1918\"><strong data-start=\"1722\" data-end=\"1744\">Caract\u00e9ristiques :<\/strong><br data-start=\"1744\" data-end=\"1747\" \/><strong data-start=\"1747\" data-end=\"1768\">R\u00e9f\u00e9rence pi\u00e8ce :<\/strong> 1844401441<br data-start=\"1779\" data-end=\"1782\" \/><strong data-start=\"1782\" data-end=\"1799\">Utilisation :<\/strong> Chariots \u00e9l\u00e9vateurs et machines lourdes<br data-start=\"1839\" data-end=\"1842\" \/><strong data-start=\"1842\" data-end=\"1858\">Durabilit\u00e9 :<\/strong> R\u00e9sistant \u00e0 haute pression et longue dur\u00e9e de vie<\/p>\n<p data-start=\"1920\" data-end=\"2133\">\n","protected":false},"featured_media":15698,"template":"","meta":[],"product_brand":[],"product_cat":[246,470,523],"product_tag":[],"class_list":{"0":"post-15697","1":"product","2":"type-product","3":"status-publish","4":"has-post-thumbnail","6":"product_cat-linde","7":"product_cat-diger-yedek-parcalar","8":"product_cat-yedek-parca-linde","10":"first","11":"instock","12":"taxable","13":"shipping-taxable","14":"purchasable","15":"product-type-simple"},"_links":{"self":[{"href":"https:\/\/ceoparts.com\/fr\/wp-json\/wp\/v2\/product\/15697","targetHints":{"allow":["GET"]}}],"collection":[{"href":"https:\/\/ceoparts.com\/fr\/wp-json\/wp\/v2\/product"}],"about":[{"href":"https:\/\/ceoparts.com\/fr\/wp-json\/wp\/v2\/types\/product"}],"wp:featuredmedia":[{"embeddable":true,"href":"https:\/\/ceoparts.com\/fr\/wp-json\/wp\/v2\/media\/15698"}],"wp:attachment":[{"href":"https:\/\/ceoparts.com\/fr\/wp-json\/wp\/v2\/media?parent=15697"}],"wp:term":[{"taxonomy":"product_brand","embeddable":true,"href":"https:\/\/ceoparts.com\/fr\/wp-json\/wp\/v2\/product_brand?post=15697"},{"taxonomy":"product_cat","embeddable":true,"href":"https:\/\/ceoparts.com\/fr\/wp-json\/wp\/v2\/product_cat?post=15697"},{"taxonomy":"product_tag","embeddable":true,"href":"https:\/\/ceoparts.com\/fr\/wp-json\/wp\/v2\/product_tag?post=15697"}],"curies":[{"name":"wp","href":"https:\/\/api.w.org\/{rel}","templated":true}]}}