{"id":15701,"date":"2025-03-03T15:13:31","date_gmt":"2025-03-03T12:13:31","guid":{"rendered":"https:\/\/ceoparts.com\/?post_type=product&#038;p=15701"},"modified":"2026-05-16T23:42:19","modified_gmt":"2026-05-16T20:42:19","slug":"linde-hidrolik-yag-filtresi-0009831644","status":"publish","type":"product","link":"https:\/\/ceoparts.com\/fr\/urun\/linde-hidrolik-yag-filtresi-0009831644\/","title":{"rendered":"Filtre \u00e0 huile hydraulique Linde &#8211; 0009831644"},"content":{"rendered":"<p>Filtre \u00e0 huile hydraulique Linde &#8211; 0009831644<\/p>\n<p>Type : Cartouche<br data-start=\"500\" data-end=\"503\" \/>Application : FILTRE \u00c0 HUILE<br data-start=\"531\" data-end=\"534\" \/>Diam\u00e8tre D1 (mm) : 25,5<br data-start=\"557\" data-end=\"560\" \/>Diam\u00e8tre D2 (mm) : 56,2<br data-start=\"583\" data-end=\"586\" \/>Hauteur H1 (mm) : 209<br data-start=\"607\" data-end=\"610\" \/>Hauteur H2 (mm) : 209<\/p>\n<p>&nbsp;<\/p>\n<table border=\"0\" width=\"236\" cellspacing=\"0\" cellpadding=\"0\">\n<colgroup>\n<col width=\"84\" \/>\n<col width=\"152\" \/><\/colgroup>\n<tbody>\n<tr>\n<td width=\"84\" height=\"20\">391-01<\/td>\n<td width=\"152\">H14\/16\/18\/20<\/td>\n<\/tr>\n<tr>\n<td height=\"20\">392-02<\/td>\n<td>H20\/25 &#8211; 02<\/td>\n<\/tr>\n<tr>\n<td height=\"20\">392-01<\/td>\n<td>H20\/25<\/td>\n<\/tr>\n<tr>\n<td height=\"20\">393-02<\/td>\n<td>H25\/30\/35 &#8211; 02<\/td>\n<\/tr>\n<tr>\n<td height=\"20\">393-01<\/td>\n<td>H25\/30\/35<\/td>\n<\/tr>\n<tr>\n<td height=\"20\">394-02<\/td>\n<td>H40\/45\/50 &#8211; 02<\/td>\n<\/tr>\n<tr>\n<td height=\"20\">394-01<\/td>\n<td><span style=\"font-size: medium;\">H40\/45\/50<\/span><\/td>\n<\/tr>\n<\/tbody>\n<\/table>\n<p><\/p>","protected":false},"excerpt":{"rendered":"<p data-start=\"0\" data-end=\"214\"><br data-start=\"1522\" data-end=\"1525\" \/>Le <strong data-start=\"1528\" data-end=\"1564\">filtre \u00e0 huile hydraulique Linde<\/strong> est un filtre de haute qualit\u00e9 utilis\u00e9 dans les chariots \u00e9l\u00e9vateurs et les machines lourdes. Il maintient l&#8217;huile hydraulique propre, am\u00e9liorant ainsi les performances et la dur\u00e9e de vie de la machine.<\/p>\n<p data-start=\"1768\" data-end=\"1964\"><strong data-start=\"1768\" data-end=\"1790\">Caract\u00e9ristiques :<\/strong><br data-start=\"1790\" data-end=\"1793\" \/><strong data-start=\"1793\" data-end=\"1814\">R\u00e9f\u00e9rence pi\u00e8ce :<\/strong> 0009831644<br data-start=\"1825\" data-end=\"1828\" \/><strong data-start=\"1828\" data-end=\"1845\">Utilisation :<\/strong> Chariots \u00e9l\u00e9vateurs et machines lourdes<br data-start=\"1885\" data-end=\"1888\" \/><strong data-start=\"1888\" data-end=\"1902\">Avantage :<\/strong> Haute capacit\u00e9 de filtration et longue dur\u00e9e de vie<\/p>\n<p data-start=\"1966\" data-end=\"2177\">\n","protected":false},"featured_media":15703,"template":"","meta":[],"product_brand":[],"product_cat":[246,498,523],"product_tag":[],"class_list":{"0":"post-15701","1":"product","2":"type-product","3":"status-publish","4":"has-post-thumbnail","6":"product_cat-linde","7":"product_cat-filtre-cesitleri","8":"product_cat-yedek-parca-linde","10":"first","11":"instock","12":"taxable","13":"shipping-taxable","14":"purchasable","15":"product-type-simple"},"_links":{"self":[{"href":"https:\/\/ceoparts.com\/fr\/wp-json\/wp\/v2\/product\/15701","targetHints":{"allow":["GET"]}}],"collection":[{"href":"https:\/\/ceoparts.com\/fr\/wp-json\/wp\/v2\/product"}],"about":[{"href":"https:\/\/ceoparts.com\/fr\/wp-json\/wp\/v2\/types\/product"}],"wp:featuredmedia":[{"embeddable":true,"href":"https:\/\/ceoparts.com\/fr\/wp-json\/wp\/v2\/media\/15703"}],"wp:attachment":[{"href":"https:\/\/ceoparts.com\/fr\/wp-json\/wp\/v2\/media?parent=15701"}],"wp:term":[{"taxonomy":"product_brand","embeddable":true,"href":"https:\/\/ceoparts.com\/fr\/wp-json\/wp\/v2\/product_brand?post=15701"},{"taxonomy":"product_cat","embeddable":true,"href":"https:\/\/ceoparts.com\/fr\/wp-json\/wp\/v2\/product_cat?post=15701"},{"taxonomy":"product_tag","embeddable":true,"href":"https:\/\/ceoparts.com\/fr\/wp-json\/wp\/v2\/product_tag?post=15701"}],"curies":[{"name":"wp","href":"https:\/\/api.w.org\/{rel}","templated":true}]}}