{"id":15706,"date":"2025-03-03T15:45:54","date_gmt":"2025-03-03T12:45:54","guid":{"rendered":"https:\/\/ceoparts.com\/?post_type=product&#038;p=15706"},"modified":"2026-05-16T21:25:24","modified_gmt":"2026-05-16T18:25:24","slug":"linde-boru-aksami-1844401442","status":"publish","type":"product","link":"https:\/\/ceoparts.com\/fr\/urun\/linde-boru-aksami-1844401442\/","title":{"rendered":"Ensemble de tuyaux Linde &#8211; 1844401442"},"content":{"rendered":"<p>Ensemble de tuyaux Linde &#8211; 1844401442<\/p>","protected":false},"excerpt":{"rendered":"<p data-start=\"0\" data-end=\"214\"><br data-start=\"1569\" data-end=\"1572\" \/>L&#8217;<strong data-start=\"1574\" data-end=\"1602\">ensemble de tuyaux Linde<\/strong> se compose de raccords de tuyaux durables et de haute qualit\u00e9 utilis\u00e9s dans les chariots \u00e9l\u00e9vateurs et les machines lourdes. Il assure fiabilit\u00e9 et longue dur\u00e9e de vie dans les syst\u00e8mes hydrauliques et autres syst\u00e8mes fluides.<\/p>\n<p data-start=\"1831\" data-end=\"2014\"><strong data-start=\"1831\" data-end=\"1853\">Caract\u00e9ristiques :<\/strong><br data-start=\"1853\" data-end=\"1856\" \/><strong data-start=\"1856\" data-end=\"1877\">R\u00e9f\u00e9rence pi\u00e8ce :<\/strong> 1844401442<br data-start=\"1888\" data-end=\"1891\" \/><strong data-start=\"1891\" data-end=\"1908\">Utilisation :<\/strong> Chariots \u00e9l\u00e9vateurs et machines lourdes<br data-start=\"1948\" data-end=\"1951\" \/><strong data-start=\"1951\" data-end=\"1965\">Avantage :<\/strong> Haute durabilit\u00e9 et connexions fiables<\/p>\n<p data-start=\"2016\" data-end=\"2249\">\n","protected":false},"featured_media":15708,"template":"","meta":[],"product_brand":[],"product_cat":[246,470,523],"product_tag":[],"class_list":{"0":"post-15706","1":"product","2":"type-product","3":"status-publish","4":"has-post-thumbnail","6":"product_cat-linde","7":"product_cat-diger-yedek-parcalar","8":"product_cat-yedek-parca-linde","10":"first","11":"instock","12":"taxable","13":"shipping-taxable","14":"purchasable","15":"product-type-simple"},"_links":{"self":[{"href":"https:\/\/ceoparts.com\/fr\/wp-json\/wp\/v2\/product\/15706","targetHints":{"allow":["GET"]}}],"collection":[{"href":"https:\/\/ceoparts.com\/fr\/wp-json\/wp\/v2\/product"}],"about":[{"href":"https:\/\/ceoparts.com\/fr\/wp-json\/wp\/v2\/types\/product"}],"wp:featuredmedia":[{"embeddable":true,"href":"https:\/\/ceoparts.com\/fr\/wp-json\/wp\/v2\/media\/15708"}],"wp:attachment":[{"href":"https:\/\/ceoparts.com\/fr\/wp-json\/wp\/v2\/media?parent=15706"}],"wp:term":[{"taxonomy":"product_brand","embeddable":true,"href":"https:\/\/ceoparts.com\/fr\/wp-json\/wp\/v2\/product_brand?post=15706"},{"taxonomy":"product_cat","embeddable":true,"href":"https:\/\/ceoparts.com\/fr\/wp-json\/wp\/v2\/product_cat?post=15706"},{"taxonomy":"product_tag","embeddable":true,"href":"https:\/\/ceoparts.com\/fr\/wp-json\/wp\/v2\/product_tag?post=15706"}],"curies":[{"name":"wp","href":"https:\/\/api.w.org\/{rel}","templated":true}]}}