{"id":15710,"date":"2025-03-03T16:02:03","date_gmt":"2025-03-03T13:02:03","guid":{"rendered":"https:\/\/ceoparts.com\/?post_type=product&#038;p=15710"},"modified":"2026-05-16T22:38:41","modified_gmt":"2026-05-16T19:38:41","slug":"linde-hidrolik-filtre-0009831710","status":"publish","type":"product","link":"https:\/\/ceoparts.com\/fr\/urun\/linde-hidrolik-filtre-0009831710\/","title":{"rendered":"Filtre hydraulique Linde &#8211; 0009831710"},"content":{"rendered":"<p>Filtre hydraulique Linde &#8211; 0009831710<\/p>\n<p>Linde<\/p>\n<p>&nbsp;<\/p>\n<table dir=\"ltr\" border=\"0\" width=\"298\" cellspacing=\"0\" cellpadding=\"2\">\n<tbody>\n<tr>\n<td height=\"19\">\n<p align=\"left\">linde-346-E18-E20-E20P-2011<\/p>\n<\/td>\n<\/tr>\n<tr>\n<td height=\"19\">\n<p align=\"left\">linde-386-E12-E14-E15-E16-E18-E20-2011<\/p>\n<\/td>\n<\/tr>\n<tr>\n<td height=\"19\">\n<p align=\"left\">linde-1313-01-H25-H27-H30-H32<\/p>\n<\/td>\n<\/tr>\n<\/tbody>\n<\/table>","protected":false},"excerpt":{"rendered":"<p data-start=\"0\" data-end=\"252\"><br data-start=\"1777\" data-end=\"1780\" \/>Le <strong data-start=\"1783\" data-end=\"1811\">filtre hydraulique Linde<\/strong> est un filtre durable con\u00e7u pour les chariots \u00e9l\u00e9vateurs et les machines lourdes, assurant un fonctionnement propre et efficace du syst\u00e8me hydraulique. Il retient efficacement la salet\u00e9 et les particules, prolongeant la dur\u00e9e de vie des composants hydrauliques.<\/p>\n<p data-start=\"2075\" data-end=\"2269\"><strong data-start=\"2075\" data-end=\"2097\">Caract\u00e9ristiques :<\/strong><br data-start=\"2097\" data-end=\"2100\" \/><strong data-start=\"2100\" data-end=\"2121\">R\u00e9f\u00e9rence pi\u00e8ce :<\/strong> 0009831710<br data-start=\"2132\" data-end=\"2135\" \/><strong data-start=\"2135\" data-end=\"2152\">Utilisation :<\/strong> Chariots \u00e9l\u00e9vateurs et machines lourdes<br data-start=\"2192\" data-end=\"2195\" \/><strong data-start=\"2195\" data-end=\"2209\">Avantage :<\/strong> Haute performance de filtration et design durable<\/p>\n<p data-start=\"2271\" data-end=\"2552\">\n","protected":false},"featured_media":15712,"template":"","meta":[],"product_brand":[],"product_cat":[246,498,523],"product_tag":[],"class_list":{"0":"post-15710","1":"product","2":"type-product","3":"status-publish","4":"has-post-thumbnail","6":"product_cat-linde","7":"product_cat-filtre-cesitleri","8":"product_cat-yedek-parca-linde","10":"first","11":"instock","12":"taxable","13":"shipping-taxable","14":"purchasable","15":"product-type-simple"},"_links":{"self":[{"href":"https:\/\/ceoparts.com\/fr\/wp-json\/wp\/v2\/product\/15710","targetHints":{"allow":["GET"]}}],"collection":[{"href":"https:\/\/ceoparts.com\/fr\/wp-json\/wp\/v2\/product"}],"about":[{"href":"https:\/\/ceoparts.com\/fr\/wp-json\/wp\/v2\/types\/product"}],"wp:featuredmedia":[{"embeddable":true,"href":"https:\/\/ceoparts.com\/fr\/wp-json\/wp\/v2\/media\/15712"}],"wp:attachment":[{"href":"https:\/\/ceoparts.com\/fr\/wp-json\/wp\/v2\/media?parent=15710"}],"wp:term":[{"taxonomy":"product_brand","embeddable":true,"href":"https:\/\/ceoparts.com\/fr\/wp-json\/wp\/v2\/product_brand?post=15710"},{"taxonomy":"product_cat","embeddable":true,"href":"https:\/\/ceoparts.com\/fr\/wp-json\/wp\/v2\/product_cat?post=15710"},{"taxonomy":"product_tag","embeddable":true,"href":"https:\/\/ceoparts.com\/fr\/wp-json\/wp\/v2\/product_tag?post=15710"}],"curies":[{"name":"wp","href":"https:\/\/api.w.org\/{rel}","templated":true}]}}