{"id":15715,"date":"2025-03-03T16:09:50","date_gmt":"2025-03-03T13:09:50","guid":{"rendered":"https:\/\/ceoparts.com\/?post_type=product&#038;p=15715"},"modified":"2026-05-16T21:25:26","modified_gmt":"2026-05-16T18:25:26","slug":"linde-baglanti-direksiyon-silindiri-3014501302-147182","status":"publish","type":"product","link":"https:\/\/ceoparts.com\/fr\/urun\/linde-baglanti-direksiyon-silindiri-3014501302-147182\/","title":{"rendered":"Connexion du cylindre de direction Linde &#8211; 3014501302, 147182"},"content":{"rendered":"<p>Connexion du cylindre de direction Linde &#8211; 3014501302, 147182<\/p>\n<p><\/p>","protected":false},"excerpt":{"rendered":"<p data-start=\"0\" data-end=\"208\"><br data-start=\"1529\" data-end=\"1532\" \/>Le <strong data-start=\"1535\" data-end=\"1574\">liaison cylindre de direction Linde<\/strong> est une pi\u00e8ce de haute qualit\u00e9 et durable con\u00e7ue pour les chariots \u00e9l\u00e9vateurs et les machines lourdes. Il am\u00e9liore la pr\u00e9cision de la direction et assure une conduite s\u00e9curis\u00e9e.<\/p>\n<p data-start=\"1754\" data-end=\"1953\"><strong data-start=\"1754\" data-end=\"1776\">Caract\u00e9ristiques :<\/strong><br data-start=\"1776\" data-end=\"1779\" \/><strong data-start=\"1779\" data-end=\"1802\">R\u00e9f\u00e9rences pi\u00e8ces :<\/strong> 3014501302, 147182<br data-start=\"1821\" data-end=\"1824\" \/><strong data-start=\"1824\" data-end=\"1841\">Utilisation :<\/strong> Chariots \u00e9l\u00e9vateurs et machines lourdes<br data-start=\"1881\" data-end=\"1884\" \/><strong data-start=\"1884\" data-end=\"1898\">Avantage :<\/strong> Haute durabilit\u00e9 et excellente compatibilit\u00e9<\/p>\n<p data-start=\"1955\" data-end=\"2175\">\n","protected":false},"featured_media":15717,"template":"","meta":[],"product_brand":[],"product_cat":[241,246,470,523,524],"product_tag":[],"class_list":{"0":"post-15715","1":"product","2":"type-product","3":"status-publish","4":"has-post-thumbnail","6":"product_cat-still","7":"product_cat-linde","8":"product_cat-diger-yedek-parcalar","9":"product_cat-yedek-parca-linde","10":"product_cat-yedek-parca-still","12":"first","13":"instock","14":"taxable","15":"shipping-taxable","16":"purchasable","17":"product-type-simple"},"_links":{"self":[{"href":"https:\/\/ceoparts.com\/fr\/wp-json\/wp\/v2\/product\/15715","targetHints":{"allow":["GET"]}}],"collection":[{"href":"https:\/\/ceoparts.com\/fr\/wp-json\/wp\/v2\/product"}],"about":[{"href":"https:\/\/ceoparts.com\/fr\/wp-json\/wp\/v2\/types\/product"}],"wp:featuredmedia":[{"embeddable":true,"href":"https:\/\/ceoparts.com\/fr\/wp-json\/wp\/v2\/media\/15717"}],"wp:attachment":[{"href":"https:\/\/ceoparts.com\/fr\/wp-json\/wp\/v2\/media?parent=15715"}],"wp:term":[{"taxonomy":"product_brand","embeddable":true,"href":"https:\/\/ceoparts.com\/fr\/wp-json\/wp\/v2\/product_brand?post=15715"},{"taxonomy":"product_cat","embeddable":true,"href":"https:\/\/ceoparts.com\/fr\/wp-json\/wp\/v2\/product_cat?post=15715"},{"taxonomy":"product_tag","embeddable":true,"href":"https:\/\/ceoparts.com\/fr\/wp-json\/wp\/v2\/product_tag?post=15715"}],"curies":[{"name":"wp","href":"https:\/\/api.w.org\/{rel}","templated":true}]}}