{"id":15719,"date":"2025-03-03T16:23:15","date_gmt":"2025-03-03T13:23:15","guid":{"rendered":"https:\/\/ceoparts.com\/?post_type=product&#038;p=15719"},"modified":"2026-05-16T22:26:15","modified_gmt":"2026-05-16T19:26:15","slug":"linde-kol-montaji-3935201100","status":"publish","type":"product","link":"https:\/\/ceoparts.com\/fr\/urun\/linde-kol-montaji-3935201100\/","title":{"rendered":"Support de bras Linde &#8211; 3935201100"},"content":{"rendered":"<p>Support de bras Linde &#8211; 3935201100<\/p>\n<p><\/p>","protected":false},"excerpt":{"rendered":"<p data-start=\"0\" data-end=\"200\"><br data-start=\"1484\" data-end=\"1487\" \/>Le <strong data-start=\"1490\" data-end=\"1515\">montage de bras Linde<\/strong> est une pi\u00e8ce de montage durable et pr\u00e9cise sp\u00e9cialement con\u00e7ue pour les chariots \u00e9l\u00e9vateurs et les machines lourdes. Il facilite le contr\u00f4le de l&#8217;op\u00e9rateur et am\u00e9liore les performances de la machine.<\/p>\n<p data-start=\"1718\" data-end=\"1901\"><strong data-start=\"1718\" data-end=\"1740\">Caract\u00e9ristiques :<\/strong><br data-start=\"1740\" data-end=\"1743\" \/><strong data-start=\"1743\" data-end=\"1758\">R\u00e9f\u00e9rence :<\/strong> 3935201100<br data-start=\"1769\" data-end=\"1772\" \/><strong data-start=\"1772\" data-end=\"1789\">Utilisation :<\/strong> Chariots \u00e9l\u00e9vateurs et machines lourdes<br data-start=\"1829\" data-end=\"1832\" \/><strong data-start=\"1832\" data-end=\"1846\">Avantage :<\/strong> Construction durable et grande compatibilit\u00e9<\/p>\n<p data-start=\"1903\" data-end=\"2138\">\n","protected":false},"featured_media":15720,"template":"","meta":[],"product_brand":[],"product_cat":[246,470,523],"product_tag":[],"class_list":{"0":"post-15719","1":"product","2":"type-product","3":"status-publish","4":"has-post-thumbnail","6":"product_cat-linde","7":"product_cat-diger-yedek-parcalar","8":"product_cat-yedek-parca-linde","10":"first","11":"instock","12":"taxable","13":"shipping-taxable","14":"purchasable","15":"product-type-simple"},"_links":{"self":[{"href":"https:\/\/ceoparts.com\/fr\/wp-json\/wp\/v2\/product\/15719","targetHints":{"allow":["GET"]}}],"collection":[{"href":"https:\/\/ceoparts.com\/fr\/wp-json\/wp\/v2\/product"}],"about":[{"href":"https:\/\/ceoparts.com\/fr\/wp-json\/wp\/v2\/types\/product"}],"wp:featuredmedia":[{"embeddable":true,"href":"https:\/\/ceoparts.com\/fr\/wp-json\/wp\/v2\/media\/15720"}],"wp:attachment":[{"href":"https:\/\/ceoparts.com\/fr\/wp-json\/wp\/v2\/media?parent=15719"}],"wp:term":[{"taxonomy":"product_brand","embeddable":true,"href":"https:\/\/ceoparts.com\/fr\/wp-json\/wp\/v2\/product_brand?post=15719"},{"taxonomy":"product_cat","embeddable":true,"href":"https:\/\/ceoparts.com\/fr\/wp-json\/wp\/v2\/product_cat?post=15719"},{"taxonomy":"product_tag","embeddable":true,"href":"https:\/\/ceoparts.com\/fr\/wp-json\/wp\/v2\/product_tag?post=15719"}],"curies":[{"name":"wp","href":"https:\/\/api.w.org\/{rel}","templated":true}]}}