{"id":15723,"date":"2025-03-03T16:44:33","date_gmt":"2025-03-03T13:44:33","guid":{"rendered":"https:\/\/ceoparts.com\/?post_type=product&#038;p=15723"},"modified":"2026-05-16T23:42:47","modified_gmt":"2026-05-16T20:42:47","slug":"linde-hidrolik-filtre-0009837004","status":"publish","type":"product","link":"https:\/\/ceoparts.com\/fr\/urun\/linde-hidrolik-filtre-0009837004\/","title":{"rendered":"Filtre hydraulique Linde &#8211; 0009837004"},"content":{"rendered":"<p>Filtre hydraulique Linde &#8211; 0009837004<\/p>","protected":false},"excerpt":{"rendered":"<p data-start=\"0\" data-end=\"224\"><br data-start=\"1780\" data-end=\"1783\" \/>Le <strong data-start=\"1786\" data-end=\"1814\">filtre hydraulique Linde<\/strong> est un filtre de haute qualit\u00e9 sp\u00e9cialement con\u00e7u pour les chariots \u00e9l\u00e9vateurs et les machines lourdes. Il garantit un fonctionnement propre et efficace des syst\u00e8mes hydrauliques, prolongeant la dur\u00e9e de vie du syst\u00e8me et \u00e9vitant les pannes.<\/p>\n<p data-start=\"2058\" data-end=\"2282\"><strong data-start=\"2058\" data-end=\"2080\">Caract\u00e9ristiques :<\/strong><br data-start=\"2080\" data-end=\"2083\" \/><strong data-start=\"2083\" data-end=\"2098\">R\u00e9f\u00e9rence :<\/strong> 0009837004<br data-start=\"2109\" data-end=\"2112\" \/><strong data-start=\"2112\" data-end=\"2122\">Type :<\/strong> Filtre hydraulique<br data-start=\"2141\" data-end=\"2144\" \/><strong data-start=\"2144\" data-end=\"2161\">Utilisation :<\/strong> Chariots \u00e9l\u00e9vateurs et machines lourdes<br data-start=\"2201\" data-end=\"2204\" \/><strong data-start=\"2204\" data-end=\"2218\">Avantage :<\/strong> Grande capacit\u00e9 de filtration et construction durable<\/p>\n<p data-start=\"2284\" data-end=\"2543\">\n<p>linde-386-E12-E14-E15-E16-E18-E20<\/p>\n","protected":false},"featured_media":15724,"template":"","meta":[],"product_brand":[],"product_cat":[246,498,523],"product_tag":[],"class_list":{"0":"post-15723","1":"product","2":"type-product","3":"status-publish","4":"has-post-thumbnail","6":"product_cat-linde","7":"product_cat-filtre-cesitleri","8":"product_cat-yedek-parca-linde","10":"first","11":"instock","12":"taxable","13":"shipping-taxable","14":"purchasable","15":"product-type-simple"},"_links":{"self":[{"href":"https:\/\/ceoparts.com\/fr\/wp-json\/wp\/v2\/product\/15723","targetHints":{"allow":["GET"]}}],"collection":[{"href":"https:\/\/ceoparts.com\/fr\/wp-json\/wp\/v2\/product"}],"about":[{"href":"https:\/\/ceoparts.com\/fr\/wp-json\/wp\/v2\/types\/product"}],"wp:featuredmedia":[{"embeddable":true,"href":"https:\/\/ceoparts.com\/fr\/wp-json\/wp\/v2\/media\/15724"}],"wp:attachment":[{"href":"https:\/\/ceoparts.com\/fr\/wp-json\/wp\/v2\/media?parent=15723"}],"wp:term":[{"taxonomy":"product_brand","embeddable":true,"href":"https:\/\/ceoparts.com\/fr\/wp-json\/wp\/v2\/product_brand?post=15723"},{"taxonomy":"product_cat","embeddable":true,"href":"https:\/\/ceoparts.com\/fr\/wp-json\/wp\/v2\/product_cat?post=15723"},{"taxonomy":"product_tag","embeddable":true,"href":"https:\/\/ceoparts.com\/fr\/wp-json\/wp\/v2\/product_tag?post=15723"}],"curies":[{"name":"wp","href":"https:\/\/api.w.org\/{rel}","templated":true}]}}