{"id":15728,"date":"2025-03-03T16:58:47","date_gmt":"2025-03-03T13:58:47","guid":{"rendered":"https:\/\/ceoparts.com\/?post_type=product&#038;p=15728"},"modified":"2026-05-16T22:32:09","modified_gmt":"2026-05-16T19:32:09","slug":"linde-hava-filtresi-0009839008","status":"publish","type":"product","link":"https:\/\/ceoparts.com\/fr\/urun\/linde-hava-filtresi-0009839008\/","title":{"rendered":"Filtre \u00e0 air Linde &#8211; 0009839008"},"content":{"rendered":"<p>Filtre \u00e0 air Linde &#8211; 0009839008<\/p>","protected":false},"excerpt":{"rendered":"<p data-start=\"0\" data-end=\"196\"><br data-start=\"1581\" data-end=\"1584\" \/>Le <strong data-start=\"1587\" data-end=\"1609\">filtre \u00e0 air Linde<\/strong> est un filtre de haute qualit\u00e9 con\u00e7u pour les chariots \u00e9l\u00e9vateurs et les machines lourdes. Il assure une prise d\u2019air propre, am\u00e9liorant les performances et la dur\u00e9e de vie du moteur.<\/p>\n<p data-start=\"1794\" data-end=\"2013\"><strong data-start=\"1794\" data-end=\"1816\">Caract\u00e9ristiques :<\/strong><br data-start=\"1816\" data-end=\"1819\" \/><strong data-start=\"1819\" data-end=\"1834\">R\u00e9f\u00e9rence :<\/strong> 0009839008<br data-start=\"1845\" data-end=\"1848\" \/><strong data-start=\"1848\" data-end=\"1858\">Type :<\/strong> Filtre \u00e0 air<br data-start=\"1871\" data-end=\"1874\" \/><strong data-start=\"1874\" data-end=\"1891\">Utilisation :<\/strong> Chariots \u00e9l\u00e9vateurs et machines lourdes<br data-start=\"1931\" data-end=\"1934\" \/><strong data-start=\"1934\" data-end=\"1948\">Avantage :<\/strong> Haute efficacit\u00e9 de filtration et construction durable<\/p>\n<p data-start=\"2015\" data-end=\"2217\">\n","protected":false},"featured_media":15730,"template":"","meta":[],"product_brand":[],"product_cat":[246,498,523],"product_tag":[],"class_list":{"0":"post-15728","1":"product","2":"type-product","3":"status-publish","4":"has-post-thumbnail","6":"product_cat-linde","7":"product_cat-filtre-cesitleri","8":"product_cat-yedek-parca-linde","10":"first","11":"instock","12":"taxable","13":"shipping-taxable","14":"purchasable","15":"product-type-simple"},"_links":{"self":[{"href":"https:\/\/ceoparts.com\/fr\/wp-json\/wp\/v2\/product\/15728","targetHints":{"allow":["GET"]}}],"collection":[{"href":"https:\/\/ceoparts.com\/fr\/wp-json\/wp\/v2\/product"}],"about":[{"href":"https:\/\/ceoparts.com\/fr\/wp-json\/wp\/v2\/types\/product"}],"wp:featuredmedia":[{"embeddable":true,"href":"https:\/\/ceoparts.com\/fr\/wp-json\/wp\/v2\/media\/15730"}],"wp:attachment":[{"href":"https:\/\/ceoparts.com\/fr\/wp-json\/wp\/v2\/media?parent=15728"}],"wp:term":[{"taxonomy":"product_brand","embeddable":true,"href":"https:\/\/ceoparts.com\/fr\/wp-json\/wp\/v2\/product_brand?post=15728"},{"taxonomy":"product_cat","embeddable":true,"href":"https:\/\/ceoparts.com\/fr\/wp-json\/wp\/v2\/product_cat?post=15728"},{"taxonomy":"product_tag","embeddable":true,"href":"https:\/\/ceoparts.com\/fr\/wp-json\/wp\/v2\/product_tag?post=15728"}],"curies":[{"name":"wp","href":"https:\/\/api.w.org\/{rel}","templated":true}]}}