{"id":15734,"date":"2025-03-03T17:04:59","date_gmt":"2025-03-03T14:04:59","guid":{"rendered":"https:\/\/ceoparts.com\/?post_type=product&#038;p=15734"},"modified":"2026-05-16T21:25:05","modified_gmt":"2026-05-16T18:25:05","slug":"linde-hava-filtresi-0009839009","status":"publish","type":"product","link":"https:\/\/ceoparts.com\/fr\/urun\/linde-hava-filtresi-0009839009\/","title":{"rendered":"Filtre \u00e0 air Linde &#8211; 0009839009"},"content":{"rendered":"<p>Filtre \u00e0 air Linde &#8211; 0009839009<\/p>","protected":false},"excerpt":{"rendered":"<p data-start=\"0\" data-end=\"229\"><br data-start=\"1680\" data-end=\"1683\" \/>Le <strong data-start=\"1686\" data-end=\"1708\">filtre \u00e0 air Linde<\/strong> est un filtre haute performance utilis\u00e9 dans les moteurs des chariots \u00e9l\u00e9vateurs et des machines lourdes. Il assure une prise d\u2019air propre, am\u00e9liorant les performances et la dur\u00e9e de vie du moteur.<\/p>\n<p data-start=\"1908\" data-end=\"2127\"><strong data-start=\"1908\" data-end=\"1930\">Caract\u00e9ristiques :<\/strong><br data-start=\"1930\" data-end=\"1933\" \/><strong data-start=\"1933\" data-end=\"1948\">R\u00e9f\u00e9rence :<\/strong> 0009839009<br data-start=\"1959\" data-end=\"1962\" \/><strong data-start=\"1962\" data-end=\"1972\">Type :<\/strong> Filtre \u00e0 air<br data-start=\"1985\" data-end=\"1988\" \/><strong data-start=\"1988\" data-end=\"2005\">Utilisation :<\/strong> Chariots \u00e9l\u00e9vateurs et machines lourdes<br data-start=\"2045\" data-end=\"2048\" \/><strong data-start=\"2048\" data-end=\"2062\">Avantage :<\/strong> Haute efficacit\u00e9 de filtration et construction durable<\/p>\n<p data-start=\"2129\" data-end=\"2348\">\n<p>Linde<\/p>\n<p>T\u0130P 396-01 H50\/60\/70\/80<\/p>\n","protected":false},"featured_media":15736,"template":"","meta":[],"product_brand":[],"product_cat":[246,498,523],"product_tag":[],"class_list":{"0":"post-15734","1":"product","2":"type-product","3":"status-publish","4":"has-post-thumbnail","6":"product_cat-linde","7":"product_cat-filtre-cesitleri","8":"product_cat-yedek-parca-linde","10":"first","11":"instock","12":"taxable","13":"shipping-taxable","14":"purchasable","15":"product-type-simple"},"_links":{"self":[{"href":"https:\/\/ceoparts.com\/fr\/wp-json\/wp\/v2\/product\/15734","targetHints":{"allow":["GET"]}}],"collection":[{"href":"https:\/\/ceoparts.com\/fr\/wp-json\/wp\/v2\/product"}],"about":[{"href":"https:\/\/ceoparts.com\/fr\/wp-json\/wp\/v2\/types\/product"}],"wp:featuredmedia":[{"embeddable":true,"href":"https:\/\/ceoparts.com\/fr\/wp-json\/wp\/v2\/media\/15736"}],"wp:attachment":[{"href":"https:\/\/ceoparts.com\/fr\/wp-json\/wp\/v2\/media?parent=15734"}],"wp:term":[{"taxonomy":"product_brand","embeddable":true,"href":"https:\/\/ceoparts.com\/fr\/wp-json\/wp\/v2\/product_brand?post=15734"},{"taxonomy":"product_cat","embeddable":true,"href":"https:\/\/ceoparts.com\/fr\/wp-json\/wp\/v2\/product_cat?post=15734"},{"taxonomy":"product_tag","embeddable":true,"href":"https:\/\/ceoparts.com\/fr\/wp-json\/wp\/v2\/product_tag?post=15734"}],"curies":[{"name":"wp","href":"https:\/\/api.w.org\/{rel}","templated":true}]}}