{"id":15739,"date":"2025-03-03T17:15:32","date_gmt":"2025-03-03T14:15:32","guid":{"rendered":"https:\/\/ceoparts.com\/?post_type=product&#038;p=15739"},"modified":"2026-05-16T20:15:45","modified_gmt":"2026-05-16T17:15:45","slug":"linde-hidrolik-filtre-0009831684","status":"publish","type":"product","link":"https:\/\/ceoparts.com\/fr\/urun\/linde-hidrolik-filtre-0009831684\/","title":{"rendered":"Filtre hydraulique Linde &#8211; 0009831684"},"content":{"rendered":"<p>Filtre hydraulique Linde &#8211; 0009831684<\/p>\n<p><\/p>","protected":false},"excerpt":{"rendered":"<p data-start=\"0\" data-end=\"236\"><br data-start=\"1776\" data-end=\"1779\" \/>Le <strong data-start=\"1782\" data-end=\"1810\">filtre hydraulique Linde<\/strong> est un filtre durable et de haute qualit\u00e9 utilis\u00e9 dans les syst\u00e8mes hydrauliques des chariots \u00e9l\u00e9vateurs et des machines lourdes. Il maintient le syst\u00e8me propre, am\u00e9liorant les performances et la dur\u00e9e de vie des composants hydrauliques.<\/p>\n<p data-start=\"2050\" data-end=\"2276\"><strong data-start=\"2050\" data-end=\"2072\">Caract\u00e9ristiques :<\/strong><br data-start=\"2072\" data-end=\"2075\" \/><strong data-start=\"2075\" data-end=\"2090\">R\u00e9f\u00e9rence :<\/strong> 0009831684<br data-start=\"2101\" data-end=\"2104\" \/><strong data-start=\"2104\" data-end=\"2114\">Type :<\/strong> Filtre hydraulique<br data-start=\"2133\" data-end=\"2136\" \/><strong data-start=\"2136\" data-end=\"2153\">Utilisation :<\/strong> Chariots \u00e9l\u00e9vateurs et machines lourdes<br data-start=\"2193\" data-end=\"2196\" \/><strong data-start=\"2196\" data-end=\"2210\">Avantage :<\/strong> Grande capacit\u00e9 de filtration et dur\u00e9e de vie prolong\u00e9e<\/p>\n<p data-start=\"2278\" data-end=\"2524\">\n","protected":false},"featured_media":15744,"template":"","meta":[],"product_brand":[],"product_cat":[246,498,523],"product_tag":[],"class_list":{"0":"post-15739","1":"product","2":"type-product","3":"status-publish","4":"has-post-thumbnail","6":"product_cat-linde","7":"product_cat-filtre-cesitleri","8":"product_cat-yedek-parca-linde","10":"first","11":"instock","12":"taxable","13":"shipping-taxable","14":"purchasable","15":"product-type-simple"},"_links":{"self":[{"href":"https:\/\/ceoparts.com\/fr\/wp-json\/wp\/v2\/product\/15739","targetHints":{"allow":["GET"]}}],"collection":[{"href":"https:\/\/ceoparts.com\/fr\/wp-json\/wp\/v2\/product"}],"about":[{"href":"https:\/\/ceoparts.com\/fr\/wp-json\/wp\/v2\/types\/product"}],"wp:featuredmedia":[{"embeddable":true,"href":"https:\/\/ceoparts.com\/fr\/wp-json\/wp\/v2\/media\/15744"}],"wp:attachment":[{"href":"https:\/\/ceoparts.com\/fr\/wp-json\/wp\/v2\/media?parent=15739"}],"wp:term":[{"taxonomy":"product_brand","embeddable":true,"href":"https:\/\/ceoparts.com\/fr\/wp-json\/wp\/v2\/product_brand?post=15739"},{"taxonomy":"product_cat","embeddable":true,"href":"https:\/\/ceoparts.com\/fr\/wp-json\/wp\/v2\/product_cat?post=15739"},{"taxonomy":"product_tag","embeddable":true,"href":"https:\/\/ceoparts.com\/fr\/wp-json\/wp\/v2\/product_tag?post=15739"}],"curies":[{"name":"wp","href":"https:\/\/api.w.org\/{rel}","templated":true}]}}