{"id":15745,"date":"2025-03-04T08:57:09","date_gmt":"2025-03-04T05:57:09","guid":{"rendered":"https:\/\/ceoparts.com\/?post_type=product&#038;p=15745"},"modified":"2026-05-16T18:58:05","modified_gmt":"2026-05-16T15:58:05","slug":"linde-hidrolik-filtre-0009831717","status":"publish","type":"product","link":"https:\/\/ceoparts.com\/fr\/urun\/linde-hidrolik-filtre-0009831717\/","title":{"rendered":"Filtre hydraulique Linde &#8211; 0009831717"},"content":{"rendered":"<p>Filtre hydraulique Linde &#8211; 0009831717<\/p>\n<p>STILL<\/p>\n<p>FM<br \/>\nFM-X<br \/>\nFM_I<br \/>\nFM_N<\/p>\n<p>8424325<\/p>\n<p>LINDE<\/p>\n<p>346 E18\/E20\/E20P<br \/>\n386 E12\/E14\/E15\/E16\/E18\/E20<br \/>\n1313-01 H25\/H27\/H30\/H32<br \/>\n1120-01 R10\/12\/14\/16\/25<\/p>\n<p>0009831717<\/p>","protected":false},"excerpt":{"rendered":"<p data-start=\"0\" data-end=\"244\"><br data-start=\"1799\" data-end=\"1802\" \/>Le <strong data-start=\"1805\" data-end=\"1833\">filtre hydraulique Linde<\/strong> est un filtre de haute qualit\u00e9 utilis\u00e9 dans les syst\u00e8mes hydrauliques des chariots \u00e9l\u00e9vateurs et des machines lourdes. Il maintient le syst\u00e8me propre, contribuant \u00e0 la longue dur\u00e9e de vie et au fonctionnement efficace des composants hydrauliques.<\/p>\n<p data-start=\"2082\" data-end=\"2308\"><strong data-start=\"2082\" data-end=\"2104\">Caract\u00e9ristiques :<\/strong><br data-start=\"2104\" data-end=\"2107\" \/><strong data-start=\"2107\" data-end=\"2122\">R\u00e9f\u00e9rence :<\/strong> 0009831717<br data-start=\"2133\" data-end=\"2136\" \/><strong data-start=\"2136\" data-end=\"2146\">Type :<\/strong> Filtre hydraulique<br data-start=\"2165\" data-end=\"2168\" \/><strong data-start=\"2168\" data-end=\"2185\">Utilisation :<\/strong> Chariots \u00e9l\u00e9vateurs et machines lourdes<br data-start=\"2225\" data-end=\"2228\" \/><strong data-start=\"2228\" data-end=\"2242\">Avantage :<\/strong> Grande capacit\u00e9 de filtration et dur\u00e9e de vie prolong\u00e9e<\/p>\n<p data-start=\"2310\" data-end=\"2565\">\n","protected":false},"featured_media":15747,"template":"","meta":[],"product_brand":[],"product_cat":[241,246,498,523,524],"product_tag":[],"class_list":{"0":"post-15745","1":"product","2":"type-product","3":"status-publish","4":"has-post-thumbnail","6":"product_cat-still","7":"product_cat-linde","8":"product_cat-filtre-cesitleri","9":"product_cat-yedek-parca-linde","10":"product_cat-yedek-parca-still","12":"first","13":"instock","14":"taxable","15":"shipping-taxable","16":"purchasable","17":"product-type-simple"},"_links":{"self":[{"href":"https:\/\/ceoparts.com\/fr\/wp-json\/wp\/v2\/product\/15745","targetHints":{"allow":["GET"]}}],"collection":[{"href":"https:\/\/ceoparts.com\/fr\/wp-json\/wp\/v2\/product"}],"about":[{"href":"https:\/\/ceoparts.com\/fr\/wp-json\/wp\/v2\/types\/product"}],"wp:featuredmedia":[{"embeddable":true,"href":"https:\/\/ceoparts.com\/fr\/wp-json\/wp\/v2\/media\/15747"}],"wp:attachment":[{"href":"https:\/\/ceoparts.com\/fr\/wp-json\/wp\/v2\/media?parent=15745"}],"wp:term":[{"taxonomy":"product_brand","embeddable":true,"href":"https:\/\/ceoparts.com\/fr\/wp-json\/wp\/v2\/product_brand?post=15745"},{"taxonomy":"product_cat","embeddable":true,"href":"https:\/\/ceoparts.com\/fr\/wp-json\/wp\/v2\/product_cat?post=15745"},{"taxonomy":"product_tag","embeddable":true,"href":"https:\/\/ceoparts.com\/fr\/wp-json\/wp\/v2\/product_tag?post=15745"}],"curies":[{"name":"wp","href":"https:\/\/api.w.org\/{rel}","templated":true}]}}