{"id":15750,"date":"2025-03-04T09:28:21","date_gmt":"2025-03-04T06:28:21","guid":{"rendered":"https:\/\/ceoparts.com\/?post_type=product&#038;p=15750"},"modified":"2026-05-16T17:52:18","modified_gmt":"2026-05-16T14:52:18","slug":"linde-forklift-tank-emis-filtre-kapagi-0009839707","status":"publish","type":"product","link":"https:\/\/ceoparts.com\/fr\/urun\/linde-forklift-tank-emis-filtre-kapagi-0009839707\/","title":{"rendered":"Capuchon de filtre d&#8217;aspiration du r\u00e9servoir Linde &#8211; 0009839707"},"content":{"rendered":"<p>Capuchon de filtre d&#8217;aspiration du r\u00e9servoir Linde &#8211; 0009839707<\/p>\n<p><strong>Linde\u00a0<\/strong><\/p>\n<ul>\n<li>Seri: 1313-01 Tip: H25\/27\/30\/32<\/li>\n<li>Seri: 387 Tip: E20\/25\/30\/35<\/li>\n<li>Seri: 388 Tip: E35\/40\/45\/50<\/li>\n<li>Seri: 391-01 Tip: H14\/16\/18\/20<\/li>\n<li>Seri: 392-02 Tip: H20\/25 &#8211; 02<\/li>\n<li>Seri: 392-01 Tip: H20\/25<\/li>\n<li>Seri: 393-02 Tip: H25\/30\/35 &#8211; 02<\/li>\n<li>Seri: 393-01 Tip: H25\/30\/35<\/li>\n<li>Seri: 394-02 Tip: H40\/45\/50 &#8211; 02<\/li>\n<li>Seri: 394-01 Tip: H40\/45\/50<\/li>\n<\/ul>","protected":false},"excerpt":{"rendered":"<p data-start=\"1506\" data-end=\"1776\">Le <strong data-start=\"1509\" data-end=\"1587\">couvercle de filtre d&#8217;aspiration de r\u00e9servoir pour chariot \u00e9l\u00e9vateur Linde<\/strong> est con\u00e7u pour s\u00e9curiser et assurer l\u2019\u00e9tanch\u00e9it\u00e9 du syst\u00e8me de filtre dans les syst\u00e8mes de carburant des chariots. Fabriqu\u00e9 avec des mat\u00e9riaux r\u00e9sistants pour une utilisation longue dur\u00e9e.<\/p>\n<p data-start=\"1778\" data-end=\"1993\"><strong data-start=\"1778\" data-end=\"1800\">Caract\u00e9ristiques :<\/strong><br data-start=\"1800\" data-end=\"1803\" \/>R\u00e9f\u00e9rence produit : 0009839707<br data-start=\"1833\" data-end=\"1836\" \/>Utilisation : Syst\u00e8mes de carburant et hydraulique de chariot \u00e9l\u00e9vateur<br data-start=\"1907\" data-end=\"1910\" \/>Compatibilit\u00e9 : Mod\u00e8les Linde<br data-start=\"1939\" data-end=\"1942\" \/>Durabilit\u00e9 : Haute qualit\u00e9 et longue dur\u00e9e de vie<\/p>\n","protected":false},"featured_media":15753,"template":"","meta":[],"product_brand":[],"product_cat":[246,470,523],"product_tag":[],"class_list":{"0":"post-15750","1":"product","2":"type-product","3":"status-publish","4":"has-post-thumbnail","6":"product_cat-linde","7":"product_cat-diger-yedek-parcalar","8":"product_cat-yedek-parca-linde","10":"first","11":"instock","12":"taxable","13":"shipping-taxable","14":"purchasable","15":"product-type-simple"},"_links":{"self":[{"href":"https:\/\/ceoparts.com\/fr\/wp-json\/wp\/v2\/product\/15750","targetHints":{"allow":["GET"]}}],"collection":[{"href":"https:\/\/ceoparts.com\/fr\/wp-json\/wp\/v2\/product"}],"about":[{"href":"https:\/\/ceoparts.com\/fr\/wp-json\/wp\/v2\/types\/product"}],"wp:featuredmedia":[{"embeddable":true,"href":"https:\/\/ceoparts.com\/fr\/wp-json\/wp\/v2\/media\/15753"}],"wp:attachment":[{"href":"https:\/\/ceoparts.com\/fr\/wp-json\/wp\/v2\/media?parent=15750"}],"wp:term":[{"taxonomy":"product_brand","embeddable":true,"href":"https:\/\/ceoparts.com\/fr\/wp-json\/wp\/v2\/product_brand?post=15750"},{"taxonomy":"product_cat","embeddable":true,"href":"https:\/\/ceoparts.com\/fr\/wp-json\/wp\/v2\/product_cat?post=15750"},{"taxonomy":"product_tag","embeddable":true,"href":"https:\/\/ceoparts.com\/fr\/wp-json\/wp\/v2\/product_tag?post=15750"}],"curies":[{"name":"wp","href":"https:\/\/api.w.org\/{rel}","templated":true}]}}