{"id":15757,"date":"2025-03-04T09:42:06","date_gmt":"2025-03-04T06:42:06","guid":{"rendered":"https:\/\/ceoparts.com\/?post_type=product&#038;p=15757"},"modified":"2026-05-16T16:34:24","modified_gmt":"2026-05-16T13:34:24","slug":"linde-hidrolik-filtre-9831686","status":"publish","type":"product","link":"https:\/\/ceoparts.com\/fr\/urun\/linde-hidrolik-filtre-9831686\/","title":{"rendered":"Filtre hydraulique Linde &#8211; 9831686"},"content":{"rendered":"<p>Filtre hydraulique Linde &#8211; 9831686<\/p>\n<p><\/p>","protected":false},"excerpt":{"rendered":"<p data-start=\"0\" data-end=\"248\"><br data-start=\"1845\" data-end=\"1848\" \/>Le <strong data-start=\"1851\" data-end=\"1879\">filtre hydraulique Linde<\/strong> est un filtre de haute qualit\u00e9 con\u00e7u pour maintenir les syst\u00e8mes hydrauliques des chariots \u00e9l\u00e9vateurs et des machines lourdes propres et efficaces. Il emp\u00eache la poussi\u00e8re et les particules d\u2019entrer dans le syst\u00e8me, prolongeant ainsi la dur\u00e9e de vie de l\u2019\u00e9quipement.<\/p>\n<p data-start=\"2148\" data-end=\"2367\"><strong data-start=\"2148\" data-end=\"2170\">Caract\u00e9ristiques :<\/strong><br data-start=\"2170\" data-end=\"2173\" \/><strong data-start=\"2173\" data-end=\"2188\">R\u00e9f\u00e9rence :<\/strong> 9831686<br data-start=\"2196\" data-end=\"2199\" \/><strong data-start=\"2199\" data-end=\"2209\">Type :<\/strong> Filtre hydraulique<br data-start=\"2228\" data-end=\"2231\" \/><strong data-start=\"2231\" data-end=\"2248\">Utilisation :<\/strong> Chariots \u00e9l\u00e9vateurs et machines lourdes<br data-start=\"2288\" data-end=\"2291\" \/><strong data-start=\"2291\" data-end=\"2305\">Avantage :<\/strong> Haute capacit\u00e9 de filtration et performance durable<\/p>\n<p data-start=\"2369\" data-end=\"2639\">\n","protected":false},"featured_media":15759,"template":"","meta":[],"product_brand":[],"product_cat":[246,498,523],"product_tag":[],"class_list":{"0":"post-15757","1":"product","2":"type-product","3":"status-publish","4":"has-post-thumbnail","6":"product_cat-linde","7":"product_cat-filtre-cesitleri","8":"product_cat-yedek-parca-linde","10":"first","11":"instock","12":"taxable","13":"shipping-taxable","14":"purchasable","15":"product-type-simple"},"_links":{"self":[{"href":"https:\/\/ceoparts.com\/fr\/wp-json\/wp\/v2\/product\/15757","targetHints":{"allow":["GET"]}}],"collection":[{"href":"https:\/\/ceoparts.com\/fr\/wp-json\/wp\/v2\/product"}],"about":[{"href":"https:\/\/ceoparts.com\/fr\/wp-json\/wp\/v2\/types\/product"}],"wp:featuredmedia":[{"embeddable":true,"href":"https:\/\/ceoparts.com\/fr\/wp-json\/wp\/v2\/media\/15759"}],"wp:attachment":[{"href":"https:\/\/ceoparts.com\/fr\/wp-json\/wp\/v2\/media?parent=15757"}],"wp:term":[{"taxonomy":"product_brand","embeddable":true,"href":"https:\/\/ceoparts.com\/fr\/wp-json\/wp\/v2\/product_brand?post=15757"},{"taxonomy":"product_cat","embeddable":true,"href":"https:\/\/ceoparts.com\/fr\/wp-json\/wp\/v2\/product_cat?post=15757"},{"taxonomy":"product_tag","embeddable":true,"href":"https:\/\/ceoparts.com\/fr\/wp-json\/wp\/v2\/product_tag?post=15757"}],"curies":[{"name":"wp","href":"https:\/\/api.w.org\/{rel}","templated":true}]}}