{"id":15762,"date":"2025-03-04T09:50:21","date_gmt":"2025-03-04T06:50:21","guid":{"rendered":"https:\/\/ceoparts.com\/?post_type=product&#038;p=15762"},"modified":"2026-05-16T15:28:51","modified_gmt":"2026-05-16T12:28:51","slug":"linde-perno-mili-3014530210","status":"publish","type":"product","link":"https:\/\/ceoparts.com\/fr\/urun\/linde-perno-mili-3014530210\/","title":{"rendered":"Goupille d&#8217;arbre Linde &#8211; 3014530210"},"content":{"rendered":"<p>Goupille d&#8217;arbre Linde &#8211; 3014530210<\/p>\n<p>Linde 3014530210<\/p>\n<p>&nbsp;<\/p>\n<table border=\"0\" width=\"486\" cellspacing=\"0\" cellpadding=\"0\">\n<colgroup>\n<col width=\"91\" \/>\n<col width=\"395\" \/><\/colgroup>\n<tbody>\n<tr>\n<td class=\"xl65\" width=\"91\" height=\"20\"><span style=\"font-family: Calibri;\">322<\/span><\/td>\n<td width=\"395\"><span style=\"font-family: Calibri;\">E16<\/span><\/td>\n<\/tr>\n<tr>\n<td class=\"xl65\" height=\"20\"><span style=\"font-family: Calibri;\">322<\/span><\/td>\n<td><span style=\"font-family: Calibri;\">E15\/16\/18 &#8211; 02<\/span><\/td>\n<\/tr>\n<tr>\n<td class=\"xl65\" height=\"20\"><span style=\"font-family: Calibri;\">335-03<\/span><\/td>\n<td><span style=\"font-family: Calibri;\">E16\/20-03<\/span><\/td>\n<\/tr>\n<tr>\n<td class=\"xl65\" height=\"20\"><span style=\"font-family: Calibri;\">335-02<\/span><\/td>\n<td><span style=\"font-family: Calibri;\">E16\/20-02<\/span><\/td>\n<\/tr>\n<tr>\n<td class=\"xl65\" height=\"20\"><span style=\"font-family: Calibri;\">350-04<\/span><\/td>\n<td><span style=\"font-family: Calibri;\">H12\/16\/18\/20 &#8211; 04<\/span><\/td>\n<\/tr>\n<tr>\n<td class=\"xl65\" height=\"20\"><span style=\"font-family: Calibri;\">350-01\/02<\/span><\/td>\n<td><span style=\"font-family: Calibri;\">H12\/16\/18<\/span><\/td>\n<\/tr>\n<tr>\n<td class=\"xl65\" height=\"20\"><span style=\"font-family: Calibri;\">350-03<\/span><\/td>\n<td><span style=\"font-family: Calibri;\">H12\/16\/18\/20 &#8211; 03<\/span><\/td>\n<\/tr>\n<tr>\n<td class=\"xl65\" height=\"20\"><span style=\"font-family: Calibri;\">391-01<\/span><\/td>\n<td><span style=\"font-family: Calibri;\">H14\/16\/18\/20<\/span><\/td>\n<\/tr>\n<\/tbody>\n<\/table>","protected":false},"excerpt":{"rendered":"<p data-start=\"0\" data-end=\"204\"><br data-start=\"1576\" data-end=\"1579\" \/>Le <strong data-start=\"1582\" data-end=\"1598\">goujon Linde<\/strong> est une pi\u00e8ce solide et durable utilis\u00e9e aux points de connexion critiques des chariots \u00e9l\u00e9vateurs et des machines lourdes. Il assure le fonctionnement s\u00fbr des m\u00e9canismes de charge et de mouvement.<\/p>\n<p data-start=\"1798\" data-end=\"1996\"><strong data-start=\"1798\" data-end=\"1820\">Caract\u00e9ristiques :<\/strong><br data-start=\"1820\" data-end=\"1823\" \/><strong data-start=\"1823\" data-end=\"1838\">R\u00e9f\u00e9rence :<\/strong> 3014530210<br data-start=\"1849\" data-end=\"1852\" \/><strong data-start=\"1852\" data-end=\"1862\">Type :<\/strong> Goujon<br data-start=\"1869\" data-end=\"1872\" \/><strong data-start=\"1872\" data-end=\"1889\">Utilisation :<\/strong> Chariots \u00e9l\u00e9vateurs et machines lourdes<br data-start=\"1929\" data-end=\"1932\" \/><strong data-start=\"1932\" data-end=\"1946\">Avantage :<\/strong> Haute durabilit\u00e9 et connexion s\u00e9curis\u00e9e<\/p>\n<p data-start=\"1998\" data-end=\"2226\">\n","protected":false},"featured_media":15763,"template":"","meta":[],"product_brand":[],"product_cat":[246,467,523],"product_tag":[],"class_list":{"0":"post-15762","1":"product","2":"type-product","3":"status-publish","4":"has-post-thumbnail","6":"product_cat-linde","7":"product_cat-mil-grubu","8":"product_cat-yedek-parca-linde","10":"first","11":"instock","12":"taxable","13":"shipping-taxable","14":"purchasable","15":"product-type-simple"},"_links":{"self":[{"href":"https:\/\/ceoparts.com\/fr\/wp-json\/wp\/v2\/product\/15762","targetHints":{"allow":["GET"]}}],"collection":[{"href":"https:\/\/ceoparts.com\/fr\/wp-json\/wp\/v2\/product"}],"about":[{"href":"https:\/\/ceoparts.com\/fr\/wp-json\/wp\/v2\/types\/product"}],"wp:featuredmedia":[{"embeddable":true,"href":"https:\/\/ceoparts.com\/fr\/wp-json\/wp\/v2\/media\/15763"}],"wp:attachment":[{"href":"https:\/\/ceoparts.com\/fr\/wp-json\/wp\/v2\/media?parent=15762"}],"wp:term":[{"taxonomy":"product_brand","embeddable":true,"href":"https:\/\/ceoparts.com\/fr\/wp-json\/wp\/v2\/product_brand?post=15762"},{"taxonomy":"product_cat","embeddable":true,"href":"https:\/\/ceoparts.com\/fr\/wp-json\/wp\/v2\/product_cat?post=15762"},{"taxonomy":"product_tag","embeddable":true,"href":"https:\/\/ceoparts.com\/fr\/wp-json\/wp\/v2\/product_tag?post=15762"}],"curies":[{"name":"wp","href":"https:\/\/api.w.org\/{rel}","templated":true}]}}