{"id":15767,"date":"2025-03-04T09:58:33","date_gmt":"2025-03-04T06:58:33","guid":{"rendered":"https:\/\/ceoparts.com\/?post_type=product&#038;p=15767"},"modified":"2026-05-16T16:33:47","modified_gmt":"2026-05-16T13:33:47","slug":"linde-koruyucu-plaka-1814402501","status":"publish","type":"product","link":"https:\/\/ceoparts.com\/fr\/urun\/linde-koruyucu-plaka-1814402501\/","title":{"rendered":"Plaque de protection Linde &#8211; 1814402501"},"content":{"rendered":"<p>Plaque de protection Linde &#8211; 1814402501<\/p>","protected":false},"excerpt":{"rendered":"<p data-start=\"0\" data-end=\"222\"><br data-start=\"1680\" data-end=\"1683\" \/>La <strong data-start=\"1686\" data-end=\"1716\">plaque de protection Linde<\/strong> est une pi\u00e8ce de protection durable con\u00e7ue pour prot\u00e9ger les composants essentiels des chariots \u00e9l\u00e9vateurs et des machines lourdes contre les facteurs externes. Fabriqu\u00e9e en mat\u00e9riau de haute qualit\u00e9, elle assure une longue dur\u00e9e de vie.<\/p>\n<p data-start=\"1956\" data-end=\"2166\"><strong data-start=\"1956\" data-end=\"1978\">Caract\u00e9ristiques :<\/strong><br data-start=\"1978\" data-end=\"1981\" \/><strong data-start=\"1981\" data-end=\"1996\">R\u00e9f\u00e9rence :<\/strong> 1814402501<br data-start=\"2007\" data-end=\"2010\" \/><strong data-start=\"2010\" data-end=\"2020\">Type :<\/strong> Plaque de protection<br data-start=\"2041\" data-end=\"2044\" \/><strong data-start=\"2044\" data-end=\"2061\">Utilisation :<\/strong> Chariots \u00e9l\u00e9vateurs et machines lourdes<br data-start=\"2101\" data-end=\"2104\" \/><strong data-start=\"2104\" data-end=\"2118\">Avantage :<\/strong> Haute durabilit\u00e9 et protection fiable<\/p>\n<p data-start=\"2168\" data-end=\"2402\">\n","protected":false},"featured_media":15768,"template":"","meta":[],"product_brand":[],"product_cat":[246,470,523],"product_tag":[],"class_list":{"0":"post-15767","1":"product","2":"type-product","3":"status-publish","4":"has-post-thumbnail","6":"product_cat-linde","7":"product_cat-diger-yedek-parcalar","8":"product_cat-yedek-parca-linde","10":"first","11":"instock","12":"taxable","13":"shipping-taxable","14":"purchasable","15":"product-type-simple"},"_links":{"self":[{"href":"https:\/\/ceoparts.com\/fr\/wp-json\/wp\/v2\/product\/15767","targetHints":{"allow":["GET"]}}],"collection":[{"href":"https:\/\/ceoparts.com\/fr\/wp-json\/wp\/v2\/product"}],"about":[{"href":"https:\/\/ceoparts.com\/fr\/wp-json\/wp\/v2\/types\/product"}],"wp:featuredmedia":[{"embeddable":true,"href":"https:\/\/ceoparts.com\/fr\/wp-json\/wp\/v2\/media\/15768"}],"wp:attachment":[{"href":"https:\/\/ceoparts.com\/fr\/wp-json\/wp\/v2\/media?parent=15767"}],"wp:term":[{"taxonomy":"product_brand","embeddable":true,"href":"https:\/\/ceoparts.com\/fr\/wp-json\/wp\/v2\/product_brand?post=15767"},{"taxonomy":"product_cat","embeddable":true,"href":"https:\/\/ceoparts.com\/fr\/wp-json\/wp\/v2\/product_cat?post=15767"},{"taxonomy":"product_tag","embeddable":true,"href":"https:\/\/ceoparts.com\/fr\/wp-json\/wp\/v2\/product_tag?post=15767"}],"curies":[{"name":"wp","href":"https:\/\/api.w.org\/{rel}","templated":true}]}}