{"id":15771,"date":"2025-03-04T10:21:01","date_gmt":"2025-03-04T07:21:01","guid":{"rendered":"https:\/\/ceoparts.com\/?post_type=product&#038;p=15771"},"modified":"2026-05-16T17:52:22","modified_gmt":"2026-05-16T14:52:22","slug":"linde-y-boru-1864484178","status":"publish","type":"product","link":"https:\/\/ceoparts.com\/fr\/urun\/linde-y-boru-1864484178\/","title":{"rendered":"Tuyau en Y Linde &#8211; 1864484178"},"content":{"rendered":"<p>Tuyau en Y Linde &#8211; 1864484178<\/p>","protected":false},"excerpt":{"rendered":"<p data-start=\"0\" data-end=\"194\"><br data-start=\"1613\" data-end=\"1616\" \/>Le <strong data-start=\"1619\" data-end=\"1639\">tuyau en Y Linde<\/strong> est un connecteur durable utilis\u00e9 pour diriger le flux de liquide et de gaz dans les chariots \u00e9l\u00e9vateurs et les machines lourdes. Fabriqu\u00e9 en mat\u00e9riau de haute qualit\u00e9, il assure une longue dur\u00e9e de vie.<\/p>\n<p data-start=\"1845\" data-end=\"2062\"><strong data-start=\"1845\" data-end=\"1867\">Caract\u00e9ristiques :<\/strong><br data-start=\"1867\" data-end=\"1870\" \/><strong data-start=\"1870\" data-end=\"1885\">R\u00e9f\u00e9rence :<\/strong> 1864484178<br data-start=\"1896\" data-end=\"1899\" \/><strong data-start=\"1899\" data-end=\"1909\">Type :<\/strong> Tuyau en Y (connecteur en Y)<br data-start=\"1938\" data-end=\"1941\" \/><strong data-start=\"1941\" data-end=\"1958\">Utilisation :<\/strong> Chariots \u00e9l\u00e9vateurs et machines lourdes<br data-start=\"1998\" data-end=\"2001\" \/><strong data-start=\"2001\" data-end=\"2015\">Avantage :<\/strong> Haute durabilit\u00e9 et connexion fiable<\/p>\n<p data-start=\"2064\" data-end=\"2280\">\n","protected":false},"featured_media":15773,"template":"","meta":[],"product_brand":[],"product_cat":[246,470,523],"product_tag":[],"class_list":{"0":"post-15771","1":"product","2":"type-product","3":"status-publish","4":"has-post-thumbnail","6":"product_cat-linde","7":"product_cat-diger-yedek-parcalar","8":"product_cat-yedek-parca-linde","10":"first","11":"instock","12":"taxable","13":"shipping-taxable","14":"purchasable","15":"product-type-simple"},"_links":{"self":[{"href":"https:\/\/ceoparts.com\/fr\/wp-json\/wp\/v2\/product\/15771","targetHints":{"allow":["GET"]}}],"collection":[{"href":"https:\/\/ceoparts.com\/fr\/wp-json\/wp\/v2\/product"}],"about":[{"href":"https:\/\/ceoparts.com\/fr\/wp-json\/wp\/v2\/types\/product"}],"wp:featuredmedia":[{"embeddable":true,"href":"https:\/\/ceoparts.com\/fr\/wp-json\/wp\/v2\/media\/15773"}],"wp:attachment":[{"href":"https:\/\/ceoparts.com\/fr\/wp-json\/wp\/v2\/media?parent=15771"}],"wp:term":[{"taxonomy":"product_brand","embeddable":true,"href":"https:\/\/ceoparts.com\/fr\/wp-json\/wp\/v2\/product_brand?post=15771"},{"taxonomy":"product_cat","embeddable":true,"href":"https:\/\/ceoparts.com\/fr\/wp-json\/wp\/v2\/product_cat?post=15771"},{"taxonomy":"product_tag","embeddable":true,"href":"https:\/\/ceoparts.com\/fr\/wp-json\/wp\/v2\/product_tag?post=15771"}],"curies":[{"name":"wp","href":"https:\/\/api.w.org\/{rel}","templated":true}]}}