{"id":15775,"date":"2025-03-04T10:52:20","date_gmt":"2025-03-04T07:52:20","guid":{"rendered":"https:\/\/ceoparts.com\/?post_type=product&#038;p=15775"},"modified":"2026-05-16T18:58:10","modified_gmt":"2026-05-16T15:58:10","slug":"linde-guc-silindir-pistonu-3244521703","status":"publish","type":"product","link":"https:\/\/ceoparts.com\/fr\/urun\/linde-guc-silindir-pistonu-3244521703\/","title":{"rendered":"Piston de cylindre de puissance Linde &#8211; 3244521703"},"content":{"rendered":"<p>Piston de cylindre de puissance Linde &#8211; 3244521703<\/p>","protected":false},"excerpt":{"rendered":"<p data-start=\"0\" data-end=\"184\"><br data-start=\"1650\" data-end=\"1653\" \/>Le <strong data-start=\"1656\" data-end=\"1697\">piston de cylindre de puissance Linde<\/strong> est une pi\u00e8ce durable qui offre de hautes performances dans les chariots \u00e9l\u00e9vateurs et les machines lourdes. Il optimise la transmission de puissance pour am\u00e9liorer l\u2019efficacit\u00e9 de votre machine.<\/p>\n<p data-start=\"1895\" data-end=\"2150\"><strong data-start=\"1895\" data-end=\"1917\">Caract\u00e9ristiques :<\/strong><br data-start=\"1917\" data-end=\"1920\" \/><strong data-start=\"1920\" data-end=\"1935\">R\u00e9f\u00e9rence :<\/strong> 3244521703<br data-start=\"1946\" data-end=\"1949\" \/><strong data-start=\"1949\" data-end=\"1959\">Type :<\/strong> Piston de cylindre de puissance<br data-start=\"1991\" data-end=\"1994\" \/><strong data-start=\"1994\" data-end=\"2011\">Utilisation :<\/strong> Chariots \u00e9l\u00e9vateurs et machines lourdes<br data-start=\"2051\" data-end=\"2054\" \/><strong data-start=\"2054\" data-end=\"2068\">Avantage :<\/strong> Haute durabilit\u00e9 et excellente performance de transmission de puissance<\/p>\n<p data-start=\"2152\" data-end=\"2388\">\n","protected":false},"featured_media":15779,"template":"","meta":[],"product_brand":[],"product_cat":[246,470,523],"product_tag":[],"class_list":{"0":"post-15775","1":"product","2":"type-product","3":"status-publish","4":"has-post-thumbnail","6":"product_cat-linde","7":"product_cat-diger-yedek-parcalar","8":"product_cat-yedek-parca-linde","10":"first","11":"instock","12":"taxable","13":"shipping-taxable","14":"purchasable","15":"product-type-simple"},"_links":{"self":[{"href":"https:\/\/ceoparts.com\/fr\/wp-json\/wp\/v2\/product\/15775","targetHints":{"allow":["GET"]}}],"collection":[{"href":"https:\/\/ceoparts.com\/fr\/wp-json\/wp\/v2\/product"}],"about":[{"href":"https:\/\/ceoparts.com\/fr\/wp-json\/wp\/v2\/types\/product"}],"wp:featuredmedia":[{"embeddable":true,"href":"https:\/\/ceoparts.com\/fr\/wp-json\/wp\/v2\/media\/15779"}],"wp:attachment":[{"href":"https:\/\/ceoparts.com\/fr\/wp-json\/wp\/v2\/media?parent=15775"}],"wp:term":[{"taxonomy":"product_brand","embeddable":true,"href":"https:\/\/ceoparts.com\/fr\/wp-json\/wp\/v2\/product_brand?post=15775"},{"taxonomy":"product_cat","embeddable":true,"href":"https:\/\/ceoparts.com\/fr\/wp-json\/wp\/v2\/product_cat?post=15775"},{"taxonomy":"product_tag","embeddable":true,"href":"https:\/\/ceoparts.com\/fr\/wp-json\/wp\/v2\/product_tag?post=15775"}],"curies":[{"name":"wp","href":"https:\/\/api.w.org\/{rel}","templated":true}]}}