{"id":15780,"date":"2025-03-04T11:06:30","date_gmt":"2025-03-04T08:06:30","guid":{"rendered":"https:\/\/ceoparts.com\/?post_type=product&#038;p=15780"},"modified":"2026-05-16T20:15:48","modified_gmt":"2026-05-16T17:15:48","slug":"linde-fren-pistonu-4225045504","status":"publish","type":"product","link":"https:\/\/ceoparts.com\/fr\/urun\/linde-fren-pistonu-4225045504\/","title":{"rendered":"Piston de frein Linde &#8211; 4225045504"},"content":{"rendered":"<p>Piston de frein Linde &#8211; 4225045504<\/p>","protected":false},"excerpt":{"rendered":"<p data-start=\"0\" data-end=\"196\"><br data-start=\"1630\" data-end=\"1633\" \/>Le <strong data-start=\"1636\" data-end=\"1661\">piston de frein Linde<\/strong> est un composant de haute qualit\u00e9 assurant un freinage s\u00fbr et efficace dans les chariots \u00e9l\u00e9vateurs et machines lourdes. Fabriqu\u00e9 en mat\u00e9riaux durables, il offre une performance longue dur\u00e9e.<\/p>\n<p data-start=\"1855\" data-end=\"2071\"><strong data-start=\"1855\" data-end=\"1877\">Caract\u00e9ristiques :<\/strong><br data-start=\"1877\" data-end=\"1880\" \/><strong data-start=\"1880\" data-end=\"1895\">R\u00e9f\u00e9rence :<\/strong> 4225045504<br data-start=\"1906\" data-end=\"1909\" \/><strong data-start=\"1909\" data-end=\"1919\">Type :<\/strong> Piston de frein<br data-start=\"1935\" data-end=\"1938\" \/><strong data-start=\"1938\" data-end=\"1955\">Utilisation :<\/strong> Chariots \u00e9l\u00e9vateurs et machines lourdes<br data-start=\"1995\" data-end=\"1998\" \/><strong data-start=\"1998\" data-end=\"2012\">Avantage :<\/strong> Haute durabilit\u00e9 et performance de freinage s\u00fbre<\/p>\n<p data-start=\"2073\" data-end=\"2298\">\n","protected":false},"featured_media":15782,"template":"","meta":[],"product_brand":[],"product_cat":[246,470,523],"product_tag":[],"class_list":{"0":"post-15780","1":"product","2":"type-product","3":"status-publish","4":"has-post-thumbnail","6":"product_cat-linde","7":"product_cat-diger-yedek-parcalar","8":"product_cat-yedek-parca-linde","10":"first","11":"instock","12":"taxable","13":"shipping-taxable","14":"purchasable","15":"product-type-simple"},"_links":{"self":[{"href":"https:\/\/ceoparts.com\/fr\/wp-json\/wp\/v2\/product\/15780","targetHints":{"allow":["GET"]}}],"collection":[{"href":"https:\/\/ceoparts.com\/fr\/wp-json\/wp\/v2\/product"}],"about":[{"href":"https:\/\/ceoparts.com\/fr\/wp-json\/wp\/v2\/types\/product"}],"wp:featuredmedia":[{"embeddable":true,"href":"https:\/\/ceoparts.com\/fr\/wp-json\/wp\/v2\/media\/15782"}],"wp:attachment":[{"href":"https:\/\/ceoparts.com\/fr\/wp-json\/wp\/v2\/media?parent=15780"}],"wp:term":[{"taxonomy":"product_brand","embeddable":true,"href":"https:\/\/ceoparts.com\/fr\/wp-json\/wp\/v2\/product_brand?post=15780"},{"taxonomy":"product_cat","embeddable":true,"href":"https:\/\/ceoparts.com\/fr\/wp-json\/wp\/v2\/product_cat?post=15780"},{"taxonomy":"product_tag","embeddable":true,"href":"https:\/\/ceoparts.com\/fr\/wp-json\/wp\/v2\/product_tag?post=15780"}],"curies":[{"name":"wp","href":"https:\/\/api.w.org\/{rel}","templated":true}]}}