{"id":15785,"date":"2025-03-04T11:13:58","date_gmt":"2025-03-04T08:13:58","guid":{"rendered":"https:\/\/ceoparts.com\/?post_type=product&#038;p=15785"},"modified":"2026-05-16T21:19:47","modified_gmt":"2026-05-16T18:19:47","slug":"linde-akson-3014530305","status":"publish","type":"product","link":"https:\/\/ceoparts.com\/fr\/urun\/linde-akson-3014530305\/","title":{"rendered":"Linde Akson &#8211; 3014530305"},"content":{"rendered":"<p>Linde Akson &#8211; 3014530305<\/p>\n","protected":false},"excerpt":{"rendered":"<div class=\"m389_6m m9tr_5r mpof_ki mqen_m6\" tabindex=\"1\" role=\"tab\" data-testid=\"heading\">\n<p data-start=\"0\" data-end=\"201\"><br data-start=\"1605\" data-end=\"1608\" \/>L\u2019<strong data-start=\"1610\" data-end=\"1626\">essieu Linde<\/strong> est un composant durable et performant utilis\u00e9 dans les chariots \u00e9l\u00e9vateurs et les machines lourdes. Il assure une transmission de puissance fiable et contribue au bon fonctionnement de votre machine.<\/p>\n<p data-start=\"1829\" data-end=\"2040\"><strong data-start=\"1829\" data-end=\"1851\">Caract\u00e9ristiques :<\/strong><br data-start=\"1851\" data-end=\"1854\" \/><strong data-start=\"1854\" data-end=\"1869\">R\u00e9f\u00e9rence :<\/strong> 3014530305<br data-start=\"1880\" data-end=\"1883\" \/><strong data-start=\"1883\" data-end=\"1893\">Type :<\/strong> Essieu<br data-start=\"1900\" data-end=\"1903\" \/><strong data-start=\"1903\" data-end=\"1920\">Utilisation :<\/strong> Chariots \u00e9l\u00e9vateurs et machines lourdes<br data-start=\"1960\" data-end=\"1963\" \/><strong data-start=\"1963\" data-end=\"1977\">Avantage :<\/strong> Haute durabilit\u00e9 et transmission de puissance fiable<\/p>\n<p data-start=\"2042\" data-end=\"2260\">\n<h5 class=\"mp0t_ji munh_0 m3h2_0 mqu1_1j mgmw_wo m9qz_yq mgn2_16 mgn2_17_s mryx_8 mp4t_8 mzaq_1 _1b0db_llr9c\">Linde<\/h5>\n<\/div>\n<div class=\"\" data-testid=\"content\">\n<ul class=\"mb54_5r mp4t_0 m3h2_0 mryx_0 munh_0 mh36_16 mzaq_1\">\n<li>\n<p class=\"mgn2_14 mp0t_0a mqu1_21 mgmw_wo mli8_k4 mp4t_0 m3h2_0 mryx_0 munh_0 _1b0db_llr9c _1b0db_aqhL6\">H14 seria 350 \/ 391<\/p>\n<\/li>\n<li>\n<p class=\"mgn2_14 mp0t_0a mqu1_21 mgmw_wo mli8_k4 mp4t_0 m3h2_0 mryx_0 munh_0 _1b0db_llr9c _1b0db_aqhL6\">H16 seria 350 \/ 391<\/p>\n<\/li>\n<li>\n<p class=\"mgn2_14 mp0t_0a mqu1_21 mgmw_wo mli8_k4 mp4t_0 m3h2_0 mryx_0 munh_0 _1b0db_llr9c _1b0db_aqhL6\">H18 seria 350 \/ 391<\/p>\n<\/li>\n<li>\n<p class=\"mgn2_14 mp0t_0a mqu1_21 mgmw_wo mli8_k4 mp4t_0 m3h2_0 mryx_0 munh_0 _1b0db_llr9c _1b0db_aqhL6\">H20 seria 350 \/ 391<\/p>\n<\/li>\n<\/ul>\n<\/div>\n","protected":false},"featured_media":15787,"template":"","meta":[],"product_brand":[],"product_cat":[246,450,523],"product_tag":[],"class_list":{"0":"post-15785","1":"product","2":"type-product","3":"status-publish","4":"has-post-thumbnail","6":"product_cat-linde","7":"product_cat-direksiyon-sistemleri","8":"product_cat-yedek-parca-linde","10":"first","11":"instock","12":"taxable","13":"shipping-taxable","14":"purchasable","15":"product-type-simple"},"_links":{"self":[{"href":"https:\/\/ceoparts.com\/fr\/wp-json\/wp\/v2\/product\/15785","targetHints":{"allow":["GET"]}}],"collection":[{"href":"https:\/\/ceoparts.com\/fr\/wp-json\/wp\/v2\/product"}],"about":[{"href":"https:\/\/ceoparts.com\/fr\/wp-json\/wp\/v2\/types\/product"}],"wp:featuredmedia":[{"embeddable":true,"href":"https:\/\/ceoparts.com\/fr\/wp-json\/wp\/v2\/media\/15787"}],"wp:attachment":[{"href":"https:\/\/ceoparts.com\/fr\/wp-json\/wp\/v2\/media?parent=15785"}],"wp:term":[{"taxonomy":"product_brand","embeddable":true,"href":"https:\/\/ceoparts.com\/fr\/wp-json\/wp\/v2\/product_brand?post=15785"},{"taxonomy":"product_cat","embeddable":true,"href":"https:\/\/ceoparts.com\/fr\/wp-json\/wp\/v2\/product_cat?post=15785"},{"taxonomy":"product_tag","embeddable":true,"href":"https:\/\/ceoparts.com\/fr\/wp-json\/wp\/v2\/product_tag?post=15785"}],"curies":[{"name":"wp","href":"https:\/\/api.w.org\/{rel}","templated":true}]}}