{"id":15789,"date":"2025-03-04T11:19:55","date_gmt":"2025-03-04T08:19:55","guid":{"rendered":"https:\/\/ceoparts.com\/?post_type=product&#038;p=15789"},"modified":"2026-05-16T21:54:15","modified_gmt":"2026-05-16T18:54:15","slug":"linde-halka-dislisi-annular-gear-4222641009","status":"publish","type":"product","link":"https:\/\/ceoparts.com\/fr\/urun\/linde-halka-dislisi-annular-gear-4222641009\/","title":{"rendered":"Roue dent\u00e9e \u00e0 anneau Linde &#8211; 4222641009"},"content":{"rendered":"<p>Roue dent\u00e9e \u00e0 anneau Linde &#8211; 4222641009<\/p>","protected":false},"excerpt":{"rendered":"<p data-start=\"0\" data-end=\"202\"><br data-start=\"1733\" data-end=\"1736\" \/>Le <strong data-start=\"1739\" data-end=\"1780\">pignon annulaire Linde (Annular Gear)<\/strong> est un engrenage durable utilis\u00e9 dans les chariots \u00e9l\u00e9vateurs et les machines lourdes. Il assure une transmission de couple et de puissance \u00e9lev\u00e9e, am\u00e9liore la performance de la machine et garantit une longue dur\u00e9e de vie.<\/p>\n<p data-start=\"2005\" data-end=\"2242\"><strong data-start=\"2005\" data-end=\"2027\">Caract\u00e9ristiques :<\/strong><br data-start=\"2027\" data-end=\"2030\" \/><strong data-start=\"2030\" data-end=\"2045\">R\u00e9f\u00e9rence :<\/strong> 4222641009<br data-start=\"2056\" data-end=\"2059\" \/><strong data-start=\"2059\" data-end=\"2069\">Type :<\/strong> Pignon annulaire (Annular Gear)<br data-start=\"2101\" data-end=\"2104\" \/><strong data-start=\"2104\" data-end=\"2121\">Utilisation :<\/strong> Chariots \u00e9l\u00e9vateurs et machines lourdes<br data-start=\"2161\" data-end=\"2164\" \/><strong data-start=\"2164\" data-end=\"2178\">Avantage :<\/strong> Transmission de couple \u00e9lev\u00e9e et construction durable<\/p>\n<p data-start=\"2244\" data-end=\"2505\">\n<p>386-01-02<\/p>\n<p>&nbsp;<\/p>\n","protected":false},"featured_media":15790,"template":"","meta":[],"product_brand":[],"product_cat":[246,470,523],"product_tag":[],"class_list":{"0":"post-15789","1":"product","2":"type-product","3":"status-publish","4":"has-post-thumbnail","6":"product_cat-linde","7":"product_cat-diger-yedek-parcalar","8":"product_cat-yedek-parca-linde","10":"first","11":"instock","12":"taxable","13":"shipping-taxable","14":"purchasable","15":"product-type-simple"},"_links":{"self":[{"href":"https:\/\/ceoparts.com\/fr\/wp-json\/wp\/v2\/product\/15789","targetHints":{"allow":["GET"]}}],"collection":[{"href":"https:\/\/ceoparts.com\/fr\/wp-json\/wp\/v2\/product"}],"about":[{"href":"https:\/\/ceoparts.com\/fr\/wp-json\/wp\/v2\/types\/product"}],"wp:featuredmedia":[{"embeddable":true,"href":"https:\/\/ceoparts.com\/fr\/wp-json\/wp\/v2\/media\/15790"}],"wp:attachment":[{"href":"https:\/\/ceoparts.com\/fr\/wp-json\/wp\/v2\/media?parent=15789"}],"wp:term":[{"taxonomy":"product_brand","embeddable":true,"href":"https:\/\/ceoparts.com\/fr\/wp-json\/wp\/v2\/product_brand?post=15789"},{"taxonomy":"product_cat","embeddable":true,"href":"https:\/\/ceoparts.com\/fr\/wp-json\/wp\/v2\/product_cat?post=15789"},{"taxonomy":"product_tag","embeddable":true,"href":"https:\/\/ceoparts.com\/fr\/wp-json\/wp\/v2\/product_tag?post=15789"}],"curies":[{"name":"wp","href":"https:\/\/api.w.org\/{rel}","templated":true}]}}