{"id":15797,"date":"2025-03-04T11:54:03","date_gmt":"2025-03-04T08:54:03","guid":{"rendered":"https:\/\/ceoparts.com\/?post_type=product&#038;p=15797"},"modified":"2026-05-16T20:06:09","modified_gmt":"2026-05-16T17:06:09","slug":"linde-t16-kol-amortisoru-11524407104","status":"publish","type":"product","link":"https:\/\/ceoparts.com\/fr\/urun\/linde-t16-kol-amortisoru-11524407104\/","title":{"rendered":"Amortisseur de bras Linde T16 \u2013 11524407104"},"content":{"rendered":"<p>Amortisseur de bras Linde T16 \u2013 11524407104<\/p>","protected":false},"excerpt":{"rendered":"<p data-start=\"0\" data-end=\"202\"><br data-start=\"1539\" data-end=\"1542\" \/>L\u2019<strong data-start=\"1544\" data-end=\"1577\">amortisseur de bras Linde T16<\/strong> est un amortisseur durable qui adoucit les mouvements du bras du chariot \u00e9l\u00e9vateur en r\u00e9duisant les vibrations et les impacts. Il am\u00e9liore le confort de l\u2019op\u00e9rateur et maintient les performances de la machine.<\/p>\n<p data-start=\"1789\" data-end=\"1999\"><strong data-start=\"1789\" data-end=\"1811\">Caract\u00e9ristiques :<\/strong><br data-start=\"1811\" data-end=\"1814\" \/><strong data-start=\"1814\" data-end=\"1829\">R\u00e9f\u00e9rence :<\/strong> 11524407104<br data-start=\"1841\" data-end=\"1844\" \/><strong data-start=\"1844\" data-end=\"1861\">Utilisation :<\/strong> Absorption des chocs pour les mouvements du bras du chariot<br data-start=\"1921\" data-end=\"1924\" \/><strong data-start=\"1924\" data-end=\"1938\">Avantage :<\/strong> <strong data-start=\"1939\" data-end=\"1967\">R\u00e9duction des vibrations<\/strong> et <strong data-start=\"1971\" data-end=\"1997\">absorption des impacts<\/strong><\/p>\n<p>11524407104 0009655633 0009655577<\/p>\n<p>360 379 T16 T18 T20 L10 L12<\/p>\n","protected":false},"featured_media":15799,"template":"","meta":[],"product_brand":[],"product_cat":[246,497,523],"product_tag":[],"class_list":{"0":"post-15797","1":"product","2":"type-product","3":"status-publish","4":"has-post-thumbnail","6":"product_cat-linde","7":"product_cat-amortisor-grubu","8":"product_cat-yedek-parca-linde","10":"first","11":"instock","12":"taxable","13":"shipping-taxable","14":"purchasable","15":"product-type-simple"},"_links":{"self":[{"href":"https:\/\/ceoparts.com\/fr\/wp-json\/wp\/v2\/product\/15797","targetHints":{"allow":["GET"]}}],"collection":[{"href":"https:\/\/ceoparts.com\/fr\/wp-json\/wp\/v2\/product"}],"about":[{"href":"https:\/\/ceoparts.com\/fr\/wp-json\/wp\/v2\/types\/product"}],"wp:featuredmedia":[{"embeddable":true,"href":"https:\/\/ceoparts.com\/fr\/wp-json\/wp\/v2\/media\/15799"}],"wp:attachment":[{"href":"https:\/\/ceoparts.com\/fr\/wp-json\/wp\/v2\/media?parent=15797"}],"wp:term":[{"taxonomy":"product_brand","embeddable":true,"href":"https:\/\/ceoparts.com\/fr\/wp-json\/wp\/v2\/product_brand?post=15797"},{"taxonomy":"product_cat","embeddable":true,"href":"https:\/\/ceoparts.com\/fr\/wp-json\/wp\/v2\/product_cat?post=15797"},{"taxonomy":"product_tag","embeddable":true,"href":"https:\/\/ceoparts.com\/fr\/wp-json\/wp\/v2\/product_tag?post=15797"}],"curies":[{"name":"wp","href":"https:\/\/api.w.org\/{rel}","templated":true}]}}