{"id":15807,"date":"2025-03-04T14:37:23","date_gmt":"2025-03-04T11:37:23","guid":{"rendered":"https:\/\/ceoparts.com\/?post_type=product&#038;p=15807"},"modified":"2026-05-16T18:23:31","modified_gmt":"2026-05-16T15:23:31","slug":"linde-e16-aku-kapak-kilidi-0009311057","status":"publish","type":"product","link":"https:\/\/ceoparts.com\/fr\/urun\/linde-e16-aku-kapak-kilidi-0009311057\/","title":{"rendered":"Verrou de capot de batterie Linde E16 &#8211; 0009311057"},"content":{"rendered":"<p>Verrou de capot de batterie Linde E16 &#8211; 0009311057<\/p>","protected":false},"excerpt":{"rendered":"<p data-start=\"0\" data-end=\"210\"><br data-start=\"1550\" data-end=\"1553\" \/>Le <strong data-start=\"1556\" data-end=\"1602\">verrou de couverture de batterie Linde E16<\/strong> est un verrou durable qui s\u00e9curise la couverture de batterie du chariot \u00e9l\u00e9vateur. Il prot\u00e8ge la batterie contre les acc\u00e8s non autoris\u00e9s et contribue \u00e0 un fonctionnement s\u00e9curis\u00e9 du chariot.<\/p>\n<p data-start=\"1795\" data-end=\"1997\"><strong data-start=\"1795\" data-end=\"1817\">Caract\u00e9ristiques :<\/strong><br data-start=\"1817\" data-end=\"1820\" \/><strong data-start=\"1820\" data-end=\"1835\">R\u00e9f\u00e9rence :<\/strong> 0009311057<br data-start=\"1846\" data-end=\"1849\" \/><strong data-start=\"1849\" data-end=\"1866\">Utilisation :<\/strong> S\u00e9curit\u00e9 de la couverture de batterie<br data-start=\"1904\" data-end=\"1907\" \/><strong data-start=\"1907\" data-end=\"1921\">Avantage :<\/strong> <strong data-start=\"1922\" data-end=\"1954\">Emp\u00eache l&#8217;acc\u00e8s non autoris\u00e9<\/strong> et <strong data-start=\"1958\" data-end=\"1995\">assure un fonctionnement s\u00e9curis\u00e9<\/strong><\/p>\n<p data-start=\"1999\" data-end=\"2250\">\n","protected":false},"featured_media":15809,"template":"","meta":[],"product_brand":[],"product_cat":[246,443,470,523],"product_tag":[],"class_list":{"0":"post-15807","1":"product","2":"type-product","3":"status-publish","4":"has-post-thumbnail","6":"product_cat-linde","7":"product_cat-aku-parcalari","8":"product_cat-diger-yedek-parcalar","9":"product_cat-yedek-parca-linde","11":"first","12":"instock","13":"taxable","14":"shipping-taxable","15":"purchasable","16":"product-type-simple"},"_links":{"self":[{"href":"https:\/\/ceoparts.com\/fr\/wp-json\/wp\/v2\/product\/15807","targetHints":{"allow":["GET"]}}],"collection":[{"href":"https:\/\/ceoparts.com\/fr\/wp-json\/wp\/v2\/product"}],"about":[{"href":"https:\/\/ceoparts.com\/fr\/wp-json\/wp\/v2\/types\/product"}],"wp:featuredmedia":[{"embeddable":true,"href":"https:\/\/ceoparts.com\/fr\/wp-json\/wp\/v2\/media\/15809"}],"wp:attachment":[{"href":"https:\/\/ceoparts.com\/fr\/wp-json\/wp\/v2\/media?parent=15807"}],"wp:term":[{"taxonomy":"product_brand","embeddable":true,"href":"https:\/\/ceoparts.com\/fr\/wp-json\/wp\/v2\/product_brand?post=15807"},{"taxonomy":"product_cat","embeddable":true,"href":"https:\/\/ceoparts.com\/fr\/wp-json\/wp\/v2\/product_cat?post=15807"},{"taxonomy":"product_tag","embeddable":true,"href":"https:\/\/ceoparts.com\/fr\/wp-json\/wp\/v2\/product_tag?post=15807"}],"curies":[{"name":"wp","href":"https:\/\/api.w.org\/{rel}","templated":true}]}}