{"id":15811,"date":"2025-03-04T14:45:28","date_gmt":"2025-03-04T11:45:28","guid":{"rendered":"https:\/\/ceoparts.com\/?post_type=product&#038;p=15811"},"modified":"2026-05-16T17:42:09","modified_gmt":"2026-05-16T14:42:09","slug":"linde-havalandirma-filtresi-0009832114","status":"publish","type":"product","link":"https:\/\/ceoparts.com\/fr\/urun\/linde-havalandirma-filtresi-0009832114\/","title":{"rendered":"Filtre de ventilation Linde &#8211; 0009832114"},"content":{"rendered":"<p>Filtre de ventilation Linde &#8211; 0009832114<\/p>\n<table dir=\"ltr\" border=\"0\" width=\"285\" cellspacing=\"0\" cellpadding=\"2\">\n<tbody>\n<tr>\n<td height=\"19\">\n<p align=\"left\"><span style=\"font-family: Calibri; font-size: medium;\">linde-350-H12-16-18-20-03-2007<\/span><\/p>\n<\/td>\n<\/tr>\n<tr>\n<td height=\"19\">\n<p align=\"left\"><span style=\"font-family: Calibri; font-size: medium;\">Linde-396-H50.H60.H70.H80<\/span><\/p>\n<\/td>\n<\/tr>\n<tr>\n<td height=\"19\">\n<p align=\"left\"><span style=\"font-family: Calibri; font-size: medium;\">linde-350-H12-16-18-20-03-2011<\/span><\/p>\n<\/td>\n<\/tr>\n<tr>\n<td height=\"19\">\n<p align=\"left\"><span style=\"font-family: Calibri; font-size: medium;\">linde-394-01-H40-H45-H50<\/span><\/p>\n<\/td>\n<\/tr>\n<tr>\n<td height=\"19\">\n<p align=\"left\"><span style=\"font-family: Calibri; font-size: medium;\">linde-353-02-H50-H60-H70-H80-02-2003<\/span><\/p>\n<\/td>\n<\/tr>\n<tr>\n<td height=\"19\">\n<p align=\"left\"><span style=\"font-family: Calibri; font-size: medium;\">linde-393-01-H25-H30-H35-2011<\/span><\/p>\n<\/td>\n<\/tr>\n<tr>\n<td height=\"19\">\n<p align=\"left\"><span style=\"font-family: Calibri; font-size: medium;\">Linde-352-04-H35-H40-H45-04-2004<\/span><\/p>\n<\/td>\n<\/tr>\n<tr>\n<td height=\"19\">\n<p align=\"left\"><span style=\"font-family: Calibri; font-size: medium;\">linde-392-01-H20-H25-2011<\/span><\/p>\n<\/td>\n<\/tr>\n<tr>\n<td height=\"19\">\n<p align=\"left\"><span style=\"font-family: Calibri; font-size: medium;\">linde-387-E20-E25-E30-E35-2011<\/span><\/p>\n<\/td>\n<\/tr>\n<tr>\n<td height=\"19\">\n<p align=\"left\"><span style=\"font-family: Calibri; font-size: medium;\">linde-391-01-H14-H16-H18-H20-2011<\/span><\/p>\n<\/td>\n<\/tr>\n<tr>\n<td height=\"19\">\n<p align=\"left\"><span style=\"font-family: Calibri; font-size: medium;\">linde-1313-01-H25-H27-H30-H32<\/span><\/p>\n<\/td>\n<\/tr>\n<\/tbody>\n<\/table>\n<p>0009832114<\/p>\n<p>0009832108<\/p>","protected":false},"excerpt":{"rendered":"<p data-start=\"0\" data-end=\"231\"><br data-start=\"1709\" data-end=\"1712\" \/>Le <strong data-start=\"1715\" data-end=\"1746\">filtre de ventilation Linde<\/strong> fournit de l&#8217;air propre pour les moteurs et les cabines des chariots \u00e9l\u00e9vateurs et machines. Il filtre la poussi\u00e8re et la salet\u00e9, aidant \u00e0 <strong data-start=\"1886\" data-end=\"1926\">maintenir les performances du moteur<\/strong> et <strong data-start=\"1930\" data-end=\"1969\">am\u00e9liorer le confort de l&#8217;op\u00e9rateur<\/strong>.<\/p>\n<p data-start=\"1972\" data-end=\"2206\"><strong data-start=\"1972\" data-end=\"1994\">Caract\u00e9ristiques :<\/strong><br data-start=\"1994\" data-end=\"1997\" \/><strong data-start=\"1997\" data-end=\"2012\">R\u00e9f\u00e9rence :<\/strong> 0009832114<br data-start=\"2023\" data-end=\"2026\" \/><strong data-start=\"2026\" data-end=\"2043\">Utilisation :<\/strong> Ventilation moteur et cabine<br data-start=\"2072\" data-end=\"2075\" \/><strong data-start=\"2075\" data-end=\"2089\">Fonction :<\/strong> <strong data-start=\"2090\" data-end=\"2136\">Filtration de la poussi\u00e8re et de la salet\u00e9<\/strong><br data-start=\"2136\" data-end=\"2139\" \/><strong data-start=\"2139\" data-end=\"2153\">Avantage :<\/strong> <strong data-start=\"2154\" data-end=\"2204\">Protection du moteur et confort de l&#8217;op\u00e9rateur<\/strong><\/p>\n<p data-start=\"2208\" data-end=\"2449\">\n","protected":false},"featured_media":15817,"template":"","meta":[],"product_brand":[],"product_cat":[246,498,523],"product_tag":[],"class_list":{"0":"post-15811","1":"product","2":"type-product","3":"status-publish","4":"has-post-thumbnail","6":"product_cat-linde","7":"product_cat-filtre-cesitleri","8":"product_cat-yedek-parca-linde","10":"first","11":"instock","12":"taxable","13":"shipping-taxable","14":"purchasable","15":"product-type-simple"},"_links":{"self":[{"href":"https:\/\/ceoparts.com\/fr\/wp-json\/wp\/v2\/product\/15811","targetHints":{"allow":["GET"]}}],"collection":[{"href":"https:\/\/ceoparts.com\/fr\/wp-json\/wp\/v2\/product"}],"about":[{"href":"https:\/\/ceoparts.com\/fr\/wp-json\/wp\/v2\/types\/product"}],"wp:featuredmedia":[{"embeddable":true,"href":"https:\/\/ceoparts.com\/fr\/wp-json\/wp\/v2\/media\/15817"}],"wp:attachment":[{"href":"https:\/\/ceoparts.com\/fr\/wp-json\/wp\/v2\/media?parent=15811"}],"wp:term":[{"taxonomy":"product_brand","embeddable":true,"href":"https:\/\/ceoparts.com\/fr\/wp-json\/wp\/v2\/product_brand?post=15811"},{"taxonomy":"product_cat","embeddable":true,"href":"https:\/\/ceoparts.com\/fr\/wp-json\/wp\/v2\/product_cat?post=15811"},{"taxonomy":"product_tag","embeddable":true,"href":"https:\/\/ceoparts.com\/fr\/wp-json\/wp\/v2\/product_tag?post=15811"}],"curies":[{"name":"wp","href":"https:\/\/api.w.org\/{rel}","templated":true}]}}