{"id":15818,"date":"2025-03-04T14:53:44","date_gmt":"2025-03-04T11:53:44","guid":{"rendered":"https:\/\/ceoparts.com\/?post_type=product&#038;p=15818"},"modified":"2026-05-16T15:04:34","modified_gmt":"2026-05-16T12:04:34","slug":"linde-side-shift-kizak-1804460906","status":"publish","type":"product","link":"https:\/\/ceoparts.com\/fr\/urun\/linde-side-shift-kizak-1804460906\/","title":{"rendered":"Glissi\u00e8re de d\u00e9calage lat\u00e9ral Linde &#8211; 1804460906"},"content":{"rendered":"<p>Glissi\u00e8re de d\u00e9calage lat\u00e9ral Linde &#8211; 1804460906<\/p>","protected":false},"excerpt":{"rendered":"<p data-start=\"0\" data-end=\"197\"><br data-start=\"1555\" data-end=\"1558\" \/>Le <strong data-start=\"1561\" data-end=\"1586\">rail Side Shift Linde<\/strong> permet aux chariots \u00e9l\u00e9vateurs de d\u00e9caler lat\u00e9ralement les charges, offrant un positionnement pr\u00e9cis. Il offre une <strong data-start=\"1702\" data-end=\"1722\">haute durabilit\u00e9<\/strong> et une <strong data-start=\"1730\" data-end=\"1752\">performance stable<\/strong>.<\/p>\n<p data-start=\"1755\" data-end=\"1979\"><strong data-start=\"1755\" data-end=\"1777\">Caract\u00e9ristiques :<\/strong><br data-start=\"1777\" data-end=\"1780\" \/><strong data-start=\"1780\" data-end=\"1795\">R\u00e9f\u00e9rence :<\/strong> 1804460906<br data-start=\"1806\" data-end=\"1809\" \/><strong data-start=\"1809\" data-end=\"1826\">Utilisation :<\/strong> Fonction de d\u00e9calage lat\u00e9ral du chariot \u00e9l\u00e9vateur<br data-start=\"1876\" data-end=\"1879\" \/><strong data-start=\"1879\" data-end=\"1895\">Durabilit\u00e9 :<\/strong> <strong data-start=\"1896\" data-end=\"1921\">Mat\u00e9riau tr\u00e8s durable<\/strong><br data-start=\"1921\" data-end=\"1924\" \/><strong data-start=\"1924\" data-end=\"1941\">Performance :<\/strong> <strong data-start=\"1942\" data-end=\"1977\">Fonctionnement stable et fiable<\/strong><\/p>\n<p data-start=\"1981\" data-end=\"2178\">\n","protected":false},"featured_media":15820,"template":"","meta":[],"product_brand":[],"product_cat":[246,251,470,518,523],"product_tag":[],"class_list":{"0":"post-15818","1":"product","2":"type-product","3":"status-publish","4":"has-post-thumbnail","6":"product_cat-linde","7":"product_cat-bt","8":"product_cat-diger-yedek-parcalar","9":"product_cat-yedek-parca-bt","10":"product_cat-yedek-parca-linde","12":"first","13":"instock","14":"taxable","15":"shipping-taxable","16":"purchasable","17":"product-type-simple"},"_links":{"self":[{"href":"https:\/\/ceoparts.com\/fr\/wp-json\/wp\/v2\/product\/15818","targetHints":{"allow":["GET"]}}],"collection":[{"href":"https:\/\/ceoparts.com\/fr\/wp-json\/wp\/v2\/product"}],"about":[{"href":"https:\/\/ceoparts.com\/fr\/wp-json\/wp\/v2\/types\/product"}],"wp:featuredmedia":[{"embeddable":true,"href":"https:\/\/ceoparts.com\/fr\/wp-json\/wp\/v2\/media\/15820"}],"wp:attachment":[{"href":"https:\/\/ceoparts.com\/fr\/wp-json\/wp\/v2\/media?parent=15818"}],"wp:term":[{"taxonomy":"product_brand","embeddable":true,"href":"https:\/\/ceoparts.com\/fr\/wp-json\/wp\/v2\/product_brand?post=15818"},{"taxonomy":"product_cat","embeddable":true,"href":"https:\/\/ceoparts.com\/fr\/wp-json\/wp\/v2\/product_cat?post=15818"},{"taxonomy":"product_tag","embeddable":true,"href":"https:\/\/ceoparts.com\/fr\/wp-json\/wp\/v2\/product_tag?post=15818"}],"curies":[{"name":"wp","href":"https:\/\/api.w.org\/{rel}","templated":true}]}}