{"id":15829,"date":"2025-03-04T15:12:23","date_gmt":"2025-03-04T12:12:23","guid":{"rendered":"https:\/\/ceoparts.com\/?post_type=product&#038;p=15829"},"modified":"2026-05-16T17:34:17","modified_gmt":"2026-05-16T14:34:17","slug":"linde-hortum-makarasi-0009203307","status":"publish","type":"product","link":"https:\/\/ceoparts.com\/fr\/urun\/linde-hortum-makarasi-0009203307\/","title":{"rendered":"Enrouleur de tuyau Linde &#8211; 0009203307"},"content":{"rendered":"<p>Enrouleur de tuyau Linde &#8211; 0009203307<\/p>\n<p><\/p>","protected":false},"excerpt":{"rendered":"<p data-start=\"0\" data-end=\"204\"><br data-start=\"1621\" data-end=\"1624\" \/>Le <strong data-start=\"1627\" data-end=\"1652\">bobine de tuyau Linde<\/strong> est con\u00e7u pour enrouler proprement et en toute s\u00e9curit\u00e9 les tuyaux sur les chariots \u00e9l\u00e9vateurs. Fabriqu\u00e9 en mat\u00e9riaux <strong data-start=\"1771\" data-end=\"1783\">durables<\/strong>, il offre une longue dur\u00e9e de vie et une installation facile.<\/p>\n<p data-start=\"1847\" data-end=\"2075\"><strong data-start=\"1847\" data-end=\"1869\">Caract\u00e9ristiques :<\/strong><br data-start=\"1869\" data-end=\"1872\" \/><strong data-start=\"1872\" data-end=\"1887\">R\u00e9f\u00e9rence :<\/strong> 0009203307<br data-start=\"1898\" data-end=\"1901\" \/><strong data-start=\"1901\" data-end=\"1918\">Utilisation :<\/strong> Gestion des tuyaux de chariot \u00e9l\u00e9vateur<br data-start=\"1958\" data-end=\"1961\" \/><strong data-start=\"1961\" data-end=\"1975\">Mat\u00e9riau :<\/strong> Construction <strong data-start=\"1989\" data-end=\"2000\">robuste<\/strong> et durable<br data-start=\"2011\" data-end=\"2014\" \/><strong data-start=\"2014\" data-end=\"2028\">Fonction :<\/strong> Enroulement correct et protection des tuyaux<\/p>\n<p data-start=\"2077\" data-end=\"2284\">\n","protected":false},"featured_media":15834,"template":"","meta":[],"product_brand":[],"product_cat":[246,470,523],"product_tag":[],"class_list":{"0":"post-15829","1":"product","2":"type-product","3":"status-publish","4":"has-post-thumbnail","6":"product_cat-linde","7":"product_cat-diger-yedek-parcalar","8":"product_cat-yedek-parca-linde","10":"first","11":"instock","12":"taxable","13":"shipping-taxable","14":"purchasable","15":"product-type-simple"},"_links":{"self":[{"href":"https:\/\/ceoparts.com\/fr\/wp-json\/wp\/v2\/product\/15829","targetHints":{"allow":["GET"]}}],"collection":[{"href":"https:\/\/ceoparts.com\/fr\/wp-json\/wp\/v2\/product"}],"about":[{"href":"https:\/\/ceoparts.com\/fr\/wp-json\/wp\/v2\/types\/product"}],"wp:featuredmedia":[{"embeddable":true,"href":"https:\/\/ceoparts.com\/fr\/wp-json\/wp\/v2\/media\/15834"}],"wp:attachment":[{"href":"https:\/\/ceoparts.com\/fr\/wp-json\/wp\/v2\/media?parent=15829"}],"wp:term":[{"taxonomy":"product_brand","embeddable":true,"href":"https:\/\/ceoparts.com\/fr\/wp-json\/wp\/v2\/product_brand?post=15829"},{"taxonomy":"product_cat","embeddable":true,"href":"https:\/\/ceoparts.com\/fr\/wp-json\/wp\/v2\/product_cat?post=15829"},{"taxonomy":"product_tag","embeddable":true,"href":"https:\/\/ceoparts.com\/fr\/wp-json\/wp\/v2\/product_tag?post=15829"}],"curies":[{"name":"wp","href":"https:\/\/api.w.org\/{rel}","templated":true}]}}