{"id":15835,"date":"2025-03-04T15:23:56","date_gmt":"2025-03-04T12:23:56","guid":{"rendered":"https:\/\/ceoparts.com\/?post_type=product&#038;p=15835"},"modified":"2026-05-16T17:05:29","modified_gmt":"2026-05-16T14:05:29","slug":"linde-dingil-takozu-0009640129","status":"publish","type":"product","link":"https:\/\/ceoparts.com\/fr\/urun\/linde-dingil-takozu-0009640129\/","title":{"rendered":"Coussin de pivot Linde &#8211; 0009640129"},"content":{"rendered":"<p>Coussin de pivot Linde &#8211; 0009640129<\/p>\n<p>Linde<\/p>\n<ul>\n<li>Seria:\u00a0335-03\u00a0Typ:\u00a0E16\/20-03<\/li>\n<li>Seria:\u00a0335-02\u00a0Typ:\u00a0E16\/20-02<\/li>\n<li>Seria:\u00a0350-01\/02\u00a0Typ:\u00a0H12\/16\/18<\/li>\n<li>Seria:\u00a0350-03\u00a0Typ:\u00a0H12\/16\/18\/20 &#8211; 03<\/li>\n<li>Seria:\u00a0391-01\u00a0Typ:\u00a0H14\/16\/18\/20<\/li>\n<\/ul>","protected":false},"excerpt":{"rendered":"<p data-start=\"0\" data-end=\"235\"><br data-start=\"1698\" data-end=\"1701\" \/>Le <strong data-start=\"1704\" data-end=\"1727\">cale d\u2019essieu Linde<\/strong> est une pi\u00e8ce cruciale utilis\u00e9e dans les connexions d\u2019essieu de chariots \u00e9l\u00e9vateurs. Sa construction <strong data-start=\"1829\" data-end=\"1851\">robuste et durable<\/strong> am\u00e9liore la stabilit\u00e9 et les performances du chariot. Con\u00e7u pour une utilisation durable.<\/p>\n<p data-start=\"1943\" data-end=\"2167\"><strong data-start=\"1943\" data-end=\"1965\">Caract\u00e9ristiques :<\/strong><br data-start=\"1965\" data-end=\"1968\" \/><strong data-start=\"1968\" data-end=\"1983\">R\u00e9f\u00e9rence :<\/strong> 0009640129<br data-start=\"1994\" data-end=\"1997\" \/><strong data-start=\"1997\" data-end=\"2014\">Utilisation :<\/strong> Connexion d\u2019essieu de chariot \u00e9l\u00e9vateur<br data-start=\"2054\" data-end=\"2057\" \/><strong data-start=\"2057\" data-end=\"2073\">Durabilit\u00e9 :<\/strong> <strong data-start=\"2074\" data-end=\"2094\">Haute r\u00e9sistance<\/strong> et longue dur\u00e9e de vie<br data-start=\"2117\" data-end=\"2120\" \/><strong data-start=\"2120\" data-end=\"2134\">Fonction :<\/strong> Fixation s\u00e9curis\u00e9e de l\u2019essieu<\/p>\n<p data-start=\"2169\" data-end=\"2418\">\n","protected":false},"featured_media":15836,"template":"","meta":[],"product_brand":[],"product_cat":[246,470,523],"product_tag":[],"class_list":{"0":"post-15835","1":"product","2":"type-product","3":"status-publish","4":"has-post-thumbnail","6":"product_cat-linde","7":"product_cat-diger-yedek-parcalar","8":"product_cat-yedek-parca-linde","10":"first","11":"instock","12":"taxable","13":"shipping-taxable","14":"purchasable","15":"product-type-simple"},"_links":{"self":[{"href":"https:\/\/ceoparts.com\/fr\/wp-json\/wp\/v2\/product\/15835","targetHints":{"allow":["GET"]}}],"collection":[{"href":"https:\/\/ceoparts.com\/fr\/wp-json\/wp\/v2\/product"}],"about":[{"href":"https:\/\/ceoparts.com\/fr\/wp-json\/wp\/v2\/types\/product"}],"wp:featuredmedia":[{"embeddable":true,"href":"https:\/\/ceoparts.com\/fr\/wp-json\/wp\/v2\/media\/15836"}],"wp:attachment":[{"href":"https:\/\/ceoparts.com\/fr\/wp-json\/wp\/v2\/media?parent=15835"}],"wp:term":[{"taxonomy":"product_brand","embeddable":true,"href":"https:\/\/ceoparts.com\/fr\/wp-json\/wp\/v2\/product_brand?post=15835"},{"taxonomy":"product_cat","embeddable":true,"href":"https:\/\/ceoparts.com\/fr\/wp-json\/wp\/v2\/product_cat?post=15835"},{"taxonomy":"product_tag","embeddable":true,"href":"https:\/\/ceoparts.com\/fr\/wp-json\/wp\/v2\/product_tag?post=15835"}],"curies":[{"name":"wp","href":"https:\/\/api.w.org\/{rel}","templated":true}]}}