{"id":15840,"date":"2025-03-04T15:31:17","date_gmt":"2025-03-04T12:31:17","guid":{"rendered":"https:\/\/ceoparts.com\/?post_type=product&#038;p=15840"},"modified":"2026-05-16T17:33:47","modified_gmt":"2026-05-16T14:33:47","slug":"linde-amortisor-0009655685","status":"publish","type":"product","link":"https:\/\/ceoparts.com\/fr\/urun\/linde-amortisor-0009655685\/","title":{"rendered":"Amortisseur Linde &#8211; 0009655685"},"content":{"rendered":"<p>Amortisseur Linde &#8211; 0009655685<\/p>","protected":false},"excerpt":{"rendered":"<p data-start=\"109\" data-end=\"338\"><br data-start=\"1803\" data-end=\"1806\" \/><strong data-start=\"1806\" data-end=\"1827\">Amortisseur Linde<\/strong> con\u00e7u pour garantir le confort de conduite et la stabilit\u00e9 des chariots \u00e9l\u00e9vateurs. Sa structure en mat\u00e9riau <strong data-start=\"1937\" data-end=\"1954\">haut de gamme<\/strong> assure une <strong data-start=\"1966\" data-end=\"1989\">longue dur\u00e9e de vie<\/strong> et r\u00e9duit les vibrations <strong data-start=\"2015\" data-end=\"2031\">efficacement<\/strong>.<\/p>\n<p data-start=\"2034\" data-end=\"2270\"><strong data-start=\"2034\" data-end=\"2056\">Caract\u00e9ristiques :<\/strong><br data-start=\"2056\" data-end=\"2059\" \/><strong data-start=\"2059\" data-end=\"2075\">Dimensions :<\/strong> 0009655685<br data-start=\"2086\" data-end=\"2089\" \/><strong data-start=\"2089\" data-end=\"2106\">Utilisation :<\/strong> Syst\u00e8me d&#8217;amortisseur de chariot \u00e9l\u00e9vateur<br data-start=\"2149\" data-end=\"2152\" \/><strong data-start=\"2152\" data-end=\"2166\">Fonction :<\/strong> Amortissement des vibrations et am\u00e9lioration de la stabilit\u00e9<br data-start=\"2227\" data-end=\"2230\" \/><strong data-start=\"2230\" data-end=\"2246\">Durabilit\u00e9 :<\/strong> <strong data-start=\"2247\" data-end=\"2257\">Solide<\/strong> et durable<\/p>\n<p data-start=\"2272\" data-end=\"2493\">\n<p>386-25 E14-20<br \/>\n386 E12\/14\/15\/16\/18\/20<\/p>\n","protected":false},"featured_media":15841,"template":"","meta":[],"product_brand":[],"product_cat":[497,523,246],"product_tag":[],"class_list":{"0":"post-15840","1":"product","2":"type-product","3":"status-publish","4":"has-post-thumbnail","6":"product_cat-amortisor-grubu","7":"product_cat-yedek-parca-linde","8":"product_cat-linde","10":"first","11":"instock","12":"taxable","13":"shipping-taxable","14":"purchasable","15":"product-type-simple"},"_links":{"self":[{"href":"https:\/\/ceoparts.com\/fr\/wp-json\/wp\/v2\/product\/15840","targetHints":{"allow":["GET"]}}],"collection":[{"href":"https:\/\/ceoparts.com\/fr\/wp-json\/wp\/v2\/product"}],"about":[{"href":"https:\/\/ceoparts.com\/fr\/wp-json\/wp\/v2\/types\/product"}],"wp:featuredmedia":[{"embeddable":true,"href":"https:\/\/ceoparts.com\/fr\/wp-json\/wp\/v2\/media\/15841"}],"wp:attachment":[{"href":"https:\/\/ceoparts.com\/fr\/wp-json\/wp\/v2\/media?parent=15840"}],"wp:term":[{"taxonomy":"product_brand","embeddable":true,"href":"https:\/\/ceoparts.com\/fr\/wp-json\/wp\/v2\/product_brand?post=15840"},{"taxonomy":"product_cat","embeddable":true,"href":"https:\/\/ceoparts.com\/fr\/wp-json\/wp\/v2\/product_cat?post=15840"},{"taxonomy":"product_tag","embeddable":true,"href":"https:\/\/ceoparts.com\/fr\/wp-json\/wp\/v2\/product_tag?post=15840"}],"curies":[{"name":"wp","href":"https:\/\/api.w.org\/{rel}","templated":true}]}}