{"id":15845,"date":"2025-03-04T15:44:57","date_gmt":"2025-03-04T12:44:57","guid":{"rendered":"https:\/\/ceoparts.com\/?post_type=product&#038;p=15845"},"modified":"2026-05-16T18:34:50","modified_gmt":"2026-05-16T15:34:50","slug":"linde-asansor-hortum-makarasi-0009203301","status":"publish","type":"product","link":"https:\/\/ceoparts.com\/fr\/urun\/linde-asansor-hortum-makarasi-0009203301\/","title":{"rendered":"Enrouleur de tuyau \u00e9l\u00e9vateur Linde &#8211; 0009203301"},"content":{"rendered":"<p>Enrouleur de tuyau \u00e9l\u00e9vateur Linde &#8211; 0009203301<\/p>","protected":false},"excerpt":{"rendered":"<p data-start=\"78\" data-end=\"297\"><br data-start=\"1727\" data-end=\"1730\" \/>Le <strong data-start=\"1733\" data-end=\"1773\">d\u00e9vidoir de flexible de levage Linde<\/strong> garantit un fonctionnement ordonn\u00e9 et s\u00e9curis\u00e9 des flexibles hydrauliques sur les chariots \u00e9l\u00e9vateurs. Sa structure <strong data-start=\"1890\" data-end=\"1900\">solide<\/strong> et <strong data-start=\"1904\" data-end=\"1915\">durable<\/strong> emp\u00eache l\u2019usure et l\u2019emm\u00ealement des flexibles.<\/p>\n<p data-start=\"1964\" data-end=\"2197\"><strong data-start=\"1964\" data-end=\"1986\">Caract\u00e9ristiques :<\/strong><br data-start=\"1986\" data-end=\"1989\" \/><strong data-start=\"1989\" data-end=\"2005\">Dimensions :<\/strong> 0009203301<br data-start=\"2016\" data-end=\"2019\" \/><strong data-start=\"2019\" data-end=\"2036\">Utilisation :<\/strong> Syst\u00e8mes de levage de chariots \u00e9l\u00e9vateurs<br data-start=\"2078\" data-end=\"2081\" \/><strong data-start=\"2081\" data-end=\"2095\">Fonction :<\/strong> Organisateur et protecteur de flexibles hydrauliques<br data-start=\"2148\" data-end=\"2151\" \/><strong data-start=\"2151\" data-end=\"2167\">Durabilit\u00e9 :<\/strong> Structure solide et durable<\/p>\n<p data-start=\"2199\" data-end=\"2420\">\n<p>391-01-H14-H16-H18-H20-2011<br \/>\n0009203301<\/p>\n","protected":false},"featured_media":15849,"template":"","meta":[],"product_brand":[],"product_cat":[246,470,523],"product_tag":[],"class_list":{"0":"post-15845","1":"product","2":"type-product","3":"status-publish","4":"has-post-thumbnail","6":"product_cat-linde","7":"product_cat-diger-yedek-parcalar","8":"product_cat-yedek-parca-linde","10":"first","11":"instock","12":"taxable","13":"shipping-taxable","14":"purchasable","15":"product-type-simple"},"_links":{"self":[{"href":"https:\/\/ceoparts.com\/fr\/wp-json\/wp\/v2\/product\/15845","targetHints":{"allow":["GET"]}}],"collection":[{"href":"https:\/\/ceoparts.com\/fr\/wp-json\/wp\/v2\/product"}],"about":[{"href":"https:\/\/ceoparts.com\/fr\/wp-json\/wp\/v2\/types\/product"}],"wp:featuredmedia":[{"embeddable":true,"href":"https:\/\/ceoparts.com\/fr\/wp-json\/wp\/v2\/media\/15849"}],"wp:attachment":[{"href":"https:\/\/ceoparts.com\/fr\/wp-json\/wp\/v2\/media?parent=15845"}],"wp:term":[{"taxonomy":"product_brand","embeddable":true,"href":"https:\/\/ceoparts.com\/fr\/wp-json\/wp\/v2\/product_brand?post=15845"},{"taxonomy":"product_cat","embeddable":true,"href":"https:\/\/ceoparts.com\/fr\/wp-json\/wp\/v2\/product_cat?post=15845"},{"taxonomy":"product_tag","embeddable":true,"href":"https:\/\/ceoparts.com\/fr\/wp-json\/wp\/v2\/product_tag?post=15845"}],"curies":[{"name":"wp","href":"https:\/\/api.w.org\/{rel}","templated":true}]}}