{"id":15850,"date":"2025-03-04T15:53:44","date_gmt":"2025-03-04T12:53:44","guid":{"rendered":"https:\/\/ceoparts.com\/?post_type=product&#038;p=15850"},"modified":"2026-05-16T17:23:00","modified_gmt":"2026-05-16T14:23:00","slug":"linde-koruma-kapagi-3864324200","status":"publish","type":"product","link":"https:\/\/ceoparts.com\/fr\/urun\/linde-koruma-kapagi-3864324200\/","title":{"rendered":"Couvercle de protection Linde &#8211; 3864324200"},"content":{"rendered":"<p>Couvercle de protection Linde &#8211; 3864324200<\/p>","protected":false},"excerpt":{"rendered":"<p data-start=\"57\" data-end=\"258\"><br data-start=\"1475\" data-end=\"1478\" \/>Couvercle de protection Linde haute r\u00e9sistance, sp\u00e9cialement con\u00e7u pour les chariots \u00e9l\u00e9vateurs et engins de manutention. Prot\u00e8ge le syst\u00e8me contre les agressions ext\u00e9rieures et les chocs, durable et facile \u00e0 installer.<\/p>\n<p data-start=\"1699\" data-end=\"1871\">Caract\u00e9ristiques :<br data-start=\"1717\" data-end=\"1720\" \/>Dimension : Standard<br data-start=\"1740\" data-end=\"1743\" \/>Mat\u00e9riau : Plastique r\u00e9sistant<br data-start=\"1773\" data-end=\"1776\" \/>Utilisation : Chariots \u00e9l\u00e9vateurs et engins industriels<br data-start=\"1831\" data-end=\"1834\" \/>R\u00e9sistance : Aux chocs et \u00e0 l\u2019usure<\/p>\n<p data-start=\"1873\" data-end=\"2093\">\n","protected":false},"featured_media":15851,"template":"","meta":[],"product_brand":[],"product_cat":[246,472,523],"product_tag":[],"class_list":{"0":"post-15850","1":"product","2":"type-product","3":"status-publish","4":"has-post-thumbnail","6":"product_cat-linde","7":"product_cat-kaporta-aksami","8":"product_cat-yedek-parca-linde","10":"first","11":"instock","12":"taxable","13":"shipping-taxable","14":"purchasable","15":"product-type-simple"},"_links":{"self":[{"href":"https:\/\/ceoparts.com\/fr\/wp-json\/wp\/v2\/product\/15850","targetHints":{"allow":["GET"]}}],"collection":[{"href":"https:\/\/ceoparts.com\/fr\/wp-json\/wp\/v2\/product"}],"about":[{"href":"https:\/\/ceoparts.com\/fr\/wp-json\/wp\/v2\/types\/product"}],"wp:featuredmedia":[{"embeddable":true,"href":"https:\/\/ceoparts.com\/fr\/wp-json\/wp\/v2\/media\/15851"}],"wp:attachment":[{"href":"https:\/\/ceoparts.com\/fr\/wp-json\/wp\/v2\/media?parent=15850"}],"wp:term":[{"taxonomy":"product_brand","embeddable":true,"href":"https:\/\/ceoparts.com\/fr\/wp-json\/wp\/v2\/product_brand?post=15850"},{"taxonomy":"product_cat","embeddable":true,"href":"https:\/\/ceoparts.com\/fr\/wp-json\/wp\/v2\/product_cat?post=15850"},{"taxonomy":"product_tag","embeddable":true,"href":"https:\/\/ceoparts.com\/fr\/wp-json\/wp\/v2\/product_tag?post=15850"}],"curies":[{"name":"wp","href":"https:\/\/api.w.org\/{rel}","templated":true}]}}