{"id":15855,"date":"2025-03-04T16:07:15","date_gmt":"2025-03-04T13:07:15","guid":{"rendered":"https:\/\/ceoparts.com\/?post_type=product&#038;p=15855"},"modified":"2026-05-16T17:22:58","modified_gmt":"2026-05-16T14:22:58","slug":"linde-amortisor-0009655702","status":"publish","type":"product","link":"https:\/\/ceoparts.com\/fr\/urun\/linde-amortisor-0009655702\/","title":{"rendered":"Ressort \u00e0 gaz Linde &#8211; 0009655702"},"content":{"rendered":"<p>Ressort \u00e0 gaz Linde &#8211; 0009655702<\/p>","protected":false},"excerpt":{"rendered":"<p data-start=\"348\" data-end=\"523\"><br data-start=\"1882\" data-end=\"1885\" \/>Amortisseur Linde pour une utilisation s\u00fbre et confortable sur chariots \u00e9l\u00e9vateurs et engins de manutention. R\u00e9duit les vibrations, am\u00e9liore la stabilit\u00e9 et offre une longue dur\u00e9e de vie.<\/p>\n<p data-start=\"2074\" data-end=\"2301\"><strong data-start=\"2074\" data-end=\"2096\">Caract\u00e9ristiques :<\/strong><br data-start=\"2096\" data-end=\"2099\" \/><strong data-start=\"2099\" data-end=\"2115\">Dimensions :<\/strong> 0009655702<br data-start=\"2126\" data-end=\"2129\" \/><strong data-start=\"2129\" data-end=\"2146\">Utilisation :<\/strong> Chariots \u00e9l\u00e9vateurs et engins industriels<br data-start=\"2188\" data-end=\"2191\" \/><strong data-start=\"2191\" data-end=\"2205\">Fonction :<\/strong> Amortissement des vibrations et stabilisation<br data-start=\"2251\" data-end=\"2254\" \/><strong data-start=\"2254\" data-end=\"2270\">Durabilit\u00e9 :<\/strong> Durable et r\u00e9sistant \u00e0 l&#8217;usure<\/p>\n<p data-start=\"2303\" data-end=\"2490\">\n","protected":false},"featured_media":15857,"template":"","meta":[],"product_brand":[],"product_cat":[246,497,523],"product_tag":[],"class_list":{"0":"post-15855","1":"product","2":"type-product","3":"status-publish","4":"has-post-thumbnail","6":"product_cat-linde","7":"product_cat-amortisor-grubu","8":"product_cat-yedek-parca-linde","10":"first","11":"instock","12":"taxable","13":"shipping-taxable","14":"purchasable","15":"product-type-simple"},"_links":{"self":[{"href":"https:\/\/ceoparts.com\/fr\/wp-json\/wp\/v2\/product\/15855","targetHints":{"allow":["GET"]}}],"collection":[{"href":"https:\/\/ceoparts.com\/fr\/wp-json\/wp\/v2\/product"}],"about":[{"href":"https:\/\/ceoparts.com\/fr\/wp-json\/wp\/v2\/types\/product"}],"wp:featuredmedia":[{"embeddable":true,"href":"https:\/\/ceoparts.com\/fr\/wp-json\/wp\/v2\/media\/15857"}],"wp:attachment":[{"href":"https:\/\/ceoparts.com\/fr\/wp-json\/wp\/v2\/media?parent=15855"}],"wp:term":[{"taxonomy":"product_brand","embeddable":true,"href":"https:\/\/ceoparts.com\/fr\/wp-json\/wp\/v2\/product_brand?post=15855"},{"taxonomy":"product_cat","embeddable":true,"href":"https:\/\/ceoparts.com\/fr\/wp-json\/wp\/v2\/product_cat?post=15855"},{"taxonomy":"product_tag","embeddable":true,"href":"https:\/\/ceoparts.com\/fr\/wp-json\/wp\/v2\/product_tag?post=15855"}],"curies":[{"name":"wp","href":"https:\/\/api.w.org\/{rel}","templated":true}]}}