{"id":15860,"date":"2025-03-04T16:12:43","date_gmt":"2025-03-04T13:12:43","guid":{"rendered":"https:\/\/ceoparts.com\/?post_type=product&#038;p=15860"},"modified":"2026-05-16T18:34:22","modified_gmt":"2026-05-16T15:34:22","slug":"linde-koruma-kapak-3864381805","status":"publish","type":"product","link":"https:\/\/ceoparts.com\/fr\/urun\/linde-koruma-kapak-3864381805\/","title":{"rendered":"Couvercle de protection Linde &#8211; 3864381805"},"content":{"rendered":"<p>Couvercle de protection Linde &#8211; 3864381805<\/p>","protected":false},"excerpt":{"rendered":"<p data-start=\"70\" data-end=\"276\"><br data-start=\"1771\" data-end=\"1774\" \/><strong data-start=\"1774\" data-end=\"1807\">Couvercle de protection Linde<\/strong> utilis\u00e9 pour prot\u00e9ger les pi\u00e8ces sensibles contre les facteurs externes dans les chariots \u00e9l\u00e9vateurs et les engins de manutention. Sa structure robuste assure une longue dur\u00e9e de vie et am\u00e9liore la s\u00e9curit\u00e9 de l\u2019\u00e9quipement.<\/p>\n<p data-start=\"2033\" data-end=\"2280\"><strong data-start=\"2033\" data-end=\"2055\">Caract\u00e9ristiques :<\/strong><br data-start=\"2055\" data-end=\"2058\" \/><strong data-start=\"2058\" data-end=\"2074\">Dimensions :<\/strong> 3864381805<br data-start=\"2085\" data-end=\"2088\" \/><strong data-start=\"2088\" data-end=\"2105\">Utilisation :<\/strong> Chariots \u00e9l\u00e9vateurs et engins de manutention<br data-start=\"2150\" data-end=\"2153\" \/><strong data-start=\"2153\" data-end=\"2167\">Fonction :<\/strong> Protection des pi\u00e8ces sensibles contre les agressions ext\u00e9rieures<br data-start=\"2233\" data-end=\"2236\" \/><strong data-start=\"2236\" data-end=\"2252\">Durabilit\u00e9 :<\/strong> Durable et structure solide<\/p>\n<p data-start=\"2282\" data-end=\"2528\">\n","protected":false},"featured_media":15862,"template":"","meta":[],"product_brand":[],"product_cat":[246,472,523],"product_tag":[],"class_list":{"0":"post-15860","1":"product","2":"type-product","3":"status-publish","4":"has-post-thumbnail","6":"product_cat-linde","7":"product_cat-kaporta-aksami","8":"product_cat-yedek-parca-linde","10":"first","11":"instock","12":"taxable","13":"shipping-taxable","14":"purchasable","15":"product-type-simple"},"_links":{"self":[{"href":"https:\/\/ceoparts.com\/fr\/wp-json\/wp\/v2\/product\/15860","targetHints":{"allow":["GET"]}}],"collection":[{"href":"https:\/\/ceoparts.com\/fr\/wp-json\/wp\/v2\/product"}],"about":[{"href":"https:\/\/ceoparts.com\/fr\/wp-json\/wp\/v2\/types\/product"}],"wp:featuredmedia":[{"embeddable":true,"href":"https:\/\/ceoparts.com\/fr\/wp-json\/wp\/v2\/media\/15862"}],"wp:attachment":[{"href":"https:\/\/ceoparts.com\/fr\/wp-json\/wp\/v2\/media?parent=15860"}],"wp:term":[{"taxonomy":"product_brand","embeddable":true,"href":"https:\/\/ceoparts.com\/fr\/wp-json\/wp\/v2\/product_brand?post=15860"},{"taxonomy":"product_cat","embeddable":true,"href":"https:\/\/ceoparts.com\/fr\/wp-json\/wp\/v2\/product_cat?post=15860"},{"taxonomy":"product_tag","embeddable":true,"href":"https:\/\/ceoparts.com\/fr\/wp-json\/wp\/v2\/product_tag?post=15860"}],"curies":[{"name":"wp","href":"https:\/\/api.w.org\/{rel}","templated":true}]}}