{"id":15871,"date":"2025-03-05T11:19:35","date_gmt":"2025-03-05T08:19:35","guid":{"rendered":"https:\/\/ceoparts.com\/?post_type=product&#038;p=15871"},"modified":"2026-05-16T09:34:15","modified_gmt":"2026-05-16T06:34:15","slug":"230x75-80-tellure-rota-yuruyus-tekeri-0009933848-4494268-0009903807","status":"publish","type":"product","link":"https:\/\/ceoparts.com\/fr\/urun\/230x75-80-tellure-rota-yuruyus-tekeri-0009933848-4494268-0009903807\/","title":{"rendered":"230&#215;75-80 Tellure Rota Roue de Marche &#8211; 0009933848, 4494268, 0009903807"},"content":{"rendered":"<p>230&#215;75-80 Tellure Rota Roue de Marche &#8211; 0009933848, 4494268, 0009903807<\/p>\n<p>EGV-S 330221\/330222<br \/>\nEGV-S LB 330229\/330230<\/p>","protected":false},"excerpt":{"rendered":"<p data-start=\"1715\" data-end=\"1967\">La <strong data-start=\"1718\" data-end=\"1765\">roue motrice Tellure Rota haute performance<\/strong> assure un d\u00e9placement fluide et stable pour les chariots \u00e9l\u00e9vateurs et \u00e9quipements industriels. Con\u00e7ue en mat\u00e9riau r\u00e9sistant \u00e0 l\u2019usure, elle offre une grande long\u00e9vit\u00e9 et une capacit\u00e9 de charge \u00e9lev\u00e9e.<\/p>\n<p data-start=\"1969\" data-end=\"2265\"><strong data-start=\"1969\" data-end=\"1991\">Caract\u00e9ristiques :<\/strong><br data-start=\"1991\" data-end=\"1994\" \/>Dimensions : 230\u00d775-80<br data-start=\"2016\" data-end=\"2019\" \/>Mat\u00e9riau : Polyur\u00e9thane \/ Caoutchouc industriel<br data-start=\"2066\" data-end=\"2069\" \/>Utilisation : Chariots \u00e9l\u00e9vateurs et \u00e9quipements industriels<br data-start=\"2129\" data-end=\"2132\" \/>Capacit\u00e9 de charge : \u00c9lev\u00e9e<br data-start=\"2159\" data-end=\"2162\" \/>Durabilit\u00e9 : R\u00e9sistante \u00e0 l\u2019usure et aux chocs<br data-start=\"2208\" data-end=\"2211\" \/>R\u00e9f\u00e9rences produit : 0009933848, 4494268, 0009903807<\/p>\n","protected":false},"featured_media":15874,"template":"","meta":[],"product_brand":[],"product_cat":[412,414,193],"product_tag":[],"class_list":{"0":"post-15871","1":"product","2":"type-product","3":"status-publish","4":"has-post-thumbnail","6":"product_cat-tellure-rota","7":"product_cat-yuruyus-tekeri-rota","8":"product_cat-yuruyus-tekeri","10":"first","11":"instock","12":"taxable","13":"shipping-taxable","14":"purchasable","15":"product-type-simple"},"_links":{"self":[{"href":"https:\/\/ceoparts.com\/fr\/wp-json\/wp\/v2\/product\/15871","targetHints":{"allow":["GET"]}}],"collection":[{"href":"https:\/\/ceoparts.com\/fr\/wp-json\/wp\/v2\/product"}],"about":[{"href":"https:\/\/ceoparts.com\/fr\/wp-json\/wp\/v2\/types\/product"}],"wp:featuredmedia":[{"embeddable":true,"href":"https:\/\/ceoparts.com\/fr\/wp-json\/wp\/v2\/media\/15874"}],"wp:attachment":[{"href":"https:\/\/ceoparts.com\/fr\/wp-json\/wp\/v2\/media?parent=15871"}],"wp:term":[{"taxonomy":"product_brand","embeddable":true,"href":"https:\/\/ceoparts.com\/fr\/wp-json\/wp\/v2\/product_brand?post=15871"},{"taxonomy":"product_cat","embeddable":true,"href":"https:\/\/ceoparts.com\/fr\/wp-json\/wp\/v2\/product_cat?post=15871"},{"taxonomy":"product_tag","embeddable":true,"href":"https:\/\/ceoparts.com\/fr\/wp-json\/wp\/v2\/product_tag?post=15871"}],"curies":[{"name":"wp","href":"https:\/\/api.w.org\/{rel}","templated":true}]}}