{"id":16040,"date":"2025-03-17T14:36:46","date_gmt":"2025-03-17T11:36:46","guid":{"rendered":"https:\/\/ceoparts.com\/?post_type=product&#038;p=16040"},"modified":"2026-05-03T04:37:10","modified_gmt":"2026-05-03T01:37:10","slug":"125x54-60-20-blickle-denge-tekeri-7563324","status":"publish","type":"product","link":"https:\/\/ceoparts.com\/fr\/urun\/125x54-60-20-blickle-denge-tekeri-7563324\/","title":{"rendered":"125&#215;54\/60-20 Roue Blickle &#8211; 7563324"},"content":{"rendered":"<p>125&#215;54\/60-20 Roue Blickle &#8211; 7563324<\/p>\n<div class=\"font12\">ERE 120 \/ 9.05 &#8211; 10.07<br \/>\nERE 120 \/ 6.08 &#8211;<\/div>\n<div class=\"font12\">ECE 118 \/ 12.06 &#8211; 3.10<\/div>\n<div class=\"font12\">ERD K18 \/ 10.09 &#8211;<\/div>\n<div class=\"font12\">EJE C20 \/ 7.03 &#8211;<br \/>\nEJE 116\/118\/120 \/ 9.03 &#8211; 10.07<\/div>\n<div class=\"font12\"><\/div>\n<div class=\"font12\">BT \/ Toyota<\/div>\n<div class=\"font12\">\n<div class=\"font12\"><span style=\"color: #231f20; font-family: tim;\">LPE 200<\/span><\/div>\n<div class=\"font12\"><span style=\"color: #231f20; font-family: tim;\">LPE 220<\/span><\/div>\n<div class=\"font12\"><span style=\"color: #231f20; font-family: tim;\">LPE 250<\/span><\/div>\n<\/div>","protected":false},"excerpt":{"rendered":"<div class=\"font12\">\n<p data-start=\"1524\" data-end=\"1846\">La roue de charge Blickle offre une grande durabilit\u00e9 et est con\u00e7ue pour les chariots \u00e9l\u00e9vateurs et les machines lourdes. Fabriqu\u00e9e en Vulkollan, elle assure une longue dur\u00e9e de vie et des performances sup\u00e9rieures. Elle r\u00e9duit les vibrations, am\u00e9liorant le confort de l\u2019op\u00e9rateur, et poss\u00e8de une grande capacit\u00e9 de charge.<\/p>\n<p data-start=\"1848\" data-end=\"2057\"><strong data-start=\"1848\" data-end=\"1870\">Caract\u00e9ristiques :<\/strong><br data-start=\"1870\" data-end=\"1873\" \/>Taille : 125\u00d754\/60-20<br data-start=\"1894\" data-end=\"1897\" \/>Mat\u00e9riau : Vulkollan<br data-start=\"1917\" data-end=\"1920\" \/>Utilisation : Chariots \u00e9l\u00e9vateurs et machines lourdes<br data-start=\"1973\" data-end=\"1976\" \/>Capacit\u00e9 de charge : \u00c9lev\u00e9e<br data-start=\"2003\" data-end=\"2006\" \/>Durabilit\u00e9 : Longue dur\u00e9e et r\u00e9sistante \u00e0 l\u2019usure<\/p>\n<\/div>\n","protected":false},"featured_media":16044,"template":"","meta":[],"product_brand":[],"product_cat":[251,252,499,501,521,527,185],"product_tag":[],"class_list":{"0":"post-16040","1":"product","2":"type-product","3":"status-publish","4":"has-post-thumbnail","6":"product_cat-bt","7":"product_cat-denge-tekeri-bt","8":"product_cat-blickle","9":"product_cat-denge-tekeri-blickle","10":"product_cat-toyota","11":"product_cat-denge-tekeri-toyota","12":"product_cat-denge-tekeri","14":"first","15":"instock","16":"taxable","17":"shipping-taxable","18":"purchasable","19":"product-type-simple"},"_links":{"self":[{"href":"https:\/\/ceoparts.com\/fr\/wp-json\/wp\/v2\/product\/16040","targetHints":{"allow":["GET"]}}],"collection":[{"href":"https:\/\/ceoparts.com\/fr\/wp-json\/wp\/v2\/product"}],"about":[{"href":"https:\/\/ceoparts.com\/fr\/wp-json\/wp\/v2\/types\/product"}],"wp:featuredmedia":[{"embeddable":true,"href":"https:\/\/ceoparts.com\/fr\/wp-json\/wp\/v2\/media\/16044"}],"wp:attachment":[{"href":"https:\/\/ceoparts.com\/fr\/wp-json\/wp\/v2\/media?parent=16040"}],"wp:term":[{"taxonomy":"product_brand","embeddable":true,"href":"https:\/\/ceoparts.com\/fr\/wp-json\/wp\/v2\/product_brand?post=16040"},{"taxonomy":"product_cat","embeddable":true,"href":"https:\/\/ceoparts.com\/fr\/wp-json\/wp\/v2\/product_cat?post=16040"},{"taxonomy":"product_tag","embeddable":true,"href":"https:\/\/ceoparts.com\/fr\/wp-json\/wp\/v2\/product_tag?post=16040"}],"curies":[{"name":"wp","href":"https:\/\/api.w.org\/{rel}","templated":true}]}}