{"id":16052,"date":"2025-03-17T16:36:14","date_gmt":"2025-03-17T13:36:14","guid":{"rendered":"https:\/\/ceoparts.com\/?post_type=product&#038;p=16052"},"modified":"2026-05-16T11:45:59","modified_gmt":"2026-05-16T08:45:59","slug":"150x50-65-12-stellana-denge-tekeri-0039903515","status":"publish","type":"product","link":"https:\/\/ceoparts.com\/fr\/urun\/150x50-65-12-stellana-denge-tekeri-0039903515\/","title":{"rendered":"150&#215;50\/65-12 Roue Stellana &#8211; 0039903515"},"content":{"rendered":"<p>150&#215;50\/65-12 Roue Stellana &#8211; 0039903515<\/p>\n<p>372\u00a0L14\/16<br \/>\n372 L14\/16\/L14AP\/16AP<br \/>\n379\u00a0L10\/12-L10\/12AS<\/p>","protected":false},"excerpt":{"rendered":"<p data-start=\"1500\" data-end=\"1839\">La roue de charge Stellana offre une grande durabilit\u00e9 et est con\u00e7ue pour les chariots \u00e9l\u00e9vateurs et les machines lourdes. Fabriqu\u00e9e en Vulkollan, elle assure une longue dur\u00e9e de vie et des performances sup\u00e9rieures. Elle r\u00e9duit les vibrations, am\u00e9liorant le confort de l\u2019op\u00e9rateur, et poss\u00e8de une grande capacit\u00e9 de charge.<\/p>\n<p data-start=\"1841\" data-end=\"2048\"><strong data-start=\"1841\" data-end=\"1863\">Caract\u00e9ristiques :<\/strong><br data-start=\"1863\" data-end=\"1866\" \/>Taille : 150\u00d750\/65-12<br data-start=\"1887\" data-end=\"1890\" \/>Mat\u00e9riau : Vulkollan<br data-start=\"1910\" data-end=\"1913\" \/>Utilisation : Chariots \u00e9l\u00e9vateurs et machines lourdes<br data-start=\"1966\" data-end=\"1969\" \/>Capacit\u00e9 de charge : \u00c9lev\u00e9e<br data-start=\"1996\" data-end=\"1999\" \/>Durabilit\u00e9 : Longue dur\u00e9e et r\u00e9sistante \u00e0 l\u2019usure<\/p>\n","protected":false},"featured_media":17615,"template":"","meta":[],"product_brand":[],"product_cat":[416,417,185],"product_tag":[],"class_list":{"0":"post-16052","1":"product","2":"type-product","3":"status-publish","4":"has-post-thumbnail","6":"product_cat-stellana","7":"product_cat-denge-tekeri-stellana","8":"product_cat-denge-tekeri","10":"first","11":"instock","12":"taxable","13":"shipping-taxable","14":"purchasable","15":"product-type-simple"},"_links":{"self":[{"href":"https:\/\/ceoparts.com\/fr\/wp-json\/wp\/v2\/product\/16052","targetHints":{"allow":["GET"]}}],"collection":[{"href":"https:\/\/ceoparts.com\/fr\/wp-json\/wp\/v2\/product"}],"about":[{"href":"https:\/\/ceoparts.com\/fr\/wp-json\/wp\/v2\/types\/product"}],"wp:featuredmedia":[{"embeddable":true,"href":"https:\/\/ceoparts.com\/fr\/wp-json\/wp\/v2\/media\/17615"}],"wp:attachment":[{"href":"https:\/\/ceoparts.com\/fr\/wp-json\/wp\/v2\/media?parent=16052"}],"wp:term":[{"taxonomy":"product_brand","embeddable":true,"href":"https:\/\/ceoparts.com\/fr\/wp-json\/wp\/v2\/product_brand?post=16052"},{"taxonomy":"product_cat","embeddable":true,"href":"https:\/\/ceoparts.com\/fr\/wp-json\/wp\/v2\/product_cat?post=16052"},{"taxonomy":"product_tag","embeddable":true,"href":"https:\/\/ceoparts.com\/fr\/wp-json\/wp\/v2\/product_tag?post=16052"}],"curies":[{"name":"wp","href":"https:\/\/api.w.org\/{rel}","templated":true}]}}