{"id":16057,"date":"2025-03-17T17:09:40","date_gmt":"2025-03-17T14:09:40","guid":{"rendered":"https:\/\/ceoparts.com\/?post_type=product&#038;p=16057"},"modified":"2026-05-02T16:23:06","modified_gmt":"2026-05-02T13:23:06","slug":"140x60-65-20-stellana-denge-tekeri-116677","status":"publish","type":"product","link":"https:\/\/ceoparts.com\/fr\/urun\/140x60-65-20-stellana-denge-tekeri-116677\/","title":{"rendered":"140&#215;60\/75-20 Roue Stellana &#8211; 116677"},"content":{"rendered":"<p>140&#215;60\/75-20 Roue Stellana &#8211; 116677<\/p>\n<p>Atlet PLL<br \/>\nAtlet PSH<br \/>\nAtlet CLL T-200<br \/>\nAtlet PLE<br \/>\nAtlet PSD<br \/>\nAtlet PSL<br \/>\nAtlet LEC,CS,CSH<br \/>\nLafis leh<\/p>","protected":false},"excerpt":{"rendered":"<p data-start=\"2341\" data-end=\"2730\">La roue de charge Stellana Atlet offre une grande durabilit\u00e9 et est con\u00e7ue pour les chariots \u00e9l\u00e9vateurs et les machines lourdes. Fabriqu\u00e9e en mat\u00e9riau Vulkollan, elle garantit une longue dur\u00e9e de vie et des performances sup\u00e9rieures. Elle r\u00e9duit les vibrations pour am\u00e9liorer le confort de l\u2019op\u00e9rateur et supporte une charge \u00e9lev\u00e9e.<\/p>\n<p data-start=\"2732\" data-end=\"2755\"><strong data-start=\"2732\" data-end=\"2753\">Caract\u00e9ristiques:<\/strong><\/p>\n<ul data-start=\"2756\" data-end=\"2944\">\n<li data-start=\"2756\" data-end=\"2781\">\n<p data-start=\"2758\" data-end=\"2781\">Taille : 140\u00d760\/75-20<\/p>\n<\/li>\n<li data-start=\"2782\" data-end=\"2806\">\n<p data-start=\"2784\" data-end=\"2806\">Mat\u00e9riau : Vulkollan<\/p>\n<\/li>\n<li data-start=\"2807\" data-end=\"2858\">\n<p data-start=\"2809\" data-end=\"2858\">Usage : Chariots \u00e9l\u00e9vateurs et machines lourdes<\/p>\n<\/li>\n<li data-start=\"2859\" data-end=\"2890\">\n<p data-start=\"2861\" data-end=\"2890\">Capacit\u00e9 de charge : \u00c9lev\u00e9e<\/p>\n<\/li>\n<li data-start=\"2891\" data-end=\"2944\">\n<p data-start=\"2893\" data-end=\"2944\">Durabilit\u00e9 : Longue dur\u00e9e et r\u00e9sistance \u00e0 l\u2019usure<\/p>\n<\/li>\n<\/ul>\n","protected":false},"featured_media":16061,"template":"","meta":[],"product_brand":[],"product_cat":[416,417,185],"product_tag":[],"class_list":{"0":"post-16057","1":"product","2":"type-product","3":"status-publish","4":"has-post-thumbnail","6":"product_cat-stellana","7":"product_cat-denge-tekeri-stellana","8":"product_cat-denge-tekeri","10":"first","11":"instock","12":"taxable","13":"shipping-taxable","14":"purchasable","15":"product-type-simple"},"_links":{"self":[{"href":"https:\/\/ceoparts.com\/fr\/wp-json\/wp\/v2\/product\/16057","targetHints":{"allow":["GET"]}}],"collection":[{"href":"https:\/\/ceoparts.com\/fr\/wp-json\/wp\/v2\/product"}],"about":[{"href":"https:\/\/ceoparts.com\/fr\/wp-json\/wp\/v2\/types\/product"}],"wp:featuredmedia":[{"embeddable":true,"href":"https:\/\/ceoparts.com\/fr\/wp-json\/wp\/v2\/media\/16061"}],"wp:attachment":[{"href":"https:\/\/ceoparts.com\/fr\/wp-json\/wp\/v2\/media?parent=16057"}],"wp:term":[{"taxonomy":"product_brand","embeddable":true,"href":"https:\/\/ceoparts.com\/fr\/wp-json\/wp\/v2\/product_brand?post=16057"},{"taxonomy":"product_cat","embeddable":true,"href":"https:\/\/ceoparts.com\/fr\/wp-json\/wp\/v2\/product_cat?post=16057"},{"taxonomy":"product_tag","embeddable":true,"href":"https:\/\/ceoparts.com\/fr\/wp-json\/wp\/v2\/product_tag?post=16057"}],"curies":[{"name":"wp","href":"https:\/\/api.w.org\/{rel}","templated":true}]}}