{"id":16097,"date":"2025-03-19T12:00:51","date_gmt":"2025-03-19T09:00:51","guid":{"rendered":"https:\/\/ceoparts.com\/?post_type=product&#038;p=16097"},"modified":"2026-05-16T19:25:51","modified_gmt":"2026-05-16T16:25:51","slug":"norma-calisma-lambasi-kare-16-led-48w-nr161716","status":"publish","type":"product","link":"https:\/\/ceoparts.com\/fr\/urun\/norma-calisma-lambasi-kare-16-led-48w-nr161716\/","title":{"rendered":"Lampe de Bureau Norma Carr\u00e9 16 LED 9-80V 48W &#8211; NR161716"},"content":{"rendered":"<p>Lampe de Bureau Norma Carr\u00e9 16 LED 9-80V 48W &#8211; NR161716<\/p>","protected":false},"excerpt":{"rendered":"<p data-start=\"2569\" data-end=\"2967\">La <strong data-start=\"2572\" data-end=\"2605\">Lampe de travail carr\u00e9e Norma<\/strong> offre une illumination puissante et large gr\u00e2ce \u00e0 ses 16 LED haute performance. Fonctionnant sur une large plage de tension de 9-80V, cette lampe consomme 48 watts, garantissant une bonne efficacit\u00e9 \u00e9nerg\u00e9tique. Son design carr\u00e9 permet diverses options de montage. Solution id\u00e9ale pour l\u2019industrie, les ateliers, les chariots \u00e9l\u00e9vateurs et les machines lourdes.<\/p>\n<p data-start=\"2969\" data-end=\"2993\"><strong data-start=\"2969\" data-end=\"2991\">Caract\u00e9ristiques :<\/strong><\/p>\n<ul data-start=\"2994\" data-end=\"3178\">\n<li data-start=\"2994\" data-end=\"3013\">\n<p data-start=\"2996\" data-end=\"3013\">Tension : 9-80V<\/p>\n<\/li>\n<li data-start=\"3014\" data-end=\"3033\">\n<p data-start=\"3016\" data-end=\"3033\">Puissance : 48W<\/p>\n<\/li>\n<li data-start=\"3034\" data-end=\"3078\">\n<p data-start=\"3036\" data-end=\"3078\">Nombre de LED : 16 LED haute performance<\/p>\n<\/li>\n<li data-start=\"3079\" data-end=\"3104\">\n<p data-start=\"3081\" data-end=\"3104\">Design : forme carr\u00e9e<\/p>\n<\/li>\n<li data-start=\"3105\" data-end=\"3136\">\n<p data-start=\"3107\" data-end=\"3136\">\u00c9clairage large et puissant<\/p>\n<\/li>\n<li data-start=\"3137\" data-end=\"3159\">\n<p data-start=\"3139\" data-end=\"3159\">Durable et robuste<\/p>\n<\/li>\n<li data-start=\"3160\" data-end=\"3178\">\n<p data-start=\"3162\" data-end=\"3178\">Montage facile<\/p>\n<\/li>\n<\/ul>\n","protected":false},"featured_media":16707,"template":"","meta":[],"product_brand":[],"product_cat":[251,463,518],"product_tag":[],"class_list":{"0":"post-16097","1":"product","2":"type-product","3":"status-publish","4":"has-post-thumbnail","6":"product_cat-bt","7":"product_cat-aydinlatma-grubu","8":"product_cat-yedek-parca-bt","10":"first","11":"instock","12":"taxable","13":"shipping-taxable","14":"purchasable","15":"product-type-simple"},"_links":{"self":[{"href":"https:\/\/ceoparts.com\/fr\/wp-json\/wp\/v2\/product\/16097","targetHints":{"allow":["GET"]}}],"collection":[{"href":"https:\/\/ceoparts.com\/fr\/wp-json\/wp\/v2\/product"}],"about":[{"href":"https:\/\/ceoparts.com\/fr\/wp-json\/wp\/v2\/types\/product"}],"wp:featuredmedia":[{"embeddable":true,"href":"https:\/\/ceoparts.com\/fr\/wp-json\/wp\/v2\/media\/16707"}],"wp:attachment":[{"href":"https:\/\/ceoparts.com\/fr\/wp-json\/wp\/v2\/media?parent=16097"}],"wp:term":[{"taxonomy":"product_brand","embeddable":true,"href":"https:\/\/ceoparts.com\/fr\/wp-json\/wp\/v2\/product_brand?post=16097"},{"taxonomy":"product_cat","embeddable":true,"href":"https:\/\/ceoparts.com\/fr\/wp-json\/wp\/v2\/product_cat?post=16097"},{"taxonomy":"product_tag","embeddable":true,"href":"https:\/\/ceoparts.com\/fr\/wp-json\/wp\/v2\/product_tag?post=16097"}],"curies":[{"name":"wp","href":"https:\/\/api.w.org\/{rel}","templated":true}]}}