{"id":16107,"date":"2025-03-19T13:10:37","date_gmt":"2025-03-19T10:10:37","guid":{"rendered":"https:\/\/ceoparts.com\/?post_type=product&#038;p=16107"},"modified":"2026-05-16T22:11:38","modified_gmt":"2026-05-16T19:11:38","slug":"230x70-45-53-blickle-yuruyus-tekeri-50460101","status":"publish","type":"product","link":"https:\/\/ceoparts.com\/fr\/urun\/230x70-45-53-blickle-yuruyus-tekeri-50460101\/","title":{"rendered":"230&#215;70\/45 5+3 Blickle Roue de Marche &#8211; 50460101"},"content":{"rendered":"<p>230&#215;70\/45 5+3 Blickle Roue de Marche &#8211; 50460101<\/p>\n<p>Jungheinrich 63210590, 50030951, 50020215, , 51031747, 50019779, 50460103, 50023635, 50023644, 51427796<\/p>\n<p>&nbsp;<\/p>\n<table border=\"0\" width=\"221\" cellspacing=\"0\" cellpadding=\"0\">\n<colgroup>\n<col width=\"221\" \/><\/colgroup>\n<tbody>\n<tr>\n<td class=\"xl65\" width=\"221\" height=\"19\">ECE 116<\/td>\n<\/tr>\n<tr>\n<td class=\"xl65\" height=\"19\">EJB 14\/16<\/td>\n<\/tr>\n<tr>\n<td class=\"xl65\" height=\"19\">EJB 25\/35 (MMC)<\/td>\n<\/tr>\n<tr>\n<td class=\"xl65\" height=\"19\">EJC 10\/12<\/td>\n<\/tr>\n<tr>\n<td class=\"xl65\" height=\"19\">EJC 110\/112<\/td>\n<\/tr>\n<tr>\n<td class=\"xl65\" height=\"19\">EJC 110\/112 (Qingpu)<\/td>\n<\/tr>\n<tr>\n<td class=\"xl65\" height=\"19\">EJC 110\/112\/212<\/td>\n<\/tr>\n<tr>\n<td class=\"xl65\" height=\"19\">EJC 110n\/112n<\/td>\n<\/tr>\n<tr>\n<td class=\"xl65\" height=\"19\">EJC 112 RK<\/td>\n<\/tr>\n<tr>\n<td class=\"xl65\" height=\"19\">EJC 112n (NICHIYU)<\/td>\n<\/tr>\n<tr>\n<td class=\"xl65\" height=\"19\">EJC 112Z<\/td>\n<\/tr>\n<tr>\n<td class=\"xl65\" height=\"19\">EJC 12 C<\/td>\n<\/tr>\n<tr>\n<td class=\"xl65\" height=\"19\">EJC 12-16<\/td>\n<\/tr>\n<tr>\n<td class=\"xl65\" height=\"19\">EJC 14\/16<\/td>\n<\/tr>\n<tr>\n<td class=\"xl65\" height=\"19\">EJC 20\/25<\/td>\n<\/tr>\n<tr>\n<td class=\"xl65\" height=\"19\">EJC 212 &#8211; 216<\/td>\n<\/tr>\n<tr>\n<td class=\"xl65\" height=\"19\">EJC 212 \/ 214 \/ 216<\/td>\n<\/tr>\n<tr>\n<td class=\"xl65\" height=\"19\">EJC 212z \/ 214z \/ 216z<\/td>\n<\/tr>\n<tr>\n<td class=\"xl65\" height=\"19\">EJC 214 \/ 216<\/td>\n<\/tr>\n<tr>\n<td class=\"xl65\" height=\"19\">EJC 214 \/ 216 (BR)<\/td>\n<\/tr>\n<tr>\n<td class=\"xl65\" height=\"19\">EJC 214 \/ 216 (US)<\/td>\n<\/tr>\n<tr>\n<td class=\"xl65\" height=\"19\">EJC 214-\/216z (US)<\/td>\n<\/tr>\n<tr>\n<td class=\"xl65\" height=\"19\">EJC 220<\/td>\n<\/tr>\n<tr>\n<td class=\"xl65\" height=\"19\">EJC 220 (US)<\/td>\n<\/tr>\n<tr>\n<td class=\"xl65\" height=\"19\">EJC B12\/14\/16<\/td>\n<\/tr>\n<tr>\n<td class=\"xl65\" height=\"19\">EJC B12\/14\/16 (USA)<\/td>\n<\/tr>\n<tr>\n<td class=\"xl65\" height=\"19\">EJC B14\/B16<\/td>\n<\/tr>\n<tr>\n<td class=\"xl65\" height=\"19\">EJC B14\/B16 (US)<\/td>\n<\/tr>\n<tr>\n<td class=\"xl65\" height=\"19\">EJC B20<\/td>\n<\/tr>\n<tr>\n<td class=\"xl65\" height=\"19\">EJC B20 (US)<\/td>\n<\/tr>\n<tr>\n<td class=\"xl65\" height=\"19\">EJC B25 \/B35<\/td>\n<\/tr>\n<tr>\n<td class=\"xl65\" height=\"19\">EJC Z14\/Z16<\/td>\n<\/tr>\n<tr>\n<td class=\"xl65\" height=\"19\">EJC-20\/25<\/td>\n<\/tr>\n<tr>\n<td class=\"xl65\" height=\"19\">EJC-Z 12,5\/16<\/td>\n<\/tr>\n<tr>\n<td class=\"xl65\" height=\"19\">EJC-Z 14\/16<\/td>\n<\/tr>\n<tr>\n<td class=\"xl65\" height=\"19\">EJD \/ EMD 118<\/td>\n<\/tr>\n<tr>\n<td class=\"xl65\" height=\"19\">EJD 20-3<\/td>\n<\/tr>\n<tr>\n<td class=\"xl65\" height=\"19\">EJD 20-3 XL<\/td>\n<\/tr>\n<tr>\n<td class=\"xl65\" height=\"19\">EJD 220<\/td>\n<\/tr>\n<tr>\n<td class=\"xl65\" height=\"19\">EJD K18<\/td>\n<\/tr>\n<tr>\n<td class=\"xl65\" height=\"19\">EJE 112i<\/td>\n<\/tr>\n<tr>\n<td class=\"xl65\" height=\"19\">EJE 112I \/ 114I<\/td>\n<\/tr>\n<tr>\n<td class=\"xl65\" height=\"19\">EJE 116\/118\/120<\/td>\n<\/tr>\n<tr>\n<td class=\"xl65\" height=\"19\">EJE 116\/118\/120 (USA)<\/td>\n<\/tr>\n<tr>\n<td class=\"xl65\" height=\"19\">EJE 116\/120 (Qingpu)<\/td>\n<\/tr>\n<tr>\n<td class=\"xl65\" height=\"19\">EJE 116n\/120n<\/td>\n<\/tr>\n<tr>\n<td class=\"xl65\" height=\"19\">EJE 120n (NICHIYU)<\/td>\n<\/tr>\n<tr>\n<td class=\"xl65\" height=\"19\">EJE 135\/145<\/td>\n<\/tr>\n<tr>\n<td class=\"xl65\" height=\"19\">EJE 220\/222\/225\/ 220r\/222r<\/td>\n<\/tr>\n<tr>\n<td class=\"xl65\" height=\"19\">EJE 220\/225<\/td>\n<\/tr>\n<tr>\n<td class=\"xl65\" height=\"19\">EJE 220\/225 (USA)<\/td>\n<\/tr>\n<tr>\n<td class=\"xl65\" height=\"19\">EJE 220r\/222r<\/td>\n<\/tr>\n<tr>\n<td class=\"xl65\" height=\"19\">EJE 220r\/225r<\/td>\n<\/tr>\n<tr>\n<td class=\"xl65\" height=\"19\">EJE 220X \/ EFG BR 2\/3<\/td>\n<\/tr>\n<tr>\n<td class=\"xl65\" height=\"19\">EJE 225 (USA)<\/td>\n<\/tr>\n<tr>\n<td class=\"xl65\" height=\"19\">EJE 230<\/td>\n<\/tr>\n<tr>\n<td class=\"xl65\" height=\"19\">EJE 235<\/td>\n<\/tr>\n<tr>\n<td class=\"xl65\" height=\"19\">EJE 260 (MMC)<\/td>\n<\/tr>\n<tr>\n<td class=\"xl65\" height=\"19\">EJE 30<\/td>\n<\/tr>\n<tr>\n<td class=\"xl65\" height=\"19\">EJE 60 (MMC)<\/td>\n<\/tr>\n<tr>\n<td class=\"xl65\" height=\"19\">EJE 60 (USA)<\/td>\n<\/tr>\n<tr>\n<td class=\"xl65\" height=\"19\">EJE C20<\/td>\n<\/tr>\n<tr>\n<td class=\"xl65\" height=\"19\">EJE C20 (US)<\/td>\n<\/tr>\n<tr>\n<td class=\"xl65\" height=\"19\">EJE KMS 16<\/td>\n<\/tr>\n<tr>\n<td class=\"xl65\" height=\"19\">EJE\/-R 18-24<\/td>\n<\/tr>\n<tr>\n<td class=\"xl65\" height=\"19\">EJE\/-R 20-24<\/td>\n<\/tr>\n<tr>\n<td class=\"xl65\" height=\"19\">EJE\/-R 20-25<\/td>\n<\/tr>\n<tr>\n<td class=\"xl65\" height=\"19\">EJG 06-10<\/td>\n<\/tr>\n<tr>\n<td class=\"xl65\" height=\"19\">EJG 06-10 (PR)<\/td>\n<\/tr>\n<tr>\n<td class=\"xl65\" height=\"19\">EJG 106-112<\/td>\n<\/tr>\n<tr>\n<td class=\"xl65\" height=\"19\">EJR 120n<\/td>\n<\/tr>\n<tr>\n<td class=\"xl65\" height=\"19\">EJR 120n (NICHIYU)<\/td>\n<\/tr>\n<tr>\n<td class=\"xl65\" height=\"19\">EJZ 30 F<\/td>\n<\/tr>\n<tr>\n<td class=\"xl65\" height=\"19\">ELE 16-20 ac<\/td>\n<\/tr>\n<tr>\n<td class=\"xl65\" height=\"19\">ELE 45 AC (MMC)<\/td>\n<\/tr>\n<tr>\n<td class=\"xl65\" height=\"19\">EMC 110<\/td>\n<\/tr>\n<tr>\n<td class=\"xl65\" height=\"19\">EMC 110 (2SF2200)<\/td>\n<\/tr>\n<tr>\n<td class=\"xl65\" height=\"19\">EMC 110 (US)<\/td>\n<\/tr>\n<tr>\n<td class=\"xl65\" height=\"19\">EMC 110 RK<\/td>\n<\/tr>\n<tr>\n<td class=\"xl65\" height=\"19\">EMC 110\/B10<\/td>\n<\/tr>\n<tr>\n<td class=\"xl65\" height=\"19\">EMC 110\/B10 US<\/td>\n<\/tr>\n<tr>\n<td class=\"xl65\" height=\"19\">EMC B10<\/td>\n<\/tr>\n<tr>\n<td class=\"xl65\" height=\"19\">EMC B10 (2SS2200)<\/td>\n<\/tr>\n<tr>\n<td class=\"xl65\" height=\"19\">EMC B10 (US)<\/td>\n<\/tr>\n<tr>\n<td class=\"xl65\" height=\"19\">EMD 115i<\/td>\n<\/tr>\n<tr>\n<td class=\"xl65\" height=\"19\">ERE 120 \/ 125 \/ 225<\/td>\n<\/tr>\n<tr>\n<td class=\"xl65\" height=\"19\">EZS 010<\/td>\n<\/tr>\n<\/tbody>\n<\/table>","protected":false},"excerpt":{"rendered":"<p data-start=\"2616\" data-end=\"2976\">La <strong data-start=\"2619\" data-end=\"2657\">Roue motrice Blickle 230\u00d770\/45-5+3<\/strong> est une roue durable et performante utilis\u00e9e sur les chariots \u00e9l\u00e9vateurs et v\u00e9hicules industriels. Son rev\u00eatement en polyur\u00e9thane prot\u00e8ge le sol, assure un fonctionnement silencieux et une longue dur\u00e9e de vie. Le design de jante 5+3 offre robustesse et stabilit\u00e9 accrues. Convient aux conditions de travail difficiles.<\/p>\n<p data-start=\"2978\" data-end=\"3002\"><strong data-start=\"2978\" data-end=\"3000\">Caract\u00e9ristiques :<\/strong><\/p>\n<ul data-start=\"3003\" data-end=\"3267\">\n<li data-start=\"3003\" data-end=\"3033\">\n<p data-start=\"3005\" data-end=\"3033\">Dimensions : 230\u00d770\/45-5+3<\/p>\n<\/li>\n<li data-start=\"3034\" data-end=\"3054\">\n<p data-start=\"3036\" data-end=\"3054\">Marque : Blickle<\/p>\n<\/li>\n<li data-start=\"3055\" data-end=\"3104\">\n<p data-start=\"3057\" data-end=\"3104\">Usage : roue motrice pour chariots \u00e9l\u00e9vateurs<\/p>\n<\/li>\n<li data-start=\"3105\" data-end=\"3155\">\n<p data-start=\"3107\" data-end=\"3155\">Rev\u00eatement polyur\u00e9thane pour protection du sol<\/p>\n<\/li>\n<li data-start=\"3156\" data-end=\"3185\">\n<p data-start=\"3158\" data-end=\"3185\">Fonctionnement silencieux<\/p>\n<\/li>\n<li data-start=\"3186\" data-end=\"3223\">\n<p data-start=\"3188\" data-end=\"3223\">Jante 5+3 pour plus de robustesse<\/p>\n<\/li>\n<li data-start=\"3224\" data-end=\"3267\">\n<p data-start=\"3226\" data-end=\"3267\">Haute durabilit\u00e9 et longue dur\u00e9e de vie<\/p>\n<\/li>\n<\/ul>\n","protected":false},"featured_media":16108,"template":"","meta":[],"product_brand":[],"product_cat":[236,239,503,193],"product_tag":[],"class_list":{"0":"post-16107","1":"product","2":"type-product","3":"status-publish","4":"has-post-thumbnail","6":"product_cat-jungheinrich","7":"product_cat-yuruyus-tekeri-jungheinrich","8":"product_cat-yuruyus-tekeri-blickle","9":"product_cat-yuruyus-tekeri","11":"first","12":"instock","13":"taxable","14":"shipping-taxable","15":"purchasable","16":"product-type-simple"},"_links":{"self":[{"href":"https:\/\/ceoparts.com\/fr\/wp-json\/wp\/v2\/product\/16107","targetHints":{"allow":["GET"]}}],"collection":[{"href":"https:\/\/ceoparts.com\/fr\/wp-json\/wp\/v2\/product"}],"about":[{"href":"https:\/\/ceoparts.com\/fr\/wp-json\/wp\/v2\/types\/product"}],"wp:featuredmedia":[{"embeddable":true,"href":"https:\/\/ceoparts.com\/fr\/wp-json\/wp\/v2\/media\/16108"}],"wp:attachment":[{"href":"https:\/\/ceoparts.com\/fr\/wp-json\/wp\/v2\/media?parent=16107"}],"wp:term":[{"taxonomy":"product_brand","embeddable":true,"href":"https:\/\/ceoparts.com\/fr\/wp-json\/wp\/v2\/product_brand?post=16107"},{"taxonomy":"product_cat","embeddable":true,"href":"https:\/\/ceoparts.com\/fr\/wp-json\/wp\/v2\/product_cat?post=16107"},{"taxonomy":"product_tag","embeddable":true,"href":"https:\/\/ceoparts.com\/fr\/wp-json\/wp\/v2\/product_tag?post=16107"}],"curies":[{"name":"wp","href":"https:\/\/api.w.org\/{rel}","templated":true}]}}