{"id":16124,"date":"2025-03-19T14:38:41","date_gmt":"2025-03-19T11:38:41","guid":{"rendered":"https:\/\/ceoparts.com\/?post_type=product&#038;p=16124"},"modified":"2026-05-16T11:50:41","modified_gmt":"2026-05-16T08:50:41","slug":"250x100-80-5-blickle-yuruyus-tekeri-4493241","status":"publish","type":"product","link":"https:\/\/ceoparts.com\/fr\/urun\/250x100-80-5-blickle-yuruyus-tekeri-4493241\/","title":{"rendered":"\u041a\u043e\u043b\u0435\u0441\u043e \u043f\u043e\u0432\u043e\u0440\u043e\u0442\u043d\u043e\u0435 Blickle 250&#215;100\/80-5 &#8211; 4493241"},"content":{"rendered":"<p>\u041a\u043e\u043b\u0435\u0441\u043e \u043f\u043e\u0432\u043e\u0440\u043e\u0442\u043d\u043e\u0435 Blickle 250&#215;100\/80-5 &#8211; 4493241<\/p>\n<p><span class=\"short_text\" lang=\"en\"><span class=\"hps\" title=\"Kliknij, aby wy\u015bwietli\u0107 alternatywne t\u0142umaczenia\">4493241 Still, 0009903813 Linde, 95325503 Pimespo 428367,4494575, 8428367<\/span><\/span><\/p>\n<p><span class=\"short_text\" lang=\"en\"><span class=\"hps\" title=\"Kliknij, aby wy\u015bwietli\u0107 alternatywne t\u0142umaczenia\">250&#215;100 5&#215;18<\/span><\/span><\/p>\n<p><span class=\"short_text\" lang=\"en\"><span class=\"hps\" title=\"Kliknij, aby wy\u015bwietli\u0107 alternatywne t\u0142umaczenia\">CS 10M\/711041\/06-06<br \/>\nCS 16S\/711042\/06-06<br \/>\nCS 20\/711040\/06-06<br \/>\nCS 30Z\/711043\/06-06<br \/>\nCX-T\/711050\/01-08<br \/>\nCX20\/711044\/01-07<br \/>\nCXM 10\/711045\/01-07<br \/>\nCXS 16\/711046\/01-07<br \/>\nCXZ 30\/711047\/01-07<br \/>\nEXD S20\/710249\/01-07<br \/>\nEXU-S\/710148-710149\/01-07<\/span><\/span><\/p>","protected":false},"excerpt":{"rendered":"<p data-start=\"2246\" data-end=\"2552\">La <strong data-start=\"2249\" data-end=\"2286\">Roue motrice Blickle 250&#215;100\/80-5<\/strong> est une roue durable et fiable con\u00e7ue pour les chariots \u00e9l\u00e9vateurs et les \u00e9quipements industriels. Fabriqu\u00e9e par Blickle, elle garantit une longue dur\u00e9e de vie. Son rev\u00eatement en polyur\u00e9thane prot\u00e8ge le sol, assure un fonctionnement silencieux et r\u00e9siste \u00e0 l\u2019usure.<\/p>\n<p data-start=\"2554\" data-end=\"2578\"><strong data-start=\"2554\" data-end=\"2576\">Caract\u00e9ristiques :<\/strong><\/p>\n<ul data-start=\"2579\" data-end=\"2799\">\n<li data-start=\"2579\" data-end=\"2608\">\n<p data-start=\"2581\" data-end=\"2608\">Dimensions : 250&#215;100\/80-5<\/p>\n<\/li>\n<li data-start=\"2609\" data-end=\"2629\">\n<p data-start=\"2611\" data-end=\"2629\">Marque : Blickle<\/p>\n<\/li>\n<li data-start=\"2630\" data-end=\"2679\">\n<p data-start=\"2632\" data-end=\"2679\">Usage : roue motrice pour chariots \u00e9l\u00e9vateurs<\/p>\n<\/li>\n<li data-start=\"2680\" data-end=\"2723\">\n<p data-start=\"2682\" data-end=\"2723\">Rev\u00eatement polyur\u00e9thane pour durabilit\u00e9<\/p>\n<\/li>\n<li data-start=\"2724\" data-end=\"2774\">\n<p data-start=\"2726\" data-end=\"2774\">Fonctionnement silencieux et protection du sol<\/p>\n<\/li>\n<li data-start=\"2775\" data-end=\"2799\">\n<p data-start=\"2777\" data-end=\"2799\">R\u00e9sistance \u00e0 l\u2019usure<\/p>\n<\/li>\n<\/ul>\n","protected":false},"featured_media":16125,"template":"","meta":[],"product_brand":[],"product_cat":[503,241,244,246,249,193],"product_tag":[],"class_list":{"0":"post-16124","1":"product","2":"type-product","3":"status-publish","4":"has-post-thumbnail","6":"product_cat-yuruyus-tekeri-blickle","7":"product_cat-still","8":"product_cat-yuruyus-tekeri-still","9":"product_cat-linde","10":"product_cat-yuruyus-tekeri-linde","11":"product_cat-yuruyus-tekeri","13":"first","14":"instock","15":"taxable","16":"shipping-taxable","17":"purchasable","18":"product-type-simple"},"_links":{"self":[{"href":"https:\/\/ceoparts.com\/fr\/wp-json\/wp\/v2\/product\/16124","targetHints":{"allow":["GET"]}}],"collection":[{"href":"https:\/\/ceoparts.com\/fr\/wp-json\/wp\/v2\/product"}],"about":[{"href":"https:\/\/ceoparts.com\/fr\/wp-json\/wp\/v2\/types\/product"}],"wp:featuredmedia":[{"embeddable":true,"href":"https:\/\/ceoparts.com\/fr\/wp-json\/wp\/v2\/media\/16125"}],"wp:attachment":[{"href":"https:\/\/ceoparts.com\/fr\/wp-json\/wp\/v2\/media?parent=16124"}],"wp:term":[{"taxonomy":"product_brand","embeddable":true,"href":"https:\/\/ceoparts.com\/fr\/wp-json\/wp\/v2\/product_brand?post=16124"},{"taxonomy":"product_cat","embeddable":true,"href":"https:\/\/ceoparts.com\/fr\/wp-json\/wp\/v2\/product_cat?post=16124"},{"taxonomy":"product_tag","embeddable":true,"href":"https:\/\/ceoparts.com\/fr\/wp-json\/wp\/v2\/product_tag?post=16124"}],"curies":[{"name":"wp","href":"https:\/\/api.w.org\/{rel}","templated":true}]}}