{"id":16146,"date":"2025-03-19T17:34:04","date_gmt":"2025-03-19T14:34:04","guid":{"rendered":"https:\/\/ceoparts.com\/?post_type=product&#038;p=16146"},"modified":"2026-05-16T16:34:16","modified_gmt":"2026-05-16T13:34:16","slug":"400x160-80-7b-stellana-yuruyus-tekeri-238970","status":"publish","type":"product","link":"https:\/\/ceoparts.com\/fr\/urun\/400x160-80-7b-stellana-yuruyus-tekeri-238970\/","title":{"rendered":"400&#215;160-80 7B Stellana Roue de Marche &#8211; 238970"},"content":{"rendered":"<p>400&#215;160-80 7B Stellana Roue de Marche &#8211; 238970<\/p>\n<p>BT, Toyota BT 238970\u00a0\u00a0 410&#215;150\/160&#215;80<\/p>\n<p>RRE180 (816)<\/p>\n<p>RRE180 C\/E\u00a0(816)<\/p>\n<p>RRE200 (816)<\/p>\n<p>RRE200 C\/E\u00a0(816)<\/p>\n<p>RRE250 (816)<\/p>\n<p>RRE250 C\/E(816)<\/p>","protected":false},"excerpt":{"rendered":"<p data-start=\"2335\" data-end=\"2589\">La <strong data-start=\"2338\" data-end=\"2377\">Roue Motrice 400\u00d7160-80 7B Stellana<\/strong> est con\u00e7ue pour les syst\u00e8mes d\u2019entra\u00eenement des chariots BT et \u00e9quipements d\u2019entrep\u00f4t. Fabriqu\u00e9e par Stellana, elle offre une r\u00e9sistance exceptionnelle \u00e0 l\u2019usure, aux chocs et \u00e0 la d\u00e9formation sous forte charge.<\/p>\n<p data-start=\"2591\" data-end=\"2615\"><strong data-start=\"2591\" data-end=\"2613\">Caract\u00e9ristiques :<\/strong><\/p>\n<ul data-start=\"2616\" data-end=\"2833\">\n<li data-start=\"2616\" data-end=\"2643\">\n<p data-start=\"2618\" data-end=\"2643\">Dimensions : 400\u00d7160-80<\/p>\n<\/li>\n<li data-start=\"2644\" data-end=\"2696\">\n<p data-start=\"2646\" data-end=\"2696\">Compatible avec BT et autres machines similaires<\/p>\n<\/li>\n<li data-start=\"2697\" data-end=\"2726\">\n<p data-start=\"2699\" data-end=\"2726\">Produit original Stellana<\/p>\n<\/li>\n<li data-start=\"2727\" data-end=\"2757\">\n<p data-start=\"2729\" data-end=\"2757\">Silencieuse et sans traces<\/p>\n<\/li>\n<li data-start=\"2758\" data-end=\"2803\">\n<p data-start=\"2760\" data-end=\"2803\">Haute r\u00e9sistance \u00e0 l\u2019usure et aux impacts<\/p>\n<\/li>\n<li data-start=\"2804\" data-end=\"2833\">\n<p data-start=\"2806\" data-end=\"2833\">Grande capacit\u00e9 de charge<\/p>\n<\/li>\n<\/ul>\n","protected":false},"featured_media":16151,"template":"","meta":[],"product_brand":[],"product_cat":[251,254,416,418,521,529,193],"product_tag":[],"class_list":{"0":"post-16146","1":"product","2":"type-product","3":"status-publish","4":"has-post-thumbnail","6":"product_cat-bt","7":"product_cat-yuruyus-tekeri-bt","8":"product_cat-stellana","9":"product_cat-yuruyus-tekeri-stellana","10":"product_cat-toyota","11":"product_cat-yuruyus-tekeri-toyota","12":"product_cat-yuruyus-tekeri","14":"first","15":"instock","16":"taxable","17":"shipping-taxable","18":"purchasable","19":"product-type-simple"},"_links":{"self":[{"href":"https:\/\/ceoparts.com\/fr\/wp-json\/wp\/v2\/product\/16146","targetHints":{"allow":["GET"]}}],"collection":[{"href":"https:\/\/ceoparts.com\/fr\/wp-json\/wp\/v2\/product"}],"about":[{"href":"https:\/\/ceoparts.com\/fr\/wp-json\/wp\/v2\/types\/product"}],"wp:featuredmedia":[{"embeddable":true,"href":"https:\/\/ceoparts.com\/fr\/wp-json\/wp\/v2\/media\/16151"}],"wp:attachment":[{"href":"https:\/\/ceoparts.com\/fr\/wp-json\/wp\/v2\/media?parent=16146"}],"wp:term":[{"taxonomy":"product_brand","embeddable":true,"href":"https:\/\/ceoparts.com\/fr\/wp-json\/wp\/v2\/product_brand?post=16146"},{"taxonomy":"product_cat","embeddable":true,"href":"https:\/\/ceoparts.com\/fr\/wp-json\/wp\/v2\/product_cat?post=16146"},{"taxonomy":"product_tag","embeddable":true,"href":"https:\/\/ceoparts.com\/fr\/wp-json\/wp\/v2\/product_tag?post=16146"}],"curies":[{"name":"wp","href":"https:\/\/api.w.org\/{rel}","templated":true}]}}