{"id":16169,"date":"2025-03-20T10:04:22","date_gmt":"2025-03-20T07:04:22","guid":{"rendered":"https:\/\/ceoparts.com\/?post_type=product&#038;p=16169"},"modified":"2026-05-16T15:03:45","modified_gmt":"2026-05-16T12:03:45","slug":"343x140-90-stellana-yuruyus-tekeri-50429920-51331334","status":"publish","type":"product","link":"https:\/\/ceoparts.com\/fr\/urun\/343x140-90-stellana-yuruyus-tekeri-50429920-51331334\/","title":{"rendered":"343\u00d7140-90 Stellana Roue de Marche \u2013 50429920, 51331334"},"content":{"rendered":"<p>343\u00d7140-90 Stellana Roue de Marche \u2013 50429920, 51331334<\/p>\n<table border=\"0\" frame=\"void\" rules=\"none\" cellspacing=\"0\">\n<colgroup>\n<col width=\"226\" \/>\n<col width=\"86\" \/><\/colgroup>\n<tbody>\n<tr>\n<td align=\"left\" width=\"226\" height=\"17\">ETM\/V 214\/216<\/td>\n<td align=\"left\" width=\"86\">12.03 &#8211;<\/td>\n<\/tr>\n<tr>\n<td align=\"left\" height=\"17\">ETM\/V 320\/325<\/td>\n<td align=\"left\">12.04 &#8211;<\/td>\n<\/tr>\n<tr>\n<td align=\"left\" height=\"17\">ETVQ 20\/25<\/td>\n<td align=\"left\">9.10 &#8211;<\/td>\n<\/tr>\n<tr>\n<td align=\"left\" height=\"17\">ESE 533<\/td>\n<td align=\"left\">3.10 &#8211;<\/td>\n<\/tr>\n<tr>\n<td align=\"left\" height=\"17\">ETM\/V 214\/216 (US)<\/td>\n<td align=\"left\">1.11 &#8211;<\/td>\n<\/tr>\n<tr>\n<td align=\"left\" height=\"17\">ETM\/V 320\/325 (US)<\/td>\n<td align=\"left\">1.11 &#8211;<\/td>\n<\/tr>\n<tr>\n<td align=\"left\" height=\"17\">ETVQ 20\/25 (US)<\/td>\n<td align=\"left\">1.11 &#8211;<\/td>\n<\/tr>\n<\/tbody>\n<\/table>","protected":false},"excerpt":{"rendered":"<p data-start=\"2468\" data-end=\"2745\">La <strong data-start=\"2471\" data-end=\"2507\">Roue Motrice Stellana 343\u00d7140-90<\/strong> est con\u00e7ue pour les chariots \u00e9l\u00e9vateurs et \u00e9quipements de magasinage, offrant une capacit\u00e9 de charge \u00e9lev\u00e9e et une grande maniabilit\u00e9. Son rev\u00eatement en polyur\u00e9thane assure un fonctionnement silencieux, sans trace et r\u00e9sistant aux chocs.<\/p>\n<p data-start=\"2747\" data-end=\"2771\"><strong data-start=\"2747\" data-end=\"2769\">Caract\u00e9ristiques :<\/strong><\/p>\n<ul data-start=\"2772\" data-end=\"3015\">\n<li data-start=\"2772\" data-end=\"2799\">\n<p data-start=\"2774\" data-end=\"2799\">Dimensions : 343\u00d7140-90<\/p>\n<\/li>\n<li data-start=\"2800\" data-end=\"2835\">\n<p data-start=\"2802\" data-end=\"2835\">R\u00e9f\u00e9rences : 50429920, 51331334<\/p>\n<\/li>\n<li data-start=\"2836\" data-end=\"2865\">\n<p data-start=\"2838\" data-end=\"2865\">Produit original Stellana<\/p>\n<\/li>\n<li data-start=\"2866\" data-end=\"2923\">\n<p data-start=\"2868\" data-end=\"2923\">R\u00e9sistant \u00e0 l\u2019usure, aux chocs et aux charges lourdes<\/p>\n<\/li>\n<li data-start=\"2924\" data-end=\"2962\">\n<p data-start=\"2926\" data-end=\"2962\">Silencieux et respectueux des sols<\/p>\n<\/li>\n<li data-start=\"2963\" data-end=\"3015\">\n<p data-start=\"2965\" data-end=\"3015\">Pour chariots \u00e9l\u00e9vateurs et mat\u00e9riels de magasin<\/p>\n<\/li>\n<\/ul>\n<p>&nbsp;<\/p>\n","protected":false},"featured_media":16171,"template":"","meta":[],"product_brand":[],"product_cat":[416,418,193],"product_tag":[],"class_list":{"0":"post-16169","1":"product","2":"type-product","3":"status-publish","4":"has-post-thumbnail","6":"product_cat-stellana","7":"product_cat-yuruyus-tekeri-stellana","8":"product_cat-yuruyus-tekeri","10":"first","11":"instock","12":"taxable","13":"shipping-taxable","14":"purchasable","15":"product-type-simple"},"_links":{"self":[{"href":"https:\/\/ceoparts.com\/fr\/wp-json\/wp\/v2\/product\/16169","targetHints":{"allow":["GET"]}}],"collection":[{"href":"https:\/\/ceoparts.com\/fr\/wp-json\/wp\/v2\/product"}],"about":[{"href":"https:\/\/ceoparts.com\/fr\/wp-json\/wp\/v2\/types\/product"}],"wp:featuredmedia":[{"embeddable":true,"href":"https:\/\/ceoparts.com\/fr\/wp-json\/wp\/v2\/media\/16171"}],"wp:attachment":[{"href":"https:\/\/ceoparts.com\/fr\/wp-json\/wp\/v2\/media?parent=16169"}],"wp:term":[{"taxonomy":"product_brand","embeddable":true,"href":"https:\/\/ceoparts.com\/fr\/wp-json\/wp\/v2\/product_brand?post=16169"},{"taxonomy":"product_cat","embeddable":true,"href":"https:\/\/ceoparts.com\/fr\/wp-json\/wp\/v2\/product_cat?post=16169"},{"taxonomy":"product_tag","embeddable":true,"href":"https:\/\/ceoparts.com\/fr\/wp-json\/wp\/v2\/product_tag?post=16169"}],"curies":[{"name":"wp","href":"https:\/\/api.w.org\/{rel}","templated":true}]}}